{"id":3124,"date":"2025-10-27T11:17:52","date_gmt":"2025-10-27T10:17:52","guid":{"rendered":"https:\/\/jobs.a1.com\/?page_id=3124"},"modified":"2026-03-16T13:43:12","modified_gmt":"2026-03-16T12:43:12","slug":"flexibles-arbeiten","status":"publish","type":"page","link":"https:\/\/jobs.a1.com\/de\/flexibles-arbeiten\/","title":{"rendered":"Flexibles Arbeiten"},"content":{"rendered":"<div\n\tclass=\"scroll-my-24 overflow-x-clip flow-root\"\n\t>\n\t<div class=\"grid grid-rows-1 grid-cols-1 gap-8 h-[90vh]\">\n\t<picture\n\t\t\t\t\tclass=\"row-start-1 row-span-1 col-start-1 col-span-1\"\n\t\t\t>\n\t\t<img\n\t\t\tsrc=\"https:\/\/jobs.a1.com\/wp-content\/uploads\/2025\/11\/smiling-businessman-talking-phone-with-client-while-sitting-modern-office-working-laptop-scaled.webp\"\n\t\t\talt=\"\"\n\t\t\tclass=\"w-full object-cover aspect-video object-center size-full object-cover\"\n\t\t\/>\n\t<\/picture>\n\t<div class=\"row-start-1 row-span-1 col-start-1 col-span-1 flex flex-col justify-end block-inset-x overflow-x-clip py-24 sm:py-60\">\n\t\t<div\n\tclass=\"job-search flex flex-col sm:flex-row items-center justify-between gap-14 sm:gap-8 flex-wrap p-30 sm:p-8 rounded-4 sm:rounded-full sm:max-h-fit sm:max-w-6xl w-full mx-auto my-16 text-black bg-white\/75 backdrop-blur-xl shadow-around js-job-search\"\n\tdata-filter-data=\"{&quot;job-category&quot;:{&quot;customer-management&quot;:&quot;Customer Management&quot;,&quot;cyber-security&quot;:&quot;Cyber Security&quot;,&quot;hr&quot;:&quot;HR&quot;,&quot;it&quot;:&quot;IT&quot;,&quot;internal-audit-legal&quot;:&quot;Internal Audit &amp; Legal&quot;,&quot;marketing&quot;:&quot;Marketing&quot;,&quot;other&quot;:&quot;Other&quot;,&quot;project-process-product-management&quot;:&quot;Project-, Process- &amp; Product Management&quot;,&quot;sales&quot;:&quot;Sales&quot;,&quot;supply-chain-logistic-facility-management&quot;:&quot;Supply Chain &amp; Logistic, Facility Management&quot;},&quot;location&quot;:{&quot;austria&quot;:&quot;Austria&quot;,&quot;burgenland&quot;:&quot;Burgenland&quot;,&quot;graz&quot;:&quot;Graz&quot;,&quot;innsbruck&quot;:&quot;Innsbruck&quot;,&quot;klagenfurt-am-w%c3%b6rthersee&quot;:&quot;Klagenfurt am W\\u00f6rthersee&quot;,&quot;k%c3%a4rnten&quot;:&quot;K\\u00e4rnten&quot;,&quot;linz&quot;:&quot;Linz&quot;,&quot;nieder%c3%b6sterreich&quot;:&quot;Nieder\\u00f6sterreich&quot;,&quot;salzburg&quot;:&quot;Salzburg&quot;,&quot;steiermark&quot;:&quot;Steiermark&quot;,&quot;wien&quot;:&quot;Wien&quot;,&quot;wieselburg&quot;:&quot;Wieselburg&quot;,&quot;zell-am-see&quot;:&quot;Zell am See&quot;},&quot;management-level&quot;:{&quot;director&quot;:&quot;Director&quot;,&quot;individual-contributor&quot;:&quot;Individual Contributor&quot;,&quot;manager&quot;:&quot;Manager&quot;},&quot;company&quot;:{&quot;a1-digital-international-gmbh-co-kg&quot;:&quot;A1 Digital International GmbH &amp; Co KG&quot;,&quot;a1-telekom-austria-ag&quot;:&quot;A1 Telekom Austria AG&quot;,&quot;telekom-austria-ag&quot;:&quot;Telekom Austria AG&quot;}}\"\n\tdata-search-page-url=\"https:\/\/jobs.a1.com\/jobs\/?country=austria\"\n\tdata-attributes=\"{&quot;jobSearchCountry&quot;:&quot;austria&quot;,&quot;jobSearchCountryFieldUse&quot;:false,&quot;jobSearchCountries&quot;:[],&quot;jobSearchButtonContent&quot;:&quot;&quot;,&quot;jobSearchButtonIconName&quot;:&quot;chevronRight&quot;}\"\n>\n<\/div>\t<\/div>\n<\/div><\/div>\n\n<div\n\tclass=\"scroll-my-24 overflow-x-clip block-inset-x *:max-w-5xl *:mx-auto flow-root\"\n\t>\n\t<h2\tdata-slug=\"flexibles-arbeiten\"\n\tclass=\"text-balance scroll-m-20 text-display-lg font-serif text-center text-black pt-48 sm:pt-64 pb-32 sm:pb-48\"\n>\n\tFlexibles Arbeiten<\/h2><\/div>\n\n<div\n\tclass=\"scroll-my-24 overflow-x-clip block-inset-x *:max-w-5xl *:mx-auto flow-root\"\n\t>\n\t<p class=\"*:link:underline text-base text-center text-black pb-64 sm:pb-72 md:pb-80\">\n\tModernes  Arbeiten bedeutet f\u00fcr uns, individuelle Bed\u00fcrfnisse zu respektieren &#8211; egal, ob im Headquarter oder an unseren anderen Standorten, ob Early Bird oder\u00a0Langschl\u00e4fer:in.<\/p><\/div>\n\n<div\n\tclass=\"scroll-my-24 overflow-x-clip block-inset-x *:max-w-5xl *:mx-auto flow-root\"\n\t>\n\t<div\tclass=\"outline-red-focus outline-offset-3 is-link:focus:outline-hidden is-link:focus-visible:outline-solid is-link:focus-visible:outline-3 transition-colors group @container text-black rounded-16 text-current\"\n\t>\n\t<div class=\"flex flex-col gap-4 min-h-420\">\n\t\t\n\t\t\n\t\t<div class=\"flex flex-col p-16 sm:p-24 shrink-0 wrap-break-word hyphens-auto px-16 text-center items-center-safe\">\n\t\t\t<svg aria-hidden=\"true\" class=\"size-80 mb-12 text-red-0\" xmlns='http:\/\/www.w3.org\/2000\/svg' width='30' height='30' viewBox='0 0 30 30' fill='none'><path d='M16.016 15.7V5.938H13.36V16.8l4.451 4.452 1.878-1.879-3.673-3.673Z' fill='currentColor'\/><path fill-rule='evenodd' clip-rule='evenodd' d='M30 15c0 8.284-6.716 15-15 15-8.284 0-15-6.716-15-15C0 6.716 6.716 0 15 0c8.284 0 15 6.716 15 15Zm-2.5 0c0 6.904-5.596 12.5-12.5 12.5S2.5 21.904 2.5 15 8.096 2.5 15 2.5 27.5 8.096 27.5 15Z' fill='currentColor'\/><\/svg>\n\t\t\t\t\t\t\t<p class=\"text-title group-is-link:group-hover:underline group-is-link:group-focus-visible:underline underline-offset-2 text-balance\">\n\t\t\t\t\tA1 Flexzeit\t\t\t\t<\/p>\n\t\t\t\n\t\t\t\t\t\t\t<p class=\"text-sm mt-12 text-balance\">\n\t\t\t\t\tUnser Gleitzeit Modell wird definiert durch eine Rahmenzeit von <strong>6 Uhr Fr\u00fch bis 22 Uhr abends.<\/strong> Um eine gute Erreichbarkeit zu gew\u00e4hrleisten, gilt Montag bis Donnerstag eine <strong>Kernzeit von 10 Uhr bis 14 Uhr<\/strong> und am Freitag von 10 Uhr bis 13 Uhr. \u00a0<br>Neben der individuellen Gestaltung innerhalb der Rahmenzeit bietet die A1\u00a0Flexzeit\u00a0auch die <strong>M\u00f6glichkeit sich 3 volle Tage Zeitausgleich<\/strong> zu nehmen.\u00a0\u00a0<br>Zus\u00e4tzliche freie Zeit gewinnen wir durch eine <strong>bezahlte Mittagspause, <\/strong>einen <strong>26. Urlaubstag und freie Tage am 24. und 31. Dezember.\u00a0<\/strong>\t\t\t\t<\/p>\n\t\t\t\n\t\t\t\n\t\t\t\t\t<\/div>\n\t<\/div>\n<\/div><\/div>\n\n<div\n\tclass=\"scroll-my-24 overflow-x-clip block-inset-x *:max-w-5xl *:mx-auto flow-root\"\n\t>\n\t<h2\tdata-slug=\"\"\n\tclass=\"text-balance scroll-m-20 text-statement text-center bg-clip-text text-transparent bg-linear-to-r from-red-0 to-red-p2 pt-32 sm:pt-48 pb-64 sm:pb-72 md:pb-80\"\n>\n\t\u00a0Dank\u202f der A1 Gleitzeit, Teilzeit-Optionen und unserem Mobile Working Angebot arbeiten wir zeitlich und \u00f6rtlich flexibel.\u00a0<\/h2><\/div>\n\n<div\n\tclass=\"scroll-my-24 overflow-x-clip block-inset-x *:max-w-7xl *:mx-auto flow-root\"\n\t>\n\t<div class=\"flex flex-col gap-16 sm:gap-24 sm:grid *:col-end-[span_1]! sm:grid-cols-2 pt-32 sm:pt-48\">\n\t\n<picture\n\t\t\t\t\tclass=\"flex flex-col h-auto w-full\"\n\t\t\t>\n\t\t<img\n\t\t\tsrc=\"https:\/\/jobs.a1.com\/wp-content\/uploads\/2025\/10\/businessman-break-scaled.webp\"\n\t\t\talt=\"\"\n\t\t\tclass=\"w-full object-cover aspect-5-4 object-center\"\n\t\t\/>\n\t<\/picture>\n\n<div class=\"flex flex-col gap-16 items-start justify-center-safe\">\n\t\n<h2\tdata-slug=\"homeoffice-oder-mobile-working\"\n\tclass=\"text-balance scroll-m-20 text-title text-start text-black\"\n>\n\t<strong>Homeoffice oder Mobile Working<\/strong><\/h2>\n\n<p class=\"*:link:underline text-sm text-start text-black\">\n\tAbh\u00e4ngig von der T\u00e4tigkeit bieten wir Homeoffice, oder wie es bei A1 hei\u00dft \u201eMobile Working\u201c, an. Wichtig ist uns dabei, eine Balance von pers\u00f6nlichem Austausch und individueller Gestaltungsm\u00f6glichkeit. Daher haben wir uns f\u00fcr ein 50:50 Modell entschieden \u2013 50% im B\u00fcro und bis zu 50% Mobile Working.<br><strong><br>Und warum \u201eMobile Working\u201c? <\/strong>Du kannst nat\u00fcrlich nicht nur zuhause arbeiten, sondern auch im Caf\u00e9, im Park, in der Bibliothek und Co. Die einzige Bedingung ist: Der Datenschutz muss immer gew\u00e4hrleistet sein.<br><br>Wir statten dich mit Laptop und Smartphone aus. Mit MS Teams kannst du dich ortsunabh\u00e4ngig in dein Meeting einloggen und somit maximale Flexibilit\u00e4t genie\u00dfen.<\/p>\n<\/div>\n<\/div><\/div>\n\n<div\n\tclass=\"scroll-my-24 overflow-x-clip block-inset-x *:max-w-5xl *:mx-auto flow-root\"\n\t>\n\t<div class=\"flex flex-col gap-16 sm:gap-24 sm:grid *:col-end-[span_1]! sm:grid-cols-2 pt-48 sm:pt-64 pb-64 sm:pb-72 md:pb-80\">\n\t\n<div class=\"flex flex-col gap-16 items-start justify-start\">\n\t\n<h2\tdata-slug=\"sabbatical\"\n\tclass=\"text-balance scroll-m-20 text-title text-start text-black\"\n>\n\tSabbatical<\/h2>\n\n<p class=\"*:link:underline text-sm text-start text-black\">\n\tOb Weltreise, Weiterbildung oder ein anderes privates Projekt: Ein Sabbatical gibt dir die M\u00f6glichkeit, deine Vorhaben zu verwirklichen, mehr Zeit mit Familie und Freunden zu verbringen, dich weiterzubilden oder einen ausgedehnten Urlaub zu machen. Die Dauer des Sabbaticals kann zwischen 1 Monat und 6 Jahren betragen.&nbsp;<\/p>\n<\/div>\n\n<picture\n\t\t\t\t\tclass=\"flex flex-col h-auto w-full\"\n\t\t\t>\n\t\t<img\n\t\t\tsrc=\"https:\/\/jobs.a1.com\/wp-content\/uploads\/2025\/11\/1314954339smanjeno.webp\"\n\t\t\talt=\"\"\n\t\t\tclass=\"w-full object-cover aspect-8-9 object-center\"\n\t\t\/>\n\t<\/picture>\n<\/div><\/div>\n\n<div\n\tclass=\"scroll-my-24 overflow-x-clip flow-root\"\n\t>\n\t<h2\tdata-slug=\"xn-du-mchtest-teil-des-a1-teams-werden-4td\"\n\tclass=\"text-balance scroll-m-20 text-title text-center text-black pt-32 sm:pt-48 pb-18 sm:pb-24\"\n>\n\tDu m\u00f6chtest Teil des A1 Teams werden?<\/h2><\/div>\n\n<div\n\tclass=\"scroll-my-24 overflow-x-clip flow-root\"\n\t>\n\t<p class=\"*:link:underline text-base text-center text-black pb-24 sm:pb-32\">\n\t#LearnAndInnovate. Bewirb dich jetzt!\u00a0<\/p><\/div>\n\n<div\n\tclass=\"scroll-my-24 overflow-x-clip block-inset-x flow-root\"\n\t>\n\t<div\n\tclass=\"job-search flex flex-col sm:flex-row items-center justify-between gap-14 sm:gap-8 flex-wrap p-30 sm:p-8 rounded-4 sm:rounded-full sm:max-h-fit sm:max-w-6xl w-full mx-auto my-16 text-black bg-white\/75 backdrop-blur-xl shadow-around js-job-search\"\n\tdata-filter-data=\"{&quot;job-category&quot;:{&quot;customer-management&quot;:&quot;Customer Management&quot;,&quot;cyber-security&quot;:&quot;Cyber Security&quot;,&quot;hr&quot;:&quot;HR&quot;,&quot;it&quot;:&quot;IT&quot;,&quot;internal-audit-legal&quot;:&quot;Internal Audit &amp; Legal&quot;,&quot;marketing&quot;:&quot;Marketing&quot;,&quot;other&quot;:&quot;Other&quot;,&quot;project-process-product-management&quot;:&quot;Project-, Process- &amp; Product Management&quot;,&quot;sales&quot;:&quot;Sales&quot;,&quot;supply-chain-logistic-facility-management&quot;:&quot;Supply Chain &amp; Logistic, Facility Management&quot;},&quot;location&quot;:{&quot;austria&quot;:&quot;Austria&quot;,&quot;burgenland&quot;:&quot;Burgenland&quot;,&quot;graz&quot;:&quot;Graz&quot;,&quot;innsbruck&quot;:&quot;Innsbruck&quot;,&quot;klagenfurt-am-w%c3%b6rthersee&quot;:&quot;Klagenfurt am W\\u00f6rthersee&quot;,&quot;k%c3%a4rnten&quot;:&quot;K\\u00e4rnten&quot;,&quot;linz&quot;:&quot;Linz&quot;,&quot;nieder%c3%b6sterreich&quot;:&quot;Nieder\\u00f6sterreich&quot;,&quot;salzburg&quot;:&quot;Salzburg&quot;,&quot;steiermark&quot;:&quot;Steiermark&quot;,&quot;wien&quot;:&quot;Wien&quot;,&quot;wieselburg&quot;:&quot;Wieselburg&quot;,&quot;zell-am-see&quot;:&quot;Zell am See&quot;},&quot;management-level&quot;:{&quot;director&quot;:&quot;Director&quot;,&quot;individual-contributor&quot;:&quot;Individual Contributor&quot;,&quot;manager&quot;:&quot;Manager&quot;},&quot;company&quot;:{&quot;a1-digital-international-gmbh-co-kg&quot;:&quot;A1 Digital International GmbH &amp; Co KG&quot;,&quot;a1-telekom-austria-ag&quot;:&quot;A1 Telekom Austria AG&quot;,&quot;telekom-austria-ag&quot;:&quot;Telekom Austria AG&quot;}}\"\n\tdata-search-page-url=\"https:\/\/jobs.a1.com\/jobs\/?country=austria\"\n\tdata-attributes=\"{&quot;jobSearchCountry&quot;:&quot;austria&quot;,&quot;jobSearchCountryFieldUse&quot;:false,&quot;jobSearchCountries&quot;:[],&quot;jobSearchButtonContent&quot;:&quot;&quot;,&quot;jobSearchButtonIconName&quot;:&quot;chevronRight&quot;}\"\n>\n<\/div><\/div>\n\n<div\n\tclass=\"scroll-my-24 overflow-x-clip block-inset-x *:max-w-7xl *:mx-auto flow-root\"\n\t>\n\t<div class=\"flex flex-col gap-16 sm:gap-24 sm:grid *:col-end-[span_1]! sm:grid-cols-3 pt-64 sm:pt-72 md:pt-80 pb-70 sm:pb-80 md:pb-96\">\n\t\n<div\tclass=\"outline-red-focus outline-offset-3 is-link:focus:outline-hidden is-link:focus-visible:outline-solid is-link:focus-visible:outline-3 transition-colors group @container overflow-clip relative isolate text-white rounded-16 text-current\"\n\t>\n\t<div class=\"flex flex-col gap-4 h-full justify-end-safe min-h-420\">\n\t\t\t\t\t<div class=\"absolute -z-10 inset-0 bg-linear-to-b from-black\/60 to-black\/25 mix-blend-darken select-none pointer-events-none\"><\/div>\n\t\t\n\t\t<picture\n\t\t\t\t\tclass=\"overflow-clip absolute inset-0 -z-20\"\n\t\t\t>\n\t\t<img\n\t\t\tsrc=\"https:\/\/jobs.a1.com\/wp-content\/uploads\/2025\/11\/iStock-1256861891-scaled.webp\"\n\t\t\talt=\"\"\n\t\t\tclass=\"w-full object-center size-full! group-is-link:group-hover:scale-105 group-is-link:group-focus-visible:scale-105 transition-transform duration-500 aspect-3-2 object-cover\"\n\t\t\/>\n\t<\/picture>\n\t\t<div class=\"flex flex-col p-16 sm:p-24 shrink-0 wrap-break-word hyphens-auto\">\n\t\t\t\n\t\t\t\t\t\t\t<p class=\"text-title group-is-link:group-hover:underline group-is-link:group-focus-visible:underline underline-offset-2 text-balance\">\n\t\t\t\t\t<br>Gemeinsam stark, auch in schwierigen Zeiten\t\t\t\t<\/p>\n\t\t\t\n\t\t\t\n\t\t\t\n\t\t\t\t\t\t\t<div class=\"flex flex-wrap gap-16 mt-auto pt-8\">\n\t\t\t\t\t<a\thref=\"https:\/\/jobs.a1.com\/de\/strength\/\"class=\"flex items-center justify-self-start gap-8 rounded-4 focus-visible:outline-solid focus-visible:outline-3 outline-red-focus outline-offset-3 border-2 transition icon:transition not-disabled:cursor-pointer bg-red-0 border-red-0 text-white hover:bg-red-p1 hover:border-red-p1 active:bg-red-p1 active:border-red-p1 disabled:bg-grey-2 disabled:border-grey-2 disabled:text-grey-1 p-12 px-20 button w-fit mt-12\">\n\t\n\t\t\t<span>Mehr erfahren<\/span>\n\t\n\t<\/a>\t\t\t\t<\/div>\n\t\t\t\t\t<\/div>\n\t<\/div>\n<\/div>\n\n<div\tclass=\"outline-red-focus outline-offset-3 is-link:focus:outline-hidden is-link:focus-visible:outline-solid is-link:focus-visible:outline-3 transition-colors group @container overflow-clip relative isolate text-white rounded-16 text-current\"\n\t>\n\t<div class=\"flex flex-col gap-4 h-full justify-end-safe min-h-420\">\n\t\t\t\t\t<div class=\"absolute -z-10 inset-0 bg-linear-to-b from-black\/60 to-black\/25 mix-blend-darken select-none pointer-events-none\"><\/div>\n\t\t\n\t\t<picture\n\t\t\t\t\tclass=\"overflow-clip absolute inset-0 -z-20\"\n\t\t\t>\n\t\t<img\n\t\t\tsrc=\"https:\/\/jobs.a1.com\/wp-content\/uploads\/2025\/10\/getty-images-qAcAKu1YWAY-unsplash-scaled.webp\"\n\t\t\talt=\"\"\n\t\t\tclass=\"w-full object-center size-full! group-is-link:group-hover:scale-105 group-is-link:group-focus-visible:scale-105 transition-transform duration-500 aspect-3-2 object-cover\"\n\t\t\/>\n\t<\/picture>\n\t\t<div class=\"flex flex-col p-16 sm:p-24 shrink-0 wrap-break-word hyphens-auto\">\n\t\t\t\n\t\t\t\t\t\t\t<h1 class=\"text-title group-is-link:group-hover:underline group-is-link:group-focus-visible:underline underline-offset-2 text-balance\">\n\t\t\t\t\t<br><br><strong>Chancen nutzen, Eigenverantwortung \u00fcbernehmen<\/strong>\t\t\t\t<\/h1>\n\t\t\t\n\t\t\t\n\t\t\t\n\t\t\t\t\t\t\t<div class=\"flex flex-wrap gap-16 mt-auto pt-8\">\n\t\t\t\t\t<a\thref=\"https:\/\/jobs.a1.com\/de\/growth\/\"class=\"flex items-center justify-self-start gap-8 rounded-4 focus-visible:outline-solid focus-visible:outline-3 outline-red-focus outline-offset-3 border-2 transition icon:transition not-disabled:cursor-pointer bg-red-0 border-red-0 text-white hover:bg-red-p1 hover:border-red-p1 active:bg-red-p1 active:border-red-p1 disabled:bg-grey-2 disabled:border-grey-2 disabled:text-grey-1 p-12 px-20 button w-fit mt-12\">\n\t\n\t\t\t<span>Mehr erfahren<\/span>\n\t\n\t<\/a>\t\t\t\t<\/div>\n\t\t\t\t\t<\/div>\n\t<\/div>\n<\/div>\n\n<div\tclass=\"outline-red-focus outline-offset-3 is-link:focus:outline-hidden is-link:focus-visible:outline-solid is-link:focus-visible:outline-3 transition-colors group @container overflow-clip relative isolate text-white rounded-16 text-current\"\n\t>\n\t<div class=\"flex flex-col gap-4 h-full justify-end-safe min-h-420\">\n\t\t\t\t\t<div class=\"absolute -z-10 inset-0 bg-linear-to-b from-black\/60 to-black\/25 mix-blend-darken select-none pointer-events-none\"><\/div>\n\t\t\n\t\t<picture\n\t\t\t\t\tclass=\"overflow-clip absolute inset-0 -z-20\"\n\t\t\t>\n\t\t<img\n\t\t\tsrc=\"https:\/\/jobs.a1.com\/wp-content\/uploads\/2025\/11\/iStock-1475510950-copy-scaled.webp\"\n\t\t\talt=\"\"\n\t\t\tclass=\"w-full object-center size-full! group-is-link:group-hover:scale-105 group-is-link:group-focus-visible:scale-105 transition-transform duration-500 aspect-3-2 object-cover\"\n\t\t\/>\n\t<\/picture>\n\t\t<div class=\"flex flex-col p-16 sm:p-24 shrink-0 wrap-break-word hyphens-auto\">\n\t\t\t\n\t\t\t\t\t\t\t<p class=\"text-title group-is-link:group-hover:underline group-is-link:group-focus-visible:underline underline-offset-2 text-balance\">\n\t\t\t\t\t<br><br><strong>Care that connects \u2013 dich, dein Team und die Welt.<\/strong>\t\t\t\t<\/p>\n\t\t\t\n\t\t\t\n\t\t\t\n\t\t\t\t\t\t\t<div class=\"flex flex-wrap gap-16 mt-auto pt-8\">\n\t\t\t\t\t<a\thref=\"https:\/\/jobs.a1.com\/de\/care\/\"class=\"flex items-center justify-self-start gap-8 rounded-4 focus-visible:outline-solid focus-visible:outline-3 outline-red-focus outline-offset-3 border-2 transition icon:transition not-disabled:cursor-pointer bg-red-0 border-red-0 text-white hover:bg-red-p1 hover:border-red-p1 active:bg-red-p1 active:border-red-p1 disabled:bg-grey-2 disabled:border-grey-2 disabled:text-grey-1 p-12 px-20 button w-fit mt-12\">\n\t\n\t\t\t<span>Mehr erfahren<\/span>\n\t\n\t<\/a>\t\t\t\t<\/div>\n\t\t\t\t\t<\/div>\n\t<\/div>\n<\/div>\n<\/div><\/div>\n\n<div\n\tclass=\"scroll-my-24 overflow-x-clip block-inset-x flow-root\"\n\t>\n\t<div\n\taria-hidden=\"true\"\n\tclass=\"\"\n>\n\t<\/div><\/div>","protected":false},"excerpt":{"rendered":"","protected":false},"author":5,"featured_media":0,"parent":0,"menu_order":0,"comment_status":"closed","ping_status":"closed","template":"","meta":{"es_utils_meta_schema":"","footnotes":""},"departments":[],"class_list":["post-3124","page","type-page","status-publish","hentry"],"yoast_head":"<!-- This site is optimized with the Yoast SEO plugin v27.2 - https:\/\/yoast.com\/product\/yoast-seo-wordpress\/ -->\n<title>Flexibles Arbeiten - A1 Jobs<\/title>\n<meta name=\"robots\" content=\"index, follow, max-snippet:-1, max-image-preview:large, max-video-preview:-1\" \/>\n<link rel=\"canonical\" href=\"https:\/\/jobs.a1.com\/de\/flexibles-arbeiten\/\" \/>\n<meta property=\"og:locale\" content=\"de_DE\" \/>\n<meta property=\"og:type\" content=\"article\" \/>\n<meta property=\"og:title\" content=\"Flexibles Arbeiten - A1 Jobs\" \/>\n<meta property=\"og:url\" content=\"https:\/\/jobs.a1.com\/de\/flexibles-arbeiten\/\" \/>\n<meta property=\"og:site_name\" content=\"A1 Jobs\" \/>\n<meta property=\"article:modified_time\" content=\"2026-03-16T12:43:12+00:00\" \/>\n<meta name=\"twitter:card\" content=\"summary_large_image\" \/>\n<script type=\"application\/ld+json\" class=\"yoast-schema-graph\">{\"@context\":\"https:\/\/schema.org\",\"@graph\":[{\"@type\":\"WebPage\",\"@id\":\"https:\/\/jobs.a1.com\/de\/flexibles-arbeiten\/\",\"url\":\"https:\/\/jobs.a1.com\/de\/flexibles-arbeiten\/\",\"name\":\"Flexibles Arbeiten - A1 Jobs\",\"isPartOf\":{\"@id\":\"https:\/\/jobs.a1.com\/#website\"},\"datePublished\":\"2025-10-27T10:17:52+00:00\",\"dateModified\":\"2026-03-16T12:43:12+00:00\",\"breadcrumb\":{\"@id\":\"https:\/\/jobs.a1.com\/de\/flexibles-arbeiten\/#breadcrumb\"},\"inLanguage\":\"de-DE\",\"potentialAction\":[{\"@type\":\"ReadAction\",\"target\":[\"https:\/\/jobs.a1.com\/de\/flexibles-arbeiten\/\"]}]},{\"@type\":\"BreadcrumbList\",\"@id\":\"https:\/\/jobs.a1.com\/de\/flexibles-arbeiten\/#breadcrumb\",\"itemListElement\":[{\"@type\":\"ListItem\",\"position\":1,\"name\":\"Home\",\"item\":\"https:\/\/jobs.a1.com\/de\/\"},{\"@type\":\"ListItem\",\"position\":2,\"name\":\"Flexibles Arbeiten\"}]},{\"@type\":\"WebSite\",\"@id\":\"https:\/\/jobs.a1.com\/#website\",\"url\":\"https:\/\/jobs.a1.com\/\",\"name\":\"A1 Jobs\",\"description\":\"\",\"publisher\":{\"@id\":\"https:\/\/jobs.a1.com\/#organization\"},\"potentialAction\":[{\"@type\":\"SearchAction\",\"target\":{\"@type\":\"EntryPoint\",\"urlTemplate\":\"https:\/\/jobs.a1.com\/?s={search_term_string}\"},\"query-input\":{\"@type\":\"PropertyValueSpecification\",\"valueRequired\":true,\"valueName\":\"search_term_string\"}}],\"inLanguage\":\"de-DE\"},{\"@type\":\"Organization\",\"@id\":\"https:\/\/jobs.a1.com\/#organization\",\"name\":\"A1 Jobs\",\"url\":\"https:\/\/jobs.a1.com\/\",\"logo\":{\"@type\":\"ImageObject\",\"inLanguage\":\"de-DE\",\"@id\":\"https:\/\/jobs.a1.com\/#\/schema\/logo\/image\/\",\"url\":\"https:\/\/jobs.a1.com\/wp-content\/uploads\/2025\/10\/A1_Logo_Std_Red_Pos_3_L-copy.webp\",\"contentUrl\":\"https:\/\/jobs.a1.com\/wp-content\/uploads\/2025\/10\/A1_Logo_Std_Red_Pos_3_L-copy.webp\",\"width\":934,\"height\":967,\"caption\":\"A1 Jobs\"},\"image\":{\"@id\":\"https:\/\/jobs.a1.com\/#\/schema\/logo\/image\/\"}}]}<\/script>\n<!-- \/ Yoast SEO plugin. -->","yoast_head_json":{"title":"Flexibles Arbeiten - A1 Jobs","robots":{"index":"index","follow":"follow","max-snippet":"max-snippet:-1","max-image-preview":"max-image-preview:large","max-video-preview":"max-video-preview:-1"},"canonical":"https:\/\/jobs.a1.com\/de\/flexibles-arbeiten\/","og_locale":"de_DE","og_type":"article","og_title":"Flexibles Arbeiten - A1 Jobs","og_url":"https:\/\/jobs.a1.com\/de\/flexibles-arbeiten\/","og_site_name":"A1 Jobs","article_modified_time":"2026-03-16T12:43:12+00:00","twitter_card":"summary_large_image","schema":{"@context":"https:\/\/schema.org","@graph":[{"@type":"WebPage","@id":"https:\/\/jobs.a1.com\/de\/flexibles-arbeiten\/","url":"https:\/\/jobs.a1.com\/de\/flexibles-arbeiten\/","name":"Flexibles Arbeiten - A1 Jobs","isPartOf":{"@id":"https:\/\/jobs.a1.com\/#website"},"datePublished":"2025-10-27T10:17:52+00:00","dateModified":"2026-03-16T12:43:12+00:00","breadcrumb":{"@id":"https:\/\/jobs.a1.com\/de\/flexibles-arbeiten\/#breadcrumb"},"inLanguage":"de-DE","potentialAction":[{"@type":"ReadAction","target":["https:\/\/jobs.a1.com\/de\/flexibles-arbeiten\/"]}]},{"@type":"BreadcrumbList","@id":"https:\/\/jobs.a1.com\/de\/flexibles-arbeiten\/#breadcrumb","itemListElement":[{"@type":"ListItem","position":1,"name":"Home","item":"https:\/\/jobs.a1.com\/de\/"},{"@type":"ListItem","position":2,"name":"Flexibles Arbeiten"}]},{"@type":"WebSite","@id":"https:\/\/jobs.a1.com\/#website","url":"https:\/\/jobs.a1.com\/","name":"A1 Jobs","description":"","publisher":{"@id":"https:\/\/jobs.a1.com\/#organization"},"potentialAction":[{"@type":"SearchAction","target":{"@type":"EntryPoint","urlTemplate":"https:\/\/jobs.a1.com\/?s={search_term_string}"},"query-input":{"@type":"PropertyValueSpecification","valueRequired":true,"valueName":"search_term_string"}}],"inLanguage":"de-DE"},{"@type":"Organization","@id":"https:\/\/jobs.a1.com\/#organization","name":"A1 Jobs","url":"https:\/\/jobs.a1.com\/","logo":{"@type":"ImageObject","inLanguage":"de-DE","@id":"https:\/\/jobs.a1.com\/#\/schema\/logo\/image\/","url":"https:\/\/jobs.a1.com\/wp-content\/uploads\/2025\/10\/A1_Logo_Std_Red_Pos_3_L-copy.webp","contentUrl":"https:\/\/jobs.a1.com\/wp-content\/uploads\/2025\/10\/A1_Logo_Std_Red_Pos_3_L-copy.webp","width":934,"height":967,"caption":"A1 Jobs"},"image":{"@id":"https:\/\/jobs.a1.com\/#\/schema\/logo\/image\/"}}]}},"_links":{"self":[{"href":"https:\/\/jobs.a1.com\/de\/wp-json\/wp\/v2\/pages\/3124","targetHints":{"allow":["GET"]}}],"collection":[{"href":"https:\/\/jobs.a1.com\/de\/wp-json\/wp\/v2\/pages"}],"about":[{"href":"https:\/\/jobs.a1.com\/de\/wp-json\/wp\/v2\/types\/page"}],"author":[{"embeddable":true,"href":"https:\/\/jobs.a1.com\/de\/wp-json\/wp\/v2\/users\/5"}],"replies":[{"embeddable":true,"href":"https:\/\/jobs.a1.com\/de\/wp-json\/wp\/v2\/comments?post=3124"}],"version-history":[{"count":20,"href":"https:\/\/jobs.a1.com\/de\/wp-json\/wp\/v2\/pages\/3124\/revisions"}],"predecessor-version":[{"id":6375,"href":"https:\/\/jobs.a1.com\/de\/wp-json\/wp\/v2\/pages\/3124\/revisions\/6375"}],"wp:attachment":[{"href":"https:\/\/jobs.a1.com\/de\/wp-json\/wp\/v2\/media?parent=3124"}],"wp:term":[{"taxonomy":"department","embeddable":true,"href":"https:\/\/jobs.a1.com\/de\/wp-json\/wp\/v2\/departments?post=3124"}],"curies":[{"name":"wp","href":"https:\/\/api.w.org\/{rel}","templated":true}]}}