{"id":3201,"date":"2025-10-27T12:28:01","date_gmt":"2025-10-27T11:28:01","guid":{"rendered":"https:\/\/jobs.a1.com\/?page_id=3201"},"modified":"2026-03-16T13:38:45","modified_gmt":"2026-03-16T12:38:45","slug":"familie-und-a1","status":"publish","type":"page","link":"https:\/\/jobs.a1.com\/de\/familie-und-a1\/","title":{"rendered":"Familie und A1"},"content":{"rendered":"<div\n\tclass=\"scroll-my-24 overflow-x-clip flow-root\"\n\t>\n\t<div class=\"grid grid-rows-1 grid-cols-1 gap-8 h-[90vh]\">\n\t<picture\n\t\t\t\t\tclass=\"row-start-1 row-span-1 col-start-1 col-span-1\"\n\t\t\t>\n\t\t<img\n\t\t\tsrc=\"https:\/\/jobs.a1.com\/wp-content\/uploads\/2025\/10\/getty-images-Tx8-zNzSNkw-unsplash-scaled.webp\"\n\t\t\talt=\"\"\n\t\t\tclass=\"w-full object-cover aspect-video object-top size-full object-cover\"\n\t\t\/>\n\t<\/picture>\n\t<div class=\"row-start-1 row-span-1 col-start-1 col-span-1 flex flex-col justify-end block-inset-x overflow-x-clip py-24 sm:py-60\">\n\t\t<div\n\tclass=\"job-search flex flex-col sm:flex-row items-center justify-between gap-14 sm:gap-8 flex-wrap p-30 sm:p-8 rounded-4 sm:rounded-full sm:max-h-fit sm:max-w-6xl w-full mx-auto my-16 text-black bg-white\/75 backdrop-blur-xl shadow-around js-job-search\"\n\tdata-filter-data=\"{&quot;job-category&quot;:{&quot;customer-management&quot;:&quot;Customer Management&quot;,&quot;cyber-security&quot;:&quot;Cyber Security&quot;,&quot;hr&quot;:&quot;HR&quot;,&quot;it&quot;:&quot;IT&quot;,&quot;internal-audit-legal&quot;:&quot;Internal Audit &amp; Legal&quot;,&quot;marketing&quot;:&quot;Marketing&quot;,&quot;other&quot;:&quot;Other&quot;,&quot;project-process-product-management&quot;:&quot;Project-, Process- &amp; Product Management&quot;,&quot;sales&quot;:&quot;Sales&quot;,&quot;supply-chain-logistic-facility-management&quot;:&quot;Supply Chain &amp; Logistic, Facility Management&quot;},&quot;location&quot;:{&quot;austria&quot;:&quot;Austria&quot;,&quot;burgenland&quot;:&quot;Burgenland&quot;,&quot;graz&quot;:&quot;Graz&quot;,&quot;innsbruck&quot;:&quot;Innsbruck&quot;,&quot;klagenfurt-am-w%c3%b6rthersee&quot;:&quot;Klagenfurt am W\\u00f6rthersee&quot;,&quot;k%c3%a4rnten&quot;:&quot;K\\u00e4rnten&quot;,&quot;linz&quot;:&quot;Linz&quot;,&quot;nieder%c3%b6sterreich&quot;:&quot;Nieder\\u00f6sterreich&quot;,&quot;salzburg&quot;:&quot;Salzburg&quot;,&quot;steiermark&quot;:&quot;Steiermark&quot;,&quot;wien&quot;:&quot;Wien&quot;,&quot;wieselburg&quot;:&quot;Wieselburg&quot;,&quot;zell-am-see&quot;:&quot;Zell am See&quot;},&quot;management-level&quot;:{&quot;director&quot;:&quot;Director&quot;,&quot;individual-contributor&quot;:&quot;Individual Contributor&quot;,&quot;manager&quot;:&quot;Manager&quot;},&quot;company&quot;:{&quot;a1-digital-international-gmbh-co-kg&quot;:&quot;A1 Digital International GmbH &amp; Co KG&quot;,&quot;a1-telekom-austria-ag&quot;:&quot;A1 Telekom Austria AG&quot;,&quot;telekom-austria-ag&quot;:&quot;Telekom Austria AG&quot;}}\"\n\tdata-search-page-url=\"https:\/\/jobs.a1.com\/jobs\/?country=austria\"\n\tdata-attributes=\"{&quot;jobSearchCountry&quot;:&quot;austria&quot;,&quot;jobSearchCountryFieldUse&quot;:false,&quot;jobSearchCountries&quot;:[],&quot;jobSearchButtonContent&quot;:&quot;&quot;,&quot;jobSearchButtonIconName&quot;:&quot;chevronRight&quot;}\"\n>\n<\/div>\t<\/div>\n<\/div><\/div>\n\n<div\n\tclass=\"scroll-my-24 overflow-x-clip block-inset-x *:max-w-5xl *:mx-auto flow-root\"\n\t>\n\t<h2\tdata-slug=\"familie-und-a1\"\n\tclass=\"text-balance scroll-m-20 text-display-lg font-serif text-center text-black pt-48 sm:pt-64 pb-32 sm:pb-48\"\n>\n\tFamilie und A1<\/h2><\/div>\n\n<div\n\tclass=\"scroll-my-24 overflow-x-clip block-inset-x *:max-w-5xl *:mx-auto flow-root\"\n\t>\n\t<p class=\"*:link:underline text-base text-center text-black pb-24 sm:pb-32\">\n\tDie Vereinbarkeit von Familie und Beruf ist uns wichtig. <br>Zus\u00e4tzlich zu unseren Angeboten im Bereich Flexibilit\u00e4t wollen wir mit dem <strong>Karenz@A1 Programm M\u00fctter und V\u00e4ter<\/strong> bei diesem neuen Lebensabschnitt unterst\u00fctzen.<\/p><\/div>\n\n<div\n\tclass=\"scroll-my-24 overflow-x-clip block-inset-x *:max-w-5xl *:mx-auto flow-root\"\n\t>\n\t<div\tclass=\"outline-red-focus outline-offset-3 is-link:focus:outline-hidden is-link:focus-visible:outline-solid is-link:focus-visible:outline-3 transition-colors group @container overflow-clip text-black rounded-4 text-current\"\n\t>\n\t<div class=\"flex flex-col gap-4\">\n\t\t\n\t\t\n\t\t<div class=\"flex flex-col p-16 sm:p-24 shrink-0 wrap-break-word hyphens-auto text-center items-center-safe\">\n\t\t\t<svg aria-hidden=\"true\" class=\"size-80 mb-12 text-red-0\" xmlns='http:\/\/www.w3.org\/2000\/svg' viewBox='0 0 32 32'><path fill-rule='evenodd' clip-rule='evenodd' d='M21.7 6C23.2265 6 24.4635 6.50806 25.4777 7.52277C26.4897 8.5352 27 9.78182 27 11.3329C27 12.131 26.8574 12.9251 26.5661 13.72C26.2797 14.5014 25.7616 15.422 24.9755 16.4865C24.1918 17.5479 23.1254 18.7725 21.7652 20.1629C20.4029 21.5555 18.668 23.2171 16.5572 25.1497C16.5564 25.1504 16.5556 25.1512 16.5547 25.1519L16 25.6527L15.4453 25.1519C15.4444 25.1512 15.4436 25.1504 15.4428 25.1497C13.332 23.2171 11.5971 21.5555 10.2348 20.1629C8.87464 18.7725 7.80818 17.5479 7.02446 16.4865C6.23842 15.422 5.72032 14.5014 5.43393 13.72C5.14261 12.9251 5 12.131 5 11.3329C5 9.78183 5.5103 8.5352 6.52227 7.52277C7.53652 6.50806 8.77346 6 10.3 6C11.2151 6 12.0609 6.21429 12.8529 6.64422C13.6405 7.07168 14.4278 7.76034 15.2037 8.75639L16.1967 10.0956L17.8033 8.90436L16.7965 7.54665L16.7895 7.53767C15.8875 6.37748 14.8972 5.47822 13.8071 4.88647C12.7191 4.29594 11.5449 4 10.3 4C8.26654 4 6.51348 4.70249 5.10773 6.10888C3.6997 7.51755 3 9.2823 3 11.3329C3 12.3756 3.18739 13.4023 3.55607 14.4082C3.92968 15.4276 4.56159 16.518 5.41554 17.6745C6.27182 18.8341 7.40537 20.1306 8.80517 21.5615C10.2023 22.9897 11.9667 24.6788 14.0947 26.6271L14.0999 26.6318L16 28.3473L17.9053 26.6271C20.0333 24.6789 21.7977 22.9897 23.1948 21.5615C24.5946 20.1306 25.7282 18.8341 26.5845 17.6745C27.4384 16.518 28.0703 15.4276 28.4439 14.4082C28.8126 13.4023 29 12.3756 29 11.3329C29 9.2823 28.3003 7.51755 26.8923 6.10888C25.4865 4.70249 23.7335 4 21.7 4C20.3944 4 19.1713 4.31134 18.0484 4.93673L18.0264 4.94898L17.3746 5.35629L18.4344 7.05238L19.0427 6.6723C19.854 6.22498 20.7339 6 21.7 6Z' fill='currentColor'\/><\/svg>\n\t\t\t\t\t\t\t<p class=\"text-title group-is-link:group-hover:underline group-is-link:group-focus-visible:underline underline-offset-2 text-balance\">\n\t\t\t\t\t<strong>Eltern werden bei A1<\/strong>\t\t\t\t<\/p>\n\t\t\t\n\t\t\t\t\t\t\t<p class=\"text-sm mt-12 text-balance\">\n\t\t\t\t\tMit der Bekanntgabe der Schwangerschaft wird man Teil des Karenz@A1 Programms. Werdende M\u00fctter und V\u00e4ter werden dabei von erfahrenen Karenzmentor:innen begleitet, die bei Fragen unterst\u00fctzen und ihren Mentees bis zum Wiedereinstieg zur Seite stehen.\t\t\t\t<\/p>\n\t\t\t\n\t\t\t\n\t\t\t\t\t<\/div>\n\t<\/div>\n<\/div><\/div>\n\n<div\n\tclass=\"scroll-my-24 overflow-x-clip block-inset-x *:max-w-7xl *:mx-auto flow-root\"\n\t>\n\t<div class=\"flex flex-col gap-16 sm:gap-24 sm:grid *:col-end-[span_1]! sm:grid-cols-2 pt-64 sm:pt-72 md:pt-80 pb-64 sm:pb-72 md:pb-80\">\n\t\n<picture\n\t\t\t\t\tclass=\"flex flex-col h-auto w-full\"\n\t\t\t>\n\t\t<img\n\t\t\tsrc=\"https:\/\/jobs.a1.com\/wp-content\/uploads\/2025\/10\/getty-images-M-3aDCms5lM-unsplash-scaled.webp\"\n\t\t\talt=\"\"\n\t\t\tclass=\"w-full object-cover aspect-5-4 object-center\"\n\t\t\/>\n\t<\/picture>\n\n<div class=\"flex flex-col gap-16 items-start justify-center-safe\">\n\t\n<h2\tdata-slug=\"\"\n\tclass=\"text-balance scroll-m-20 text-title text-start text-black\"\n>\n\t<strong><strong><strong>Family Canvas und\u00a0Daddies\u00a0Only<\/strong><\/strong><\/strong><\/h2>\n\n<p class=\"*:link:underline text-sm text-start text-black\">\n\tDas Karenz@A1 Programm wird von einem Workshopangebot abgerundet. Im <strong>Family Canvas Training<\/strong> steht die Vereinbarkeit von Familie und Beruf im Vordergrund. A1 Mamas und Papas haben die M\u00f6glichkeit vor ihrer R\u00fcckkehr ins Berufsleben \u00fcber ihre St\u00e4rken zu reflektieren und ihre Karriereplanung mit Kind zu gestalten. <\/p>\n\n<p class=\"*:link:underline text-sm text-start text-black\">\n\tEin eigenes Format gibt es f\u00fcr unsere V\u00e4ter: im\u00a0<strong>Daddies\u00a0only\u00a0Workshop <\/strong>k\u00f6nnen sich A1 Papas austauschen und \u00fcber pers\u00f6nliche Fragestellungen reflektieren.<\/p>\n<\/div>\n<\/div><\/div>\n\n<div\n\tclass=\"scroll-my-24 overflow-x-clip block-inset-x *:max-w-7xl *:mx-auto flow-root\"\n\t>\n\t<div class=\"flex flex-col gap-16 sm:gap-24 sm:grid *:col-end-[span_1]! sm:grid-cols-2 pb-64 sm:pb-72 md:pb-80\">\n\t\n<div class=\"flex flex-col gap-16 items-start justify-center-safe\">\n\t\n<h2\tdata-slug=\"\"\n\tclass=\"text-balance scroll-m-20 text-title text-start text-black\"\n>\n\t<strong><strong><strong>Kinder bei A1<\/strong><\/strong><\/strong><\/h2>\n\n<p class=\"*:link:underline text-sm text-start text-black\">\n\tAuch f\u00fcr den A1 Nachwuchs gibt es tolle Angebote. Einen Einblick in die Welt von A1 gibt es jedes Jahr beim <strong>A1 T\u00f6chtertag<\/strong>. In den Sommerferien k\u00f6nnen die Kinder coole Workshops bei den <strong>Sommercamps vom A1 Digital Campus<\/strong> besuchen oder von <strong>Verg\u00fcnstigungen bei Feriencamps <\/strong>profitieren. Ein eigener Familienraum im Headquarter erm\u00f6glicht auch das Arbeiten vor Ort, w\u00e4hrend die Kinder spielen.<\/p>\n<\/div>\n\n<picture\n\t\t\t\t\tclass=\"flex flex-col h-auto w-full\"\n\t\t\t>\n\t\t<img\n\t\t\tsrc=\"https:\/\/jobs.a1.com\/wp-content\/uploads\/2025\/11\/iStock-898686788-scaled.webp\"\n\t\t\talt=\"\"\n\t\t\tclass=\"w-full object-cover aspect-5-4 object-center\"\n\t\t\/>\n\t<\/picture>\n<\/div><\/div>\n\n<div\n\tclass=\"scroll-my-24 overflow-x-clip flow-root\"\n\t>\n\t<h2\tdata-slug=\"xn-du-mchtest-teil-des-a1-teams-werden-4td\"\n\tclass=\"text-balance scroll-m-20 text-title text-center text-black pt-32 sm:pt-48 pb-18 sm:pb-24\"\n>\n\tDu m\u00f6chtest Teil des A1 Teams werden?<\/h2><\/div>\n\n<div\n\tclass=\"scroll-my-24 overflow-x-clip flow-root\"\n\t>\n\t<p class=\"*:link:underline text-base text-center text-black pb-24 sm:pb-32\">\n\t#LearnAndInnovate. Bewirb dich jetzt!\u00a0<\/p><\/div>\n\n<div\n\tclass=\"scroll-my-24 overflow-x-clip block-inset-x flow-root\"\n\t>\n\t<div\n\tclass=\"job-search flex flex-col sm:flex-row items-center justify-between gap-14 sm:gap-8 flex-wrap p-30 sm:p-8 rounded-4 sm:rounded-full sm:max-h-fit sm:max-w-6xl w-full mx-auto my-16 text-black bg-white\/75 backdrop-blur-xl shadow-around js-job-search\"\n\tdata-filter-data=\"{&quot;job-category&quot;:{&quot;customer-management&quot;:&quot;Customer Management&quot;,&quot;cyber-security&quot;:&quot;Cyber Security&quot;,&quot;hr&quot;:&quot;HR&quot;,&quot;it&quot;:&quot;IT&quot;,&quot;internal-audit-legal&quot;:&quot;Internal Audit &amp; Legal&quot;,&quot;marketing&quot;:&quot;Marketing&quot;,&quot;other&quot;:&quot;Other&quot;,&quot;project-process-product-management&quot;:&quot;Project-, Process- &amp; Product Management&quot;,&quot;sales&quot;:&quot;Sales&quot;,&quot;supply-chain-logistic-facility-management&quot;:&quot;Supply Chain &amp; Logistic, Facility Management&quot;},&quot;location&quot;:{&quot;austria&quot;:&quot;Austria&quot;,&quot;burgenland&quot;:&quot;Burgenland&quot;,&quot;graz&quot;:&quot;Graz&quot;,&quot;innsbruck&quot;:&quot;Innsbruck&quot;,&quot;klagenfurt-am-w%c3%b6rthersee&quot;:&quot;Klagenfurt am W\\u00f6rthersee&quot;,&quot;k%c3%a4rnten&quot;:&quot;K\\u00e4rnten&quot;,&quot;linz&quot;:&quot;Linz&quot;,&quot;nieder%c3%b6sterreich&quot;:&quot;Nieder\\u00f6sterreich&quot;,&quot;salzburg&quot;:&quot;Salzburg&quot;,&quot;steiermark&quot;:&quot;Steiermark&quot;,&quot;wien&quot;:&quot;Wien&quot;,&quot;wieselburg&quot;:&quot;Wieselburg&quot;,&quot;zell-am-see&quot;:&quot;Zell am See&quot;},&quot;management-level&quot;:{&quot;director&quot;:&quot;Director&quot;,&quot;individual-contributor&quot;:&quot;Individual Contributor&quot;,&quot;manager&quot;:&quot;Manager&quot;},&quot;company&quot;:{&quot;a1-digital-international-gmbh-co-kg&quot;:&quot;A1 Digital International GmbH &amp; Co KG&quot;,&quot;a1-telekom-austria-ag&quot;:&quot;A1 Telekom Austria AG&quot;,&quot;telekom-austria-ag&quot;:&quot;Telekom Austria AG&quot;}}\"\n\tdata-search-page-url=\"https:\/\/jobs.a1.com\/jobs\/?country=austria\"\n\tdata-attributes=\"{&quot;jobSearchCountry&quot;:&quot;austria&quot;,&quot;jobSearchCountryFieldUse&quot;:false,&quot;jobSearchCountries&quot;:[],&quot;jobSearchButtonContent&quot;:&quot;&quot;,&quot;jobSearchButtonIconName&quot;:&quot;chevronRight&quot;}\"\n>\n<\/div><\/div>\n\n<div\n\tclass=\"scroll-my-24 overflow-x-clip block-inset-x *:max-w-7xl *:mx-auto flow-root\"\n\t>\n\t<div class=\"flex flex-col gap-16 sm:gap-24 sm:grid *:col-end-[span_1]! sm:grid-cols-3 pt-64 sm:pt-72 md:pt-80 pb-70 sm:pb-80 md:pb-96\">\n\t\n<div\tclass=\"outline-red-focus outline-offset-3 is-link:focus:outline-hidden is-link:focus-visible:outline-solid is-link:focus-visible:outline-3 transition-colors group @container overflow-clip relative isolate text-white rounded-16 text-current\"\n\t>\n\t<div class=\"flex flex-col gap-4 h-full justify-end-safe min-h-420\">\n\t\t\t\t\t<div class=\"absolute -z-10 inset-0 bg-linear-to-b from-black\/60 to-black\/25 mix-blend-darken select-none pointer-events-none\"><\/div>\n\t\t\n\t\t<picture\n\t\t\t\t\tclass=\"overflow-clip absolute inset-0 -z-20\"\n\t\t\t>\n\t\t<img\n\t\t\tsrc=\"https:\/\/jobs.a1.com\/wp-content\/uploads\/2025\/11\/iStock-1256861891-scaled.webp\"\n\t\t\talt=\"\"\n\t\t\tclass=\"w-full object-center size-full! group-is-link:group-hover:scale-105 group-is-link:group-focus-visible:scale-105 transition-transform duration-500 aspect-3-2 object-cover\"\n\t\t\/>\n\t<\/picture>\n\t\t<div class=\"flex flex-col p-16 sm:p-24 shrink-0 wrap-break-word hyphens-auto\">\n\t\t\t\n\t\t\t\t\t\t\t<p class=\"text-title group-is-link:group-hover:underline group-is-link:group-focus-visible:underline underline-offset-2 text-balance\">\n\t\t\t\t\t<br>Gemeinsam stark, auch in schwierigen Zeiten\t\t\t\t<\/p>\n\t\t\t\n\t\t\t\n\t\t\t\n\t\t\t\t\t\t\t<div class=\"flex flex-wrap gap-16 mt-auto pt-8\">\n\t\t\t\t\t<a\thref=\"https:\/\/jobs.a1.com\/de\/strength\/\"class=\"flex items-center justify-self-start gap-8 rounded-4 focus-visible:outline-solid focus-visible:outline-3 outline-red-focus outline-offset-3 border-2 transition icon:transition not-disabled:cursor-pointer bg-red-0 border-red-0 text-white hover:bg-red-p1 hover:border-red-p1 active:bg-red-p1 active:border-red-p1 disabled:bg-grey-2 disabled:border-grey-2 disabled:text-grey-1 p-12 px-20 button w-fit mt-12\">\n\t\n\t\t\t<span>Mehr erfahren<\/span>\n\t\n\t<\/a>\t\t\t\t<\/div>\n\t\t\t\t\t<\/div>\n\t<\/div>\n<\/div>\n\n<div\tclass=\"outline-red-focus outline-offset-3 is-link:focus:outline-hidden is-link:focus-visible:outline-solid is-link:focus-visible:outline-3 transition-colors group @container overflow-clip relative isolate text-white rounded-16 text-current\"\n\t>\n\t<div class=\"flex flex-col gap-4 h-full justify-end-safe min-h-420\">\n\t\t\t\t\t<div class=\"absolute -z-10 inset-0 bg-linear-to-b from-black\/60 to-black\/25 mix-blend-darken select-none pointer-events-none\"><\/div>\n\t\t\n\t\t<picture\n\t\t\t\t\tclass=\"overflow-clip absolute inset-0 -z-20\"\n\t\t\t>\n\t\t<img\n\t\t\tsrc=\"https:\/\/jobs.a1.com\/wp-content\/uploads\/2025\/10\/getty-images-qAcAKu1YWAY-unsplash-scaled.webp\"\n\t\t\talt=\"\"\n\t\t\tclass=\"w-full object-center size-full! group-is-link:group-hover:scale-105 group-is-link:group-focus-visible:scale-105 transition-transform duration-500 aspect-3-2 object-cover\"\n\t\t\/>\n\t<\/picture>\n\t\t<div class=\"flex flex-col p-16 sm:p-24 shrink-0 wrap-break-word hyphens-auto\">\n\t\t\t\n\t\t\t\t\t\t\t<h1 class=\"text-title group-is-link:group-hover:underline group-is-link:group-focus-visible:underline underline-offset-2 text-balance\">\n\t\t\t\t\t<br><br><strong>Chancen nutzen, Eigenverantwortung \u00fcbernehmen<\/strong>\t\t\t\t<\/h1>\n\t\t\t\n\t\t\t\n\t\t\t\n\t\t\t\t\t\t\t<div class=\"flex flex-wrap gap-16 mt-auto pt-8\">\n\t\t\t\t\t<a\thref=\"https:\/\/jobs.a1.com\/de\/growth\/\"class=\"flex items-center justify-self-start gap-8 rounded-4 focus-visible:outline-solid focus-visible:outline-3 outline-red-focus outline-offset-3 border-2 transition icon:transition not-disabled:cursor-pointer bg-red-0 border-red-0 text-white hover:bg-red-p1 hover:border-red-p1 active:bg-red-p1 active:border-red-p1 disabled:bg-grey-2 disabled:border-grey-2 disabled:text-grey-1 p-12 px-20 button w-fit mt-12\">\n\t\n\t\t\t<span>Mehr erfahren<\/span>\n\t\n\t<\/a>\t\t\t\t<\/div>\n\t\t\t\t\t<\/div>\n\t<\/div>\n<\/div>\n\n<div\tclass=\"outline-red-focus outline-offset-3 is-link:focus:outline-hidden is-link:focus-visible:outline-solid is-link:focus-visible:outline-3 transition-colors group @container overflow-clip relative isolate text-white rounded-16 text-current\"\n\t>\n\t<div class=\"flex flex-col gap-4 h-full justify-end-safe min-h-420\">\n\t\t\t\t\t<div class=\"absolute -z-10 inset-0 bg-linear-to-b from-black\/60 to-black\/25 mix-blend-darken select-none pointer-events-none\"><\/div>\n\t\t\n\t\t<picture\n\t\t\t\t\tclass=\"overflow-clip absolute inset-0 -z-20\"\n\t\t\t>\n\t\t<img\n\t\t\tsrc=\"https:\/\/jobs.a1.com\/wp-content\/uploads\/2025\/11\/iStock-1475510950-copy-scaled.webp\"\n\t\t\talt=\"\"\n\t\t\tclass=\"w-full object-center size-full! group-is-link:group-hover:scale-105 group-is-link:group-focus-visible:scale-105 transition-transform duration-500 aspect-3-2 object-cover\"\n\t\t\/>\n\t<\/picture>\n\t\t<div class=\"flex flex-col p-16 sm:p-24 shrink-0 wrap-break-word hyphens-auto\">\n\t\t\t\n\t\t\t\t\t\t\t<p class=\"text-title group-is-link:group-hover:underline group-is-link:group-focus-visible:underline underline-offset-2 text-balance\">\n\t\t\t\t\t<br><br><strong>Care that connects \u2013 dich, dein Team und die Welt.<\/strong>\t\t\t\t<\/p>\n\t\t\t\n\t\t\t\n\t\t\t\n\t\t\t\t\t\t\t<div class=\"flex flex-wrap gap-16 mt-auto pt-8\">\n\t\t\t\t\t<a\thref=\"https:\/\/jobs.a1.com\/de\/care\/\"class=\"flex items-center justify-self-start gap-8 rounded-4 focus-visible:outline-solid focus-visible:outline-3 outline-red-focus outline-offset-3 border-2 transition icon:transition not-disabled:cursor-pointer bg-red-0 border-red-0 text-white hover:bg-red-p1 hover:border-red-p1 active:bg-red-p1 active:border-red-p1 disabled:bg-grey-2 disabled:border-grey-2 disabled:text-grey-1 p-12 px-20 button w-fit mt-12\">\n\t\n\t\t\t<span>Mehr erfahren<\/span>\n\t\n\t<\/a>\t\t\t\t<\/div>\n\t\t\t\t\t<\/div>\n\t<\/div>\n<\/div>\n<\/div><\/div>\n\n<div\n\tclass=\"scroll-my-24 overflow-x-clip block-inset-x flow-root\"\n\t>\n\t<div\n\taria-hidden=\"true\"\n\tclass=\"\"\n>\n\t<\/div><\/div>","protected":false},"excerpt":{"rendered":"","protected":false},"author":5,"featured_media":0,"parent":0,"menu_order":0,"comment_status":"closed","ping_status":"closed","template":"","meta":{"es_utils_meta_schema":"","footnotes":""},"departments":[],"class_list":["post-3201","page","type-page","status-publish","hentry"],"yoast_head":"<!-- This site is optimized with the Yoast SEO plugin v27.2 - https:\/\/yoast.com\/product\/yoast-seo-wordpress\/ -->\n<title>Familie und A1 - A1 Jobs<\/title>\n<meta name=\"robots\" content=\"index, follow, max-snippet:-1, max-image-preview:large, max-video-preview:-1\" \/>\n<link rel=\"canonical\" href=\"https:\/\/jobs.a1.com\/de\/familie-und-a1\/\" \/>\n<meta property=\"og:locale\" content=\"de_DE\" \/>\n<meta property=\"og:type\" content=\"article\" \/>\n<meta property=\"og:title\" content=\"Familie und A1 - A1 Jobs\" \/>\n<meta property=\"og:url\" content=\"https:\/\/jobs.a1.com\/de\/familie-und-a1\/\" \/>\n<meta property=\"og:site_name\" content=\"A1 Jobs\" \/>\n<meta property=\"article:modified_time\" content=\"2026-03-16T12:38:45+00:00\" \/>\n<meta name=\"twitter:card\" content=\"summary_large_image\" \/>\n<script type=\"application\/ld+json\" class=\"yoast-schema-graph\">{\"@context\":\"https:\/\/schema.org\",\"@graph\":[{\"@type\":\"WebPage\",\"@id\":\"https:\/\/jobs.a1.com\/de\/familie-und-a1\/\",\"url\":\"https:\/\/jobs.a1.com\/de\/familie-und-a1\/\",\"name\":\"Familie und A1 - A1 Jobs\",\"isPartOf\":{\"@id\":\"https:\/\/jobs.a1.com\/#website\"},\"datePublished\":\"2025-10-27T11:28:01+00:00\",\"dateModified\":\"2026-03-16T12:38:45+00:00\",\"breadcrumb\":{\"@id\":\"https:\/\/jobs.a1.com\/de\/familie-und-a1\/#breadcrumb\"},\"inLanguage\":\"de-DE\",\"potentialAction\":[{\"@type\":\"ReadAction\",\"target\":[\"https:\/\/jobs.a1.com\/de\/familie-und-a1\/\"]}]},{\"@type\":\"BreadcrumbList\",\"@id\":\"https:\/\/jobs.a1.com\/de\/familie-und-a1\/#breadcrumb\",\"itemListElement\":[{\"@type\":\"ListItem\",\"position\":1,\"name\":\"Home\",\"item\":\"https:\/\/jobs.a1.com\/de\/\"},{\"@type\":\"ListItem\",\"position\":2,\"name\":\"Familie und A1\"}]},{\"@type\":\"WebSite\",\"@id\":\"https:\/\/jobs.a1.com\/#website\",\"url\":\"https:\/\/jobs.a1.com\/\",\"name\":\"A1 Jobs\",\"description\":\"\",\"publisher\":{\"@id\":\"https:\/\/jobs.a1.com\/#organization\"},\"potentialAction\":[{\"@type\":\"SearchAction\",\"target\":{\"@type\":\"EntryPoint\",\"urlTemplate\":\"https:\/\/jobs.a1.com\/?s={search_term_string}\"},\"query-input\":{\"@type\":\"PropertyValueSpecification\",\"valueRequired\":true,\"valueName\":\"search_term_string\"}}],\"inLanguage\":\"de-DE\"},{\"@type\":\"Organization\",\"@id\":\"https:\/\/jobs.a1.com\/#organization\",\"name\":\"A1 Jobs\",\"url\":\"https:\/\/jobs.a1.com\/\",\"logo\":{\"@type\":\"ImageObject\",\"inLanguage\":\"de-DE\",\"@id\":\"https:\/\/jobs.a1.com\/#\/schema\/logo\/image\/\",\"url\":\"https:\/\/jobs.a1.com\/wp-content\/uploads\/2025\/10\/A1_Logo_Std_Red_Pos_3_L-copy.webp\",\"contentUrl\":\"https:\/\/jobs.a1.com\/wp-content\/uploads\/2025\/10\/A1_Logo_Std_Red_Pos_3_L-copy.webp\",\"width\":934,\"height\":967,\"caption\":\"A1 Jobs\"},\"image\":{\"@id\":\"https:\/\/jobs.a1.com\/#\/schema\/logo\/image\/\"}}]}<\/script>\n<!-- \/ Yoast SEO plugin. -->","yoast_head_json":{"title":"Familie und A1 - A1 Jobs","robots":{"index":"index","follow":"follow","max-snippet":"max-snippet:-1","max-image-preview":"max-image-preview:large","max-video-preview":"max-video-preview:-1"},"canonical":"https:\/\/jobs.a1.com\/de\/familie-und-a1\/","og_locale":"de_DE","og_type":"article","og_title":"Familie und A1 - A1 Jobs","og_url":"https:\/\/jobs.a1.com\/de\/familie-und-a1\/","og_site_name":"A1 Jobs","article_modified_time":"2026-03-16T12:38:45+00:00","twitter_card":"summary_large_image","schema":{"@context":"https:\/\/schema.org","@graph":[{"@type":"WebPage","@id":"https:\/\/jobs.a1.com\/de\/familie-und-a1\/","url":"https:\/\/jobs.a1.com\/de\/familie-und-a1\/","name":"Familie und A1 - A1 Jobs","isPartOf":{"@id":"https:\/\/jobs.a1.com\/#website"},"datePublished":"2025-10-27T11:28:01+00:00","dateModified":"2026-03-16T12:38:45+00:00","breadcrumb":{"@id":"https:\/\/jobs.a1.com\/de\/familie-und-a1\/#breadcrumb"},"inLanguage":"de-DE","potentialAction":[{"@type":"ReadAction","target":["https:\/\/jobs.a1.com\/de\/familie-und-a1\/"]}]},{"@type":"BreadcrumbList","@id":"https:\/\/jobs.a1.com\/de\/familie-und-a1\/#breadcrumb","itemListElement":[{"@type":"ListItem","position":1,"name":"Home","item":"https:\/\/jobs.a1.com\/de\/"},{"@type":"ListItem","position":2,"name":"Familie und A1"}]},{"@type":"WebSite","@id":"https:\/\/jobs.a1.com\/#website","url":"https:\/\/jobs.a1.com\/","name":"A1 Jobs","description":"","publisher":{"@id":"https:\/\/jobs.a1.com\/#organization"},"potentialAction":[{"@type":"SearchAction","target":{"@type":"EntryPoint","urlTemplate":"https:\/\/jobs.a1.com\/?s={search_term_string}"},"query-input":{"@type":"PropertyValueSpecification","valueRequired":true,"valueName":"search_term_string"}}],"inLanguage":"de-DE"},{"@type":"Organization","@id":"https:\/\/jobs.a1.com\/#organization","name":"A1 Jobs","url":"https:\/\/jobs.a1.com\/","logo":{"@type":"ImageObject","inLanguage":"de-DE","@id":"https:\/\/jobs.a1.com\/#\/schema\/logo\/image\/","url":"https:\/\/jobs.a1.com\/wp-content\/uploads\/2025\/10\/A1_Logo_Std_Red_Pos_3_L-copy.webp","contentUrl":"https:\/\/jobs.a1.com\/wp-content\/uploads\/2025\/10\/A1_Logo_Std_Red_Pos_3_L-copy.webp","width":934,"height":967,"caption":"A1 Jobs"},"image":{"@id":"https:\/\/jobs.a1.com\/#\/schema\/logo\/image\/"}}]}},"_links":{"self":[{"href":"https:\/\/jobs.a1.com\/de\/wp-json\/wp\/v2\/pages\/3201","targetHints":{"allow":["GET"]}}],"collection":[{"href":"https:\/\/jobs.a1.com\/de\/wp-json\/wp\/v2\/pages"}],"about":[{"href":"https:\/\/jobs.a1.com\/de\/wp-json\/wp\/v2\/types\/page"}],"author":[{"embeddable":true,"href":"https:\/\/jobs.a1.com\/de\/wp-json\/wp\/v2\/users\/5"}],"replies":[{"embeddable":true,"href":"https:\/\/jobs.a1.com\/de\/wp-json\/wp\/v2\/comments?post=3201"}],"version-history":[{"count":18,"href":"https:\/\/jobs.a1.com\/de\/wp-json\/wp\/v2\/pages\/3201\/revisions"}],"predecessor-version":[{"id":6371,"href":"https:\/\/jobs.a1.com\/de\/wp-json\/wp\/v2\/pages\/3201\/revisions\/6371"}],"wp:attachment":[{"href":"https:\/\/jobs.a1.com\/de\/wp-json\/wp\/v2\/media?parent=3201"}],"wp:term":[{"taxonomy":"department","embeddable":true,"href":"https:\/\/jobs.a1.com\/de\/wp-json\/wp\/v2\/departments?post=3201"}],"curies":[{"name":"wp","href":"https:\/\/api.w.org\/{rel}","templated":true}]}}