{"id":3074,"date":"2025-10-23T13:27:11","date_gmt":"2025-10-23T11:27:11","guid":{"rendered":"https:\/\/jobs.a1.com\/?page_id=3074"},"modified":"2025-11-21T09:22:58","modified_gmt":"2025-11-21T08:22:58","slug":"benefiti","status":"publish","type":"page","link":"https:\/\/jobs.a1.com\/hr\/benefiti\/","title":{"rendered":"Benefiti"},"content":{"rendered":"<div\n\tclass=\"scroll-my-24 overflow-x-clip flow-root\"\n\t>\n\t<div class=\"grid grid-rows-1 grid-cols-1 gap-8 h-[90vh]\">\n\t<picture\n\t\t\t\t\tclass=\"row-start-1 row-span-1 col-start-1 col-span-1\"\n\t\t\t>\n\t\t<img\n\t\t\tsrc=\"https:\/\/jobs.a1.com\/wp-content\/uploads\/2025\/10\/getty-images-iVr4H6hTLGw-unsplash-scaled.webp\"\n\t\t\talt=\"\"\n\t\t\tclass=\"w-full object-cover object-center size-full object-cover\"\n\t\t\/>\n\t<\/picture>\n\t<div class=\"row-start-1 row-span-1 col-start-1 col-span-1 flex flex-col justify-end block-inset-x overflow-x-clip py-24 sm:py-60\">\n\t\t\t<\/div>\n<\/div><\/div>\n\n<div\n\tclass=\"scroll-my-24 overflow-x-clip block-inset-x flow-root\"\n\t>\n\t<h2\tdata-slug=\"xn-zato-je-a1-hrvatska-super-mjesto-za-rad-mji\"\n\tclass=\"text-balance scroll-m-20 text-display-md font-serif text-center text-black pt-64 sm:pt-72 md:pt-80\"\n>\n\tZa\u0161to je A1 Hrvatska <br>super mjesto za rad?<\/h2><\/div>\n\n<div\n\tclass=\"scroll-my-24 overflow-x-clip block-inset-x *:max-w-5xl *:mx-auto flow-root\"\n\t>\n\t<div class=\"flex flex-col gap-16 sm:gap-24 sm:grid *:col-end-[span_1]! sm:grid-cols-2 pt-64 sm:pt-72 md:pt-80 pb-32 sm:pb-48\">\n\t\n<div class=\"flex flex-col gap-24 items-start justify-center-safe\">\n\t\n<h2\tdata-slug=\"work-life-balance\"\n\tclass=\"text-balance scroll-m-20 text-title text-start text-black pb-12\"\n>\n\t<strong><strong>Work-life balance<\/strong><\/strong><\/h2>\n\n<p class=\"*:link:underline text-sm text-start text-black pb-12 sm:pb-16\">\n\tZa bolju ravnote\u017eu privatnog i poslovnog \u017eivota imamo&nbsp;<strong>flexi time &amp; flexi place<\/strong>. Ako rano ustaje\u0161, mo\u017ee\u0161 raditi od 7, a ako ne mo\u017ee\u0161 bez snoozea, mo\u017ee\u0161 do\u0107i do 10 sati. Za jo\u0161 ve\u0107u fleksibilnost, mo\u017ee\u0161 minimalno jednom tjedno raditi izvan ureda, naravno, ako ti opis posla to dopu\u0161ta.<br><br>Poklanjamo ti&nbsp;<strong>slobodan dan<\/strong>&nbsp;za svaki dan volontiranja i svako darivanje krvi. Osim toga, A1 roditelji prva\u0161i\u0107a slobodni su na prvi dan \u0161kole. Uz to, svaki zaposlenik svoju fe\u0161tu ima pa smo svima osigurali i slobodan dan za ro\u0111endan.<\/p>\n<\/div>\n\n<picture\n\t\t\t\t\tclass=\"flex flex-col h-auto w-full\"\n\t\t\t>\n\t\t<img\n\t\t\tsrc=\"https:\/\/jobs.a1.com\/wp-content\/uploads\/2025\/11\/pOSAO-U-a1-Z-a1-START.webp\"\n\t\t\talt=\"\"\n\t\t\tclass=\"w-full object-cover aspect-8-9 object-right\"\n\t\t\/>\n\t<\/picture>\n<\/div><\/div>\n\n<div\n\tclass=\"scroll-my-24 overflow-x-clip block-inset-x *:max-w-7xl *:mx-auto flow-root\"\n\t>\n\t<div class=\"flex flex-col gap-16 sm:gap-24 sm:grid *:col-end-[span_1]! sm:grid-cols-2 pt-32 sm:pt-48 pb-64 sm:pb-72 md:pb-80\">\n\t\n<picture\n\t\t\t\t\tclass=\"flex flex-col h-auto w-full\"\n\t\t\t>\n\t\t<img\n\t\t\tsrc=\"https:\/\/jobs.a1.com\/wp-content\/uploads\/2025\/11\/1314954339smanjeno.webp\"\n\t\t\talt=\"\"\n\t\t\tclass=\"w-full object-cover aspect-8-9 object-center\"\n\t\t\/>\n\t<\/picture>\n\n<div class=\"flex flex-col gap-16 items-start justify-center-safe\">\n\t\n<h2\tdata-slug=\"financijske-pogodnosti\"\n\tclass=\"text-balance scroll-m-20 text-title text-start text-black pb-12\"\n>\n\t<strong><strong>Financijske pogodnosti<\/strong><\/strong><\/h2>\n\n<p class=\"*:link:underline text-sm text-start text-black pb-12 sm:pb-16\">\n\t<strong>Bonusi<\/strong>&nbsp;uvijek dobro do\u0111u! Zato imamo nagrade za uspje\u0161ne poslovne rezultate, ali i<strong>&nbsp;bo\u017ei\u0107nicu, regres, naknadu za prehranu i prijevoz<\/strong>&nbsp;te druge financijske pogodnosti.<br><br>Da \u201cpod stare dane\u201d ne razmi\u0161lja\u0161 o svakom nov\u010di\u0107u, ve\u0107 bezbri\u017eno u\u017eiva\u0161 u zaslu\u017eenom odmoru, svim zaposlenicima subvencioniramo&nbsp;<strong>AZ A1 zatvoreni dobrovoljni mirovinski fond<\/strong>.<br><br>Nudimo mogu\u0107nost kori\u0161tenja subvencioniranih nenamjenskih gotovinskih&nbsp;<strong>kredita<\/strong>&nbsp;uz kamatnu stopu od samo 2 %. Uz to, imamo povoljnije uvjete za kredite u brojnim bankama.<br><br>Naravno da imamo i&nbsp;<strong>besplatnu mobilnu tarifu<\/strong>&nbsp;za kori\u0161tenje u privatne i poslovne svrhe te povoljnije uvjete za ku\u0107ni internet, TV, telefon, pakete i ostale usluge. Imamo i hrpu<strong>&nbsp;dogovorenih pogodnosti s raznim partnerima<\/strong>. U\u017eivaj u&nbsp;<strong>popustima na sportske, wellness, kulturne, gastro, medicinske<\/strong>&nbsp;i druge usluge.<\/p>\n<\/div>\n<\/div><\/div>\n\n<div\n\tclass=\"scroll-my-24 overflow-x-clip block-inset-x *:max-w-5xl *:mx-auto flow-root\"\n\t>\n\t<div class=\"flex flex-col gap-16 sm:gap-24 sm:grid *:col-end-[span_1]! sm:grid-cols-2 pt-32 sm:pt-48 pb-64 sm:pb-72 md:pb-80\">\n\t\n<div class=\"flex flex-col gap-16 items-start justify-center-safe\">\n\t\n<h2\tdata-slug=\"\"\n\tclass=\"text-balance scroll-m-20 text-title text-start text-black pb-12\"\n>\n\t<strong><strong><strong>Zdravlje i rekreacija<\/strong><\/strong><\/strong><\/h2>\n\n<p class=\"*:link:underline text-sm text-start text-black\">\n\tBrinemo o zdravlju uz&nbsp;<strong>dopunsko i dodatno osiguranj<\/strong>e i redovito obavljamo sistematske i specijalisti\u010dke preglede. Na\u0161a bogata polica nudi i mamografiju za kolegice starije od 40, Onko plan koji uklju\u010duje i \u010dlanove tvoje obitelji te brojne druge pogodnosti.<br><br>Vjerujemo u holisti\u010dki pristup zdravlju i zato nudimo&nbsp;<strong>Multisport<\/strong>&nbsp;\u010dlanarinu po super cijeni, a na kampusu na \u017ditnjaku ima\u0161 na raspolaganju i fitness centar s teretanom, bazenom i saunom.<br><br>Ponosni smo i na potpuno anoniman i besplatan&nbsp;<strong>program podr\u0161ke<\/strong>&nbsp;kroz koji sa psiholozima, nutricionistima i drugim stru\u010dnjacima mo\u017ee\u0161 dobiti pravovremenu podr\u0161ku u razli\u010ditim \u017eivotnim aspektima.<br><br>Ako ni to nije dovoljno, imamo i&nbsp;<strong>putno i 24-satno osiguranje od nezgode<\/strong>, koje vrijedi i u privatno vrijeme.<\/p>\n<\/div>\n\n<picture\n\t\t\t\t\tclass=\"flex flex-col h-auto w-full\"\n\t\t\t>\n\t\t<img\n\t\t\tsrc=\"https:\/\/jobs.a1.com\/wp-content\/uploads\/2025\/11\/Web-Mainpromo-Mobile-UUF11136.webp\"\n\t\t\talt=\"\"\n\t\t\tclass=\"w-full object-cover aspect-4-5 object-center\"\n\t\t\/>\n\t<\/picture>\n<\/div><\/div>\n\n<div\n\tclass=\"scroll-my-24 overflow-x-clip block-inset-x *:max-w-3xl *:mx-auto flow-root\"\n\t>\n\t<h2\tdata-slug=\"\"\n\tclass=\"text-balance scroll-m-20 text-title text-center bg-clip-text text-transparent bg-linear-to-r from-red-0 to-red-p2 pt-64 sm:pt-72 md:pt-80\"\n>\n\tU A1 sam po\u010deo raditi 2022. u Telesalesu, a ubrzo pre\u0161ao u tim za webshop. Najvi\u0161e cijenim stalne edukacije i benefite poput rada od ku\u0107e, Multisporta i dopunskog zdravstvenog \u2014 stvarno mi poma\u017eu odr\u017eati dobar work\u2013life balance.<\/h2><\/div>\n\n<div\n\tclass=\"scroll-my-24 overflow-x-clip block-inset-x flow-root\"\n\t>\n\t<p class=\"*:link:underline text-sm text-center text-black pt-24 sm:pt-32 pb-40 sm:pb-56\">\n\t<strong>Ivan \u017dulj<br><\/strong>e-Commerce Specialist<\/p><\/div>\n\n<div\n\tclass=\"scroll-my-24 overflow-x-clip block-inset-x *:max-w-7xl *:mx-auto flow-root\"\n\t>\n\t<div class=\"flex flex-col gap-16 sm:gap-24 sm:grid *:col-end-[span_1]! sm:grid-cols-2 pt-64 sm:pt-72 md:pt-80 pb-32 sm:pb-48\">\n\t\n<picture\n\t\t\t\t\tclass=\"flex flex-col h-auto w-full\"\n\t\t\t>\n\t\t<img\n\t\t\tsrc=\"https:\/\/jobs.a1.com\/wp-content\/uploads\/2025\/11\/NIN01669edit-scaled-1.webp\"\n\t\t\talt=\"\"\n\t\t\tclass=\"w-full object-cover aspect-5-4 object-center\"\n\t\t\/>\n\t<\/picture>\n\n<div class=\"flex flex-col gap-24 items-start justify-center-safe\">\n\t\n<h2\tdata-slug=\"\"\n\tclass=\"text-balance scroll-m-20 text-title text-start text-black pb-12\"\n>\n\t<strong><strong><strong><strong>U\u010denje i razvoj<\/strong><\/strong><\/strong><\/strong><\/h2>\n\n<p class=\"*:link:underline text-sm text-start text-black\">\n\tNa\u0161a kultura u\u010denja obuhva\u0107a raznovrsne&nbsp;<strong>edukacije i digitalne licence&nbsp;<\/strong>za u\u010denje koje pokrivaju klju\u010dna podru\u010dja za inovaciju i izgradnju ekspertize \u2013 od tehni\u010dkih i mekih vje\u0161tina do vje\u0161tina vo\u0111enja. Kroz&nbsp;<strong>karijerno savjetovanje<\/strong>&nbsp;pru\u017eamo ti podr\u0161ku u izradi personaliziranog karijernog plana i identifikaciji klju\u010dnih vje\u0161tina.<br><br>Posebnu pa\u017enju posve\u0107ujemo razvoju&nbsp;<strong>vje\u0161tina budu\u0107nosti<\/strong>, poput Data &amp; AI, automatizacije, cyber sigurnosti i cloud tehnologija te podr\u017eavamo&nbsp;<strong>prekvalifikaciju<\/strong>&nbsp;i stjecanje novih kompetencija.<br><br>Stvaramo prilike za razvoj i otkrivanje talenata kroz&nbsp;<strong>internu mobilnost<\/strong>, omogu\u0107uju\u0107i ti promjenu radnog mjesta unutar kompanije. Ako odlu\u010di\u0161 u\u0107i u potpuno novo podru\u010dje, omogu\u0107ujemo ti individualni&nbsp;<strong>bud\u017eet za u\u010denje<\/strong>&nbsp;u iznosu od 1000 eura neto, kao podr\u0161ku u tvom razvoju.<\/p>\n<\/div>\n<\/div><\/div>\n\n<div\n\tclass=\"scroll-my-24 overflow-x-clip block-inset-x *:max-w-7xl *:mx-auto flow-root\"\n\t>\n\t<div class=\"flex flex-col gap-16 sm:gap-24 sm:grid *:col-end-[span_1]! sm:grid-cols-2 pt-32 sm:pt-48 pb-64 sm:pb-72 md:pb-80\">\n\t\n<div class=\"flex flex-col gap-24 items-start justify-center-safe\">\n\t\n<h2\tdata-slug=\"\"\n\tclass=\"text-balance scroll-m-20 text-title text-start text-black pb-12\"\n>\n\t<strong><strong><strong><strong><strong>Radno okru\u017eenje po tvojoj mjeri<\/strong><\/strong><\/strong><\/strong><\/strong><\/h2>\n\n<p class=\"*:link:underline text-sm text-start text-black pb-12 sm:pb-16\">\n\tUpoznajemo se i dru\u017eimo kroz cijelu godinu \u2013&nbsp;<strong>teambuildinzi, interni eventi, pub kvizovi i \u0161ahovski turniri<\/strong>, za svakoga pone\u0161to.<strong>&nbsp;<\/strong>U\u017eivamo u blagdanskom duhu pa cijeli prosinac provodimo u<strong>&nbsp;slavljeni\u010dkim aktivnostima<\/strong>. Osim toga, svaki odjel ima bud\u017eet po osobi za tzv. Team hangoutse. Ipak, ono po \u010demu smo poznati i izvan A1 je na\u0161&nbsp;<strong>godi\u0161nji tematski party<\/strong>!<br><br>Osim toga, na na\u0161em kampusu na \u017ditnjaku i u Hondlovoj imamo&nbsp;<strong>restorane i kafi\u0107e&nbsp;<\/strong>s povoljnim cijenama te&nbsp;<strong>nadzirana parkirna mjesta i gara\u017eu<\/strong>&nbsp;za sve limene ljubimce na dva i \u010detiri kota\u010da.<\/p>\n<\/div>\n\n<picture\n\t\t\t\t\tclass=\"flex flex-col h-auto w-full\"\n\t\t\t>\n\t\t<img\n\t\t\tsrc=\"https:\/\/jobs.a1.com\/wp-content\/uploads\/2025\/11\/NIN00736edit-scaled-1.webp\"\n\t\t\talt=\"\"\n\t\t\tclass=\"w-full object-cover aspect-5-4 object-center\"\n\t\t\/>\n\t<\/picture>\n<\/div><\/div>\n\n<div\n\tclass=\"scroll-my-24 overflow-x-clip block-inset-x *:max-w-7xl *:mx-auto flow-root\"\n\t>\n\t<div class=\"flex flex-col gap-16 sm:gap-24 sm:grid *:col-end-[span_1]! sm:grid-cols-2 pb-64 sm:pb-72 md:pb-80\">\n\t\n<picture\n\t\t\t\t\tclass=\"flex flex-col h-auto w-full\"\n\t\t\t>\n\t\t<img\n\t\t\tsrc=\"https:\/\/jobs.a1.com\/wp-content\/uploads\/2025\/11\/Benefiti-Careers-Benefiti-za-roditelje.webp\"\n\t\t\talt=\"\"\n\t\t\tclass=\"w-full object-cover aspect-square object-center\"\n\t\t\/>\n\t<\/picture>\n\n<div class=\"flex flex-col gap-24 items-start justify-center-safe\">\n\t\n<h2\tdata-slug=\"\"\n\tclass=\"text-balance scroll-m-20 text-title text-start text-black pb-12\"\n>\n\t<strong><strong><strong><strong><strong><strong>Benefiti za roditelje<\/strong><\/strong><\/strong><\/strong><\/strong><\/strong><\/h2>\n\n<p class=\"*:link:underline text-sm text-start text-black pb-12 sm:pb-16\">\n\tA1 mame i tate koji se vra\u0107aju na posao s rodiljnog, roditeljskog, posvojiteljskog ili udomiteljskog dopusta, mogu koristiti pogodnost\u00a0<strong>flexy baby<\/strong>, koja im omogu\u0107uje da tri mjeseca rade \u0161est sati dnevno dok im pla\u0107a ostaje kao da rade uobi\u010dajenih osam sati.<br><br>U sklopu kampusa na \u017ditnjaku nalazi se privatni\u00a0<strong>vrti\u0107<\/strong>\u00a0u kojem djeca zaposlenika imaju prednost upisa.<br><br>Roditeljima osiguravamo\u00a0<strong>\u010duvanje djece\u00a0<\/strong>tijekom \u0161kolskih praznika. Ovisno o dobi djeteta, pru\u017eamo im edukaciju i zabavu u \u0161koli skijanja ili na digitalnoj akademiji.<br><br>Za ro\u0111enje djeteta dobije\u0161 i\u00a0<strong>baby bonus\u00a0<\/strong>u iznosu od 1500 eura neto.<\/p>\n<\/div>\n<\/div><\/div>\n\n<div\n\tclass=\"scroll-my-24 overflow-x-clip block-inset-x *:max-w-7xl *:mx-auto flow-root\"\n\t>\n\t<div class=\"flex flex-col gap-16 sm:gap-24 sm:grid *:col-end-[span_1]! sm:grid-cols-2 pt-64 sm:pt-72 md:pt-80 pb-64 sm:pb-72 md:pb-80\">\n\t\n<a\tclass=\"outline-red-focus outline-offset-3 is-link:focus:outline-hidden is-link:focus-visible:outline-solid is-link:focus-visible:outline-3 transition-colors group @container overflow-clip relative isolate text-white rounded-16 text-current\"\n\t\t\thref=\"https:\/\/jobs.a1.com\/hr\/a1-start\/\"\n\t\t\t>\n\t<div class=\"flex flex-col gap-4 h-full justify-end-safe min-h-420\">\n\t\t\n\t\t<picture\n\t\t\t\t\tclass=\"overflow-clip absolute inset-0 -z-20\"\n\t\t\t>\n\t\t<img\n\t\t\tsrc=\"https:\/\/jobs.a1.com\/wp-content\/uploads\/2025\/11\/A1-Digital-2024-Start-Header-Landing-page-2500x1050_crop.webp\"\n\t\t\talt=\"\"\n\t\t\tclass=\"w-full object-center size-full! group-is-link:group-hover:scale-105 group-is-link:group-focus-visible:scale-105 transition-transform duration-500 aspect-3-2 object-cover\"\n\t\t\/>\n\t<\/picture>\n\t\t<div class=\"flex flex-col p-16 sm:p-24 shrink-0 wrap-break-word hyphens-auto\">\n\t\t\t\n\t\t\t\t\t\t\t<p class=\"text-title group-is-link:group-hover:underline group-is-link:group-focus-visible:underline underline-offset-2 text-balance\">\n\t\t\t\t\tA1 Start\t\t\t\t<\/p>\n\t\t\t\n\t\t\t\n\t\t\t\n\t\t\t\t\t<\/div>\n\t<\/div>\n<\/a>\n\n<a\tclass=\"outline-red-focus outline-offset-3 is-link:focus:outline-hidden is-link:focus-visible:outline-solid is-link:focus-visible:outline-3 transition-colors group @container overflow-clip relative isolate text-white rounded-16 text-current\"\n\t\t\thref=\"https:\/\/jobs.a1.com\/hr\/a1-stemfemme\/\"\n\t\t\t>\n\t<div class=\"flex flex-col gap-4 h-full justify-end-safe min-h-420\">\n\t\t\n\t\t<picture\n\t\t\t\t\tclass=\"overflow-clip absolute inset-0 -z-20\"\n\t\t\t>\n\t\t<img\n\t\t\tsrc=\"https:\/\/jobs.a1.com\/wp-content\/uploads\/2025\/11\/A1-2024-StemmFemme-IG-FB-carousel-v1-01-Copy_web.webp\"\n\t\t\talt=\"\"\n\t\t\tclass=\"w-full object-center size-full! group-is-link:group-hover:scale-105 group-is-link:group-focus-visible:scale-105 transition-transform duration-500 aspect-3-2 object-cover\"\n\t\t\/>\n\t<\/picture>\n\t\t<div class=\"flex flex-col p-16 sm:p-24 shrink-0 wrap-break-word hyphens-auto\">\n\t\t\t\n\t\t\t\t\t\t\t<p class=\"text-title group-is-link:group-hover:underline group-is-link:group-focus-visible:underline underline-offset-2 text-balance\">\n\t\t\t\t\tSTEMfemme\t\t\t\t<\/p>\n\t\t\t\n\t\t\t\n\t\t\t\n\t\t\t\t\t<\/div>\n\t<\/div>\n<\/a>\n<\/div><\/div>\n\n<div\n\tclass=\"scroll-my-24 overflow-x-clip flow-root\"\n\t>\n\t<h2\tdata-slug=\"xn-tvoj-sljedei-korak-poinje-ovdje-0sd2s\"\n\tclass=\"text-balance scroll-m-20 text-title text-center text-black pt-64 sm:pt-72 md:pt-80 pb-18 sm:pb-24\"\n>\n\tTvoj sljede\u0107i korak po\u010dinje ovdje.<\/h2><\/div>\n\n<div\n\tclass=\"scroll-my-24 overflow-x-clip flow-root\"\n\t>\n\t<p class=\"*:link:underline text-base text-center text-black pb-24 sm:pb-32\">\n\tZapo\u010dni svoj put s nama.<\/p><\/div>\n\n<div\n\tclass=\"scroll-my-24 overflow-x-clip block-inset-x *:max-w-5xl *:mx-auto flow-root\"\n\t>\n\t<div\n\tclass=\"job-search flex flex-col sm:flex-row items-center justify-between gap-14 sm:gap-8 flex-wrap p-30 sm:p-8 rounded-4 sm:rounded-full sm:max-h-fit sm:max-w-6xl w-full mx-auto my-16 text-black bg-white\/75 backdrop-blur-xl shadow-around js-job-search\"\n\tdata-filter-data=\"{&quot;job-category&quot;:{&quot;finance&quot;:&quot;Finance&quot;,&quot;hr&quot;:&quot;HR&quot;,&quot;internal-audit-legal&quot;:&quot;Internal Audit &amp; Legal&quot;,&quot;network-infrastructure&quot;:&quot;Network \\\/ Infrastructure&quot;,&quot;sales&quot;:&quot;Sales&quot;},&quot;location&quot;:{&quot;osijek&quot;:&quot;Osijek&quot;,&quot;rijeka&quot;:&quot;Rijeka&quot;,&quot;vara%c5%bedin&quot;:&quot;Vara\\u017edin&quot;,&quot;zagreb&quot;:&quot;Zagreb&quot;},&quot;management-level&quot;:{&quot;individual-contributor&quot;:&quot;Individual Contributor&quot;},&quot;company&quot;:{&quot;a1-croatia&quot;:&quot;A1 Croatia&quot;}}\"\n\tdata-search-page-url=\"https:\/\/jobs.a1.com\/jobs\/?country=croatia\"\n\tdata-attributes=\"{&quot;jobSearchCountry&quot;:&quot;croatia&quot;,&quot;jobSearchCountryFieldUse&quot;:false,&quot;jobSearchCountries&quot;:[],&quot;jobSearchButtonContent&quot;:&quot;&quot;,&quot;jobSearchButtonIconName&quot;:&quot;chevronRight&quot;}\"\n>\n<\/div><\/div>\n\n<div\n\tclass=\"scroll-my-24 overflow-x-clip block-inset-x flow-root\"\n\t>\n\t<div\n\taria-hidden=\"true\"\n\tclass=\"\"\n>\n\t<\/div><\/div>\n\n<div\n\tclass=\"scroll-my-24 overflow-x-clip block-inset-x flow-root\"\n\t>\n\t<div\n\taria-hidden=\"true\"\n\tclass=\"h-64 sm:h-72 md:h-80\"\n>\n\t<\/div><\/div>","protected":false},"excerpt":{"rendered":"","protected":false},"author":3,"featured_media":0,"parent":0,"menu_order":0,"comment_status":"closed","ping_status":"closed","template":"","meta":{"es_utils_meta_schema":"","footnotes":""},"departments":[],"class_list":["post-3074","page","type-page","status-publish","hentry"],"yoast_head":"<!-- This site is optimized with the Yoast SEO plugin v27.2 - https:\/\/yoast.com\/product\/yoast-seo-wordpress\/ -->\n<title>Benefiti - A1 Jobs<\/title>\n<meta name=\"robots\" content=\"index, follow, max-snippet:-1, max-image-preview:large, max-video-preview:-1\" \/>\n<link rel=\"canonical\" href=\"https:\/\/jobs.a1.com\/hr\/benefiti\/\" \/>\n<meta property=\"og:locale\" content=\"hr_HR\" \/>\n<meta property=\"og:type\" content=\"article\" \/>\n<meta property=\"og:title\" content=\"Benefiti - A1 Jobs\" \/>\n<meta property=\"og:url\" content=\"https:\/\/jobs.a1.com\/hr\/benefiti\/\" \/>\n<meta property=\"og:site_name\" content=\"A1 Jobs\" \/>\n<meta property=\"article:modified_time\" content=\"2025-11-21T08:22:58+00:00\" \/>\n<meta name=\"twitter:card\" content=\"summary_large_image\" \/>\n<script type=\"application\/ld+json\" class=\"yoast-schema-graph\">{\"@context\":\"https:\/\/schema.org\",\"@graph\":[{\"@type\":\"WebPage\",\"@id\":\"https:\/\/jobs.a1.com\/hr\/benefiti\/\",\"url\":\"https:\/\/jobs.a1.com\/hr\/benefiti\/\",\"name\":\"Benefiti - A1 Jobs\",\"isPartOf\":{\"@id\":\"https:\/\/jobs.a1.com\/#website\"},\"datePublished\":\"2025-10-23T11:27:11+00:00\",\"dateModified\":\"2025-11-21T08:22:58+00:00\",\"breadcrumb\":{\"@id\":\"https:\/\/jobs.a1.com\/hr\/benefiti\/#breadcrumb\"},\"inLanguage\":\"hr\",\"potentialAction\":[{\"@type\":\"ReadAction\",\"target\":[\"https:\/\/jobs.a1.com\/hr\/benefiti\/\"]}]},{\"@type\":\"BreadcrumbList\",\"@id\":\"https:\/\/jobs.a1.com\/hr\/benefiti\/#breadcrumb\",\"itemListElement\":[{\"@type\":\"ListItem\",\"position\":1,\"name\":\"Home\",\"item\":\"https:\/\/jobs.a1.com\/hr\/\"},{\"@type\":\"ListItem\",\"position\":2,\"name\":\"Benefiti\"}]},{\"@type\":\"WebSite\",\"@id\":\"https:\/\/jobs.a1.com\/#website\",\"url\":\"https:\/\/jobs.a1.com\/\",\"name\":\"A1 Jobs\",\"description\":\"\",\"publisher\":{\"@id\":\"https:\/\/jobs.a1.com\/#organization\"},\"potentialAction\":[{\"@type\":\"SearchAction\",\"target\":{\"@type\":\"EntryPoint\",\"urlTemplate\":\"https:\/\/jobs.a1.com\/?s={search_term_string}\"},\"query-input\":{\"@type\":\"PropertyValueSpecification\",\"valueRequired\":true,\"valueName\":\"search_term_string\"}}],\"inLanguage\":\"hr\"},{\"@type\":\"Organization\",\"@id\":\"https:\/\/jobs.a1.com\/#organization\",\"name\":\"A1 Jobs\",\"url\":\"https:\/\/jobs.a1.com\/\",\"logo\":{\"@type\":\"ImageObject\",\"inLanguage\":\"hr\",\"@id\":\"https:\/\/jobs.a1.com\/#\/schema\/logo\/image\/\",\"url\":\"https:\/\/jobs.a1.com\/wp-content\/uploads\/2025\/10\/A1_Logo_Std_Red_Pos_3_L-copy.webp\",\"contentUrl\":\"https:\/\/jobs.a1.com\/wp-content\/uploads\/2025\/10\/A1_Logo_Std_Red_Pos_3_L-copy.webp\",\"width\":934,\"height\":967,\"caption\":\"A1 Jobs\"},\"image\":{\"@id\":\"https:\/\/jobs.a1.com\/#\/schema\/logo\/image\/\"}}]}<\/script>\n<!-- \/ Yoast SEO plugin. -->","yoast_head_json":{"title":"Benefiti - A1 Jobs","robots":{"index":"index","follow":"follow","max-snippet":"max-snippet:-1","max-image-preview":"max-image-preview:large","max-video-preview":"max-video-preview:-1"},"canonical":"https:\/\/jobs.a1.com\/hr\/benefiti\/","og_locale":"hr_HR","og_type":"article","og_title":"Benefiti - A1 Jobs","og_url":"https:\/\/jobs.a1.com\/hr\/benefiti\/","og_site_name":"A1 Jobs","article_modified_time":"2025-11-21T08:22:58+00:00","twitter_card":"summary_large_image","schema":{"@context":"https:\/\/schema.org","@graph":[{"@type":"WebPage","@id":"https:\/\/jobs.a1.com\/hr\/benefiti\/","url":"https:\/\/jobs.a1.com\/hr\/benefiti\/","name":"Benefiti - A1 Jobs","isPartOf":{"@id":"https:\/\/jobs.a1.com\/#website"},"datePublished":"2025-10-23T11:27:11+00:00","dateModified":"2025-11-21T08:22:58+00:00","breadcrumb":{"@id":"https:\/\/jobs.a1.com\/hr\/benefiti\/#breadcrumb"},"inLanguage":"hr","potentialAction":[{"@type":"ReadAction","target":["https:\/\/jobs.a1.com\/hr\/benefiti\/"]}]},{"@type":"BreadcrumbList","@id":"https:\/\/jobs.a1.com\/hr\/benefiti\/#breadcrumb","itemListElement":[{"@type":"ListItem","position":1,"name":"Home","item":"https:\/\/jobs.a1.com\/hr\/"},{"@type":"ListItem","position":2,"name":"Benefiti"}]},{"@type":"WebSite","@id":"https:\/\/jobs.a1.com\/#website","url":"https:\/\/jobs.a1.com\/","name":"A1 Jobs","description":"","publisher":{"@id":"https:\/\/jobs.a1.com\/#organization"},"potentialAction":[{"@type":"SearchAction","target":{"@type":"EntryPoint","urlTemplate":"https:\/\/jobs.a1.com\/?s={search_term_string}"},"query-input":{"@type":"PropertyValueSpecification","valueRequired":true,"valueName":"search_term_string"}}],"inLanguage":"hr"},{"@type":"Organization","@id":"https:\/\/jobs.a1.com\/#organization","name":"A1 Jobs","url":"https:\/\/jobs.a1.com\/","logo":{"@type":"ImageObject","inLanguage":"hr","@id":"https:\/\/jobs.a1.com\/#\/schema\/logo\/image\/","url":"https:\/\/jobs.a1.com\/wp-content\/uploads\/2025\/10\/A1_Logo_Std_Red_Pos_3_L-copy.webp","contentUrl":"https:\/\/jobs.a1.com\/wp-content\/uploads\/2025\/10\/A1_Logo_Std_Red_Pos_3_L-copy.webp","width":934,"height":967,"caption":"A1 Jobs"},"image":{"@id":"https:\/\/jobs.a1.com\/#\/schema\/logo\/image\/"}}]}},"_links":{"self":[{"href":"https:\/\/jobs.a1.com\/hr\/wp-json\/wp\/v2\/pages\/3074","targetHints":{"allow":["GET"]}}],"collection":[{"href":"https:\/\/jobs.a1.com\/hr\/wp-json\/wp\/v2\/pages"}],"about":[{"href":"https:\/\/jobs.a1.com\/hr\/wp-json\/wp\/v2\/types\/page"}],"author":[{"embeddable":true,"href":"https:\/\/jobs.a1.com\/hr\/wp-json\/wp\/v2\/users\/3"}],"replies":[{"embeddable":true,"href":"https:\/\/jobs.a1.com\/hr\/wp-json\/wp\/v2\/comments?post=3074"}],"version-history":[{"count":21,"href":"https:\/\/jobs.a1.com\/hr\/wp-json\/wp\/v2\/pages\/3074\/revisions"}],"predecessor-version":[{"id":5533,"href":"https:\/\/jobs.a1.com\/hr\/wp-json\/wp\/v2\/pages\/3074\/revisions\/5533"}],"wp:attachment":[{"href":"https:\/\/jobs.a1.com\/hr\/wp-json\/wp\/v2\/media?parent=3074"}],"wp:term":[{"taxonomy":"department","embeddable":true,"href":"https:\/\/jobs.a1.com\/hr\/wp-json\/wp\/v2\/departments?post=3074"}],"curies":[{"name":"wp","href":"https:\/\/api.w.org\/{rel}","templated":true}]}}