{"id":2019,"date":"2025-10-01T14:12:16","date_gmt":"2025-10-01T12:12:16","guid":{"rendered":"https:\/\/jobs.a1.com\/?page_id=2019"},"modified":"2025-11-24T10:24:28","modified_gmt":"2025-11-24T09:24:28","slug":"employee-assistance-programm","status":"publish","type":"page","link":"https:\/\/jobs.a1.com\/sl\/employee-assistance-programm\/","title":{"rendered":"Employee Assistance Programm"},"content":{"rendered":"<div\n\tclass=\"scroll-my-24 overflow-x-clip flow-root\"\n\t>\n\t<div class=\"grid grid-rows-1 grid-cols-1 gap-8 h-[90vh]\">\n\t<picture\n\t\t\t\t\tclass=\"row-start-1 row-span-1 col-start-1 col-span-1\"\n\t\t\t>\n\t\t<img\n\t\t\tsrc=\"https:\/\/jobs.a1.com\/wp-content\/uploads\/2025\/10\/ISF01078-3.webp\"\n\t\t\talt=\"\"\n\t\t\tclass=\"w-full object-cover aspect-video object-top size-full object-cover\"\n\t\t\/>\n\t<\/picture>\n\t<div class=\"row-start-1 row-span-1 col-start-1 col-span-1 flex flex-col justify-end block-inset-x overflow-x-clip py-24 sm:py-60\">\n\t\t<div\n\tclass=\"job-search flex flex-col sm:flex-row items-center justify-between gap-14 sm:gap-8 flex-wrap p-30 sm:p-8 rounded-4 sm:rounded-full sm:max-h-fit sm:max-w-6xl w-full mx-auto my-16 text-black bg-white\/75 backdrop-blur-xl shadow-around js-job-search\"\n\tdata-filter-data=\"{&quot;job-category&quot;:{&quot;customer-management&quot;:&quot;Customer Management&quot;,&quot;hr&quot;:&quot;HR&quot;,&quot;sales&quot;:&quot;Sales&quot;},&quot;location&quot;:{&quot;ljubljana&quot;:&quot;Ljubljana&quot;,&quot;maribor&quot;:&quot;Maribor&quot;},&quot;management-level&quot;:{&quot;individual-contributor&quot;:&quot;Individual Contributor&quot;},&quot;company&quot;:{&quot;a1-slovenia&quot;:&quot;A1 Slovenia&quot;}}\"\n\tdata-search-page-url=\"https:\/\/jobs.a1.com\/jobs\/?country=slovenia\"\n\tdata-attributes=\"{&quot;jobSearchCountry&quot;:&quot;slovenia&quot;,&quot;jobSearchCountryFieldUse&quot;:false,&quot;jobSearchCountries&quot;:[],&quot;jobSearchButtonContent&quot;:&quot;&quot;,&quot;jobSearchButtonIconName&quot;:&quot;chevronRight&quot;}\"\n>\n<\/div>\t<\/div>\n<\/div><\/div>\n\n<div\n\tclass=\"scroll-my-24 overflow-x-clip block-inset-x *:max-w-5xl *:mx-auto flow-root\"\n\t>\n\t<h2\tdata-slug=\"xn-skrbimo-za-nao-ekipo-in-nae-najblije-7shr96j\"\n\tclass=\"text-balance scroll-m-20 text-display-lg font-serif text-center text-black pt-48 sm:pt-64 pb-32 sm:pb-48\"\n>\n\tSkrbimo za na\u0161o ekipo <br>in na\u0161e najbli\u017eje<\/h2><\/div>\n\n<div\n\tclass=\"scroll-my-24 overflow-x-clip block-inset-x *:max-w-5xl *:mx-auto flow-root\"\n\t>\n\t<p class=\"*:link:underline text-base text-center text-black pb-70 sm:pb-80 md:pb-96\">\n\tPrimerna podpora za tvoje \u017eivljenjske izzive. To ponuja na\u0161 Program za podporo zaposlenim (Employee Assistance Program \u2013 EAP), ki deluje na ravni celotne Skupine A1. Ni namenjen zgolj tebi, temve\u010d tudi tvojim dru\u017einskim \u010dlanom.<\/p><\/div>\n\n<div\n\tclass=\"scroll-my-24 overflow-x-clip block-inset-x *:max-w-7xl *:mx-auto flow-root\"\n\t>\n\t<div class=\"flex flex-col gap-16 sm:gap-24 sm:grid *:col-end-[span_1]! sm:grid-cols-2\">\n\t\n<div class=\"flex flex-col gap-16 items-start justify-center-safe\">\n\t\n<h2\tdata-slug=\"svetovanje-in-coaching\"\n\tclass=\"text-balance scroll-m-20 text-title text-start text-black\"\n>\n\tSvetovanje in coaching<\/h2>\n\n<p class=\"*:link:underline text-sm text-start text-black\">\n\tStres, tesnoba, nespe\u010dnost, finan\u010dne te\u017eave,\u2026 vsi se ob\u010dasno soo\u010damo z izzivi in te\u017eavami. \u010ce se ti ali tvoji o\u017eji dru\u017einski \u010dlani po\u010dutite preobremenjene, vam je na voljo Program za podporo zaposlenim (EAP). Pokli\u010dete lahko na anonimno telefonsko \u0161tevilko, ki je na voljo 24 ur na dan, vse dni v letu, in prejmete takoj\u0161njo pomo\u010d. Lahko se udele\u017eite tudi svetovalnih sre\u010danj, kjer obravnavate teme, ki vas bremenijo \u2013 ne glede na to, ali gre za psiholo\u0161ka, finan\u010dna ali pravna vpra\u0161anja.<\/p>\n<\/div>\n\n<picture\n\t\t\t\t\tclass=\"flex flex-col h-auto w-full\"\n\t\t\t>\n\t\t<img\n\t\t\tsrc=\"https:\/\/jobs.a1.com\/wp-content\/uploads\/2025\/10\/getty-images-Tx8-zNzSNkw-unsplash-scaled.webp\"\n\t\t\talt=\"\"\n\t\t\tclass=\"w-full object-cover aspect-5-4 object-center\"\n\t\t\/>\n\t<\/picture>\n<\/div><\/div>\n\n<div\n\tclass=\"scroll-my-24 overflow-x-clip block-inset-x *:max-w-5xl *:mx-auto flow-root\"\n\t>\n\t<div class=\"flex flex-col gap-16 sm:gap-24 sm:grid *:col-end-[span_1]! sm:grid-cols-2 pt-64 sm:pt-72 md:pt-80 pb-64 sm:pb-72 md:pb-80\">\n\t\n<picture\n\t\t\t\t\tclass=\"flex flex-col h-auto w-full\"\n\t\t\t>\n\t\t<img\n\t\t\tsrc=\"https:\/\/jobs.a1.com\/wp-content\/uploads\/2025\/11\/GettyImages-627761528-scaled-1.webp\"\n\t\t\talt=\"\"\n\t\t\tclass=\"w-full object-cover aspect-3-2 object-center\"\n\t\t\/>\n\t<\/picture>\n\n<div class=\"flex flex-col gap-16 pt-32 sm:pt-48 items-start justify-start\">\n\t\n<h2\tdata-slug=\"xn-skrb-za-dobro-poutje-cpc\"\n\tclass=\"text-balance scroll-m-20 text-title text-start text-black\"\n>\n\tSkrb za dobro po\u010dutje<\/h2>\n\n<p class=\"*:link:underline text-sm text-start text-black\">\n\tUdele\u017ei\u0161 se lahko interaktivnih spletnih seminarjev ali dostopa\u0161 do zanimivih spletnih vsebin, saj verjamemo, da sta ozave\u0161\u010denost in zdravstvena vzgoja pomembna dejavnika za ohranjanje vitalnosti.<\/p>\n<\/div>\n<\/div><\/div>\n\n<div\n\tclass=\"scroll-my-24 overflow-x-clip block-inset-x *:max-w-[67.5rem] *:mx-auto flow-root\"\n\t>\n\t<div\n\tclass=\"mb-64 sm:mb-72 md:mb-80 js-carousel\"\n\t\t\t\tdata-disable\n\t\t>\n\t<div class=\"overflow-clip block-inset-x mask-x-from-98% mask-x-to-100% js-carousel-container\">\n\t\t<div class=\"flex *:select-none *:shrink-0 *:grow-0 *:bg-red-0\/0 items-start *:basis-xs sm:*:basis-sm md:*:basis-md space-x-30 sm:space-x-40 js-carousel-content\">\n\t\t\t\n<figure\n\tclass=\"text-grey-4 text-center flex flex-col gap-32 items-center pt-48 sm:pt-64 pb-48 sm:pb-64\"\n\trole=\"figure\"\n>\n\t<div data-carousel-transition-inactive=\"scale\" data-carousel-transition-mid=\"moveShadow\">\n\t\t\t<\/div>\n\n\t\t\t<blockquote\n\t\t\tclass=\"max-w-md text-base md:text-sm text-balance\"\n\t\t\tdata-carousel-transition-inactive=\"hideScale\"\n\t\t>\n\t\t\t<p>\n\t\t\t\tProgram za podporo zaposlenim mi je zelo pri srcu. Verjamem, da je najpomembnej\u0161i odnos, ki ga imamo v \u017eivljenju, tisti, ki ga imamo sami s sabo. Du\u0161evno zdravje je temelj \u2013 brez njega te\u017eko delujemo, tako v zasebnem kot v poslovnem \u017eivljenju. Zato izjemno cenim, da imamo v A1 dostop do programa, ki ponuja podporo pri najrazli\u010dnej\u0161ih \u017eivljenjskih izzivih.\t\t\t<\/p>\n\t\t<\/blockquote>\n\t\n\t\t\t<figcaption\n\t\t\tclass=\"max-w-md\"\n\t\t\tdata-carousel-transition-inactive=\"hideScale\"\n\t\t>\n\t\t\t\t\t\t\t<span class=\"text-intro font-bold block text-sm\">\n\t\t\t\t\tA. \u0160. &#8211;  A1 Slovenija\t\t\t\t<\/span>\n\t\t\t\n\t\t\t\t\t<\/figcaption>\n\t<\/figure>\n\n<figure\n\tclass=\"text-grey-4 text-center flex flex-col gap-32 items-center pt-48 sm:pt-64 pb-48 sm:pb-64\"\n\trole=\"figure\"\n>\n\t<div data-carousel-transition-inactive=\"scale\" data-carousel-transition-mid=\"moveShadow\">\n\t\t\t<\/div>\n\n\t\t\t<blockquote\n\t\t\tclass=\"max-w-md text-base md:text-sm text-balance\"\n\t\t\tdata-carousel-transition-inactive=\"hideScale\"\n\t\t>\n\t\t\t<p>\n\t\t\t\tSama ga sicer \u0161e nisem koristila, mi je pa v\u0161e\u010d, da vem, da program obstaja in da ga lahko koristim, \u010de se bom zna\u0161la pred izzivi, ki jih ne bom mogla re\u0161iti sama. To mi daje ob\u010dutek varnosti.\t\t\t<\/p>\n\t\t<\/blockquote>\n\t\n\t\t\t<figcaption\n\t\t\tclass=\"max-w-md\"\n\t\t\tdata-carousel-transition-inactive=\"hideScale\"\n\t\t>\n\t\t\t\t\t\t\t<span class=\"text-intro font-bold block text-sm\">\n\t\t\t\t\tN. F. &#8211;  A1 Slovenija\t\t\t\t<\/span>\n\t\t\t\n\t\t\t\t\t<\/figcaption>\n\t<\/figure>\n\t\t<\/div>\n\t<\/div>\n\n\t<div class=\"flex max-sm:flex-wrap items-center justify-end-safe sm:justify-center-safe gap-16 block-inset-x\">\n\t\t<div class=\"auto-cols-fr grid grid-flow-col w-full shrink-0 js-carousel-pagination-indicator\" role=\"tablist\"><\/div>\n\n\t\t<button\taria-label=\"Prej\u0161nje\"class=\"flex items-center justify-self-start gap-8 rounded-4 focus-visible:outline-solid focus-visible:outline-3 outline-red-focus outline-offset-3 border-2 transition icon:transition not-disabled:cursor-pointer bg-red-m1\/0 border-red-0 text-red-p1 hover:bg-red-m1\/10 hover:border-red-p1 active:bg-red-m1\/15 active:border-red-p1 disabled:bg-grey-2\/0 disabled:border-grey-2 disabled:text-grey-2 p-12 button rounded-full sm:hidden js-carousel-prev\">\n\t<svg aria-hidden=\"true\" class=\"size-24\" xmlns='http:\/\/www.w3.org\/2000\/svg' width='32' height='32' viewBox='0 0 32 32' fill='none'><path d='m5 16 10.65 10.65 1.41-1.41L7.82 16l9.24-9.24-1.41-1.41L5 16Zm6.66 1H27v-2H11.66l-1 1 1 1Z' fill='currentColor'\/><\/svg>\n\t\n\t<\/button><button\taria-label=\"Naslednje\"class=\"flex items-center justify-self-start gap-8 rounded-4 focus-visible:outline-solid focus-visible:outline-3 outline-red-focus outline-offset-3 border-2 transition icon:transition not-disabled:cursor-pointer bg-red-m1\/0 border-red-0 text-red-p1 hover:bg-red-m1\/10 hover:border-red-p1 active:bg-red-m1\/15 active:border-red-p1 disabled:bg-grey-2\/0 disabled:border-grey-2 disabled:text-grey-2 p-12 button rounded-full sm:hidden js-carousel-next\">\n\t<svg aria-hidden=\"true\" class=\"size-24\" xmlns='http:\/\/www.w3.org\/2000\/svg' width='32' height='32' viewBox='0 0 32 32' fill='none'><path d='M27 16 16.35 26.65l-1.41-1.41L24.18 16l-9.24-9.24 1.41-1.41L27 16Zm-6.66 1H5v-2h15.34l1 1-1 1Z' fill='currentColor'\/><\/svg>\n\t\n\t<\/button>\t<\/div>\n<\/div><\/div>\n\n<div\n\tclass=\"scroll-my-24 overflow-x-clip flow-root\"\n\t>\n\t<h2\tdata-slug=\"xn-v-slubi-bodi-ti-mi-te-sprejmemo-takega-kot-si-0fk\"\n\tclass=\"text-balance scroll-m-20 text-title text-center text-black pt-32 sm:pt-48 pb-18 sm:pb-24\"\n>\n\tV slu\u017ebi bodi ti &#8211; mi te sprejmemo takega, kot si.<\/h2><\/div>\n\n<div\n\tclass=\"scroll-my-24 overflow-x-clip flow-root\"\n\t>\n\t<p class=\"*:link:underline text-base text-center text-black pb-24 sm:pb-32\">\n\tRazi\u0161\u010di mo\u017enosti, kako lahko poskrbimo zate.<\/p><\/div>\n\n<div\n\tclass=\"scroll-my-24 overflow-x-clip block-inset-x flow-root\"\n\t>\n\t<div\n\tclass=\"job-search flex flex-col sm:flex-row items-center justify-between gap-14 sm:gap-8 flex-wrap p-30 sm:p-8 rounded-4 sm:rounded-full sm:max-h-fit sm:max-w-6xl w-full mx-auto my-16 text-black bg-white\/75 backdrop-blur-xl shadow-around js-job-search\"\n\tdata-filter-data=\"{&quot;job-category&quot;:{&quot;customer-management&quot;:&quot;Customer Management&quot;,&quot;hr&quot;:&quot;HR&quot;,&quot;sales&quot;:&quot;Sales&quot;},&quot;location&quot;:{&quot;ljubljana&quot;:&quot;Ljubljana&quot;,&quot;maribor&quot;:&quot;Maribor&quot;},&quot;management-level&quot;:{&quot;individual-contributor&quot;:&quot;Individual Contributor&quot;},&quot;company&quot;:{&quot;a1-slovenia&quot;:&quot;A1 Slovenia&quot;}}\"\n\tdata-search-page-url=\"https:\/\/jobs.a1.com\/jobs\/?country=slovenia\"\n\tdata-attributes=\"{&quot;jobSearchCountry&quot;:&quot;slovenia&quot;,&quot;jobSearchCountryFieldUse&quot;:false,&quot;jobSearchCountries&quot;:[],&quot;jobSearchButtonContent&quot;:&quot;&quot;,&quot;jobSearchButtonIconName&quot;:&quot;chevronRight&quot;}\"\n>\n<\/div><\/div>\n\n<div\n\tclass=\"scroll-my-24 overflow-x-clip block-inset-x *:max-w-7xl *:mx-auto flow-root\"\n\t>\n\t<div class=\"flex flex-col gap-16 sm:gap-24 sm:grid *:col-end-[span_1]! sm:grid-cols-3 pt-64 sm:pt-72 md:pt-80 pb-70 sm:pb-80 md:pb-96\">\n\t\n<div\tclass=\"outline-red-focus outline-offset-3 is-link:focus:outline-hidden is-link:focus-visible:outline-solid is-link:focus-visible:outline-3 transition-colors group @container overflow-clip relative isolate text-white rounded-16 text-current\"\n\t>\n\t<div class=\"flex flex-col gap-4 h-full justify-end-safe min-h-420\">\n\t\t\t\t\t<div class=\"absolute -z-10 inset-0 bg-linear-to-b from-black\/60 to-black\/25 mix-blend-darken select-none pointer-events-none\"><\/div>\n\t\t\n\t\t<picture\n\t\t\t\t\tclass=\"overflow-clip absolute inset-0 -z-20\"\n\t\t\t>\n\t\t<img\n\t\t\tsrc=\"https:\/\/jobs.a1.com\/wp-content\/uploads\/2025\/11\/iStock-1475510950-copy-scaled.webp\"\n\t\t\talt=\"\"\n\t\t\tclass=\"w-full object-center size-full! group-is-link:group-hover:scale-105 group-is-link:group-focus-visible:scale-105 transition-transform duration-500 aspect-3-2 object-cover\"\n\t\t\/>\n\t<\/picture>\n\t\t<div class=\"flex flex-col p-16 sm:p-24 shrink-0 wrap-break-word hyphens-auto\">\n\t\t\t\n\t\t\t\t\t\t\t<p class=\"text-title group-is-link:group-hover:underline group-is-link:group-focus-visible:underline underline-offset-2 text-balance\">\n\t\t\t\t\tTukaj boste na\u0161li pristno skrb za vas, va\u0161o ekipo in svet okoli vas\t\t\t\t<\/p>\n\t\t\t\n\t\t\t\n\t\t\t\n\t\t\t\t\t\t\t<div class=\"flex flex-wrap gap-16 mt-auto pt-8\">\n\t\t\t\t\t<a\thref=\"https:\/\/jobs.a1.com\/sl\/skrb\/\"class=\"flex items-center justify-self-start gap-8 rounded-4 focus-visible:outline-solid focus-visible:outline-3 outline-red-focus outline-offset-3 border-2 transition icon:transition not-disabled:cursor-pointer bg-red-0 border-red-0 text-white hover:bg-red-p1 hover:border-red-p1 active:bg-red-p1 active:border-red-p1 disabled:bg-grey-2 disabled:border-grey-2 disabled:text-grey-1 p-12 px-20 button w-fit mt-12\">\n\t\n\t\t\t<span>Preberi ve\u010d<\/span>\n\t\n\t<\/a>\t\t\t\t<\/div>\n\t\t\t\t\t<\/div>\n\t<\/div>\n<\/div>\n\n<div\tclass=\"outline-red-focus outline-offset-3 is-link:focus:outline-hidden is-link:focus-visible:outline-solid is-link:focus-visible:outline-3 transition-colors group @container overflow-clip relative isolate text-white rounded-16 text-current\"\n\t>\n\t<div class=\"flex flex-col gap-4 h-full justify-end-safe min-h-420\">\n\t\t\t\t\t<div class=\"absolute -z-10 inset-0 bg-linear-to-b from-black\/60 to-black\/25 mix-blend-darken select-none pointer-events-none\"><\/div>\n\t\t\n\t\t<picture\n\t\t\t\t\tclass=\"overflow-clip absolute inset-0 -z-20\"\n\t\t\t>\n\t\t<img\n\t\t\tsrc=\"https:\/\/jobs.a1.com\/wp-content\/uploads\/2025\/11\/iStock-1256861891-scaled.webp\"\n\t\t\talt=\"\"\n\t\t\tclass=\"w-full object-center size-full! group-is-link:group-hover:scale-105 group-is-link:group-focus-visible:scale-105 transition-transform duration-500 aspect-3-2 object-cover\"\n\t\t\/>\n\t<\/picture>\n\t\t<div class=\"flex flex-col p-16 sm:p-24 shrink-0 wrap-break-word hyphens-auto\">\n\t\t\t\n\t\t\t\t\t\t\t<p class=\"text-title group-is-link:group-hover:underline group-is-link:group-focus-visible:underline underline-offset-2 text-balance\">\n\t\t\t\t\tMo\u010dni skupaj, tudi ko postane te\u017eko\t\t\t\t<\/p>\n\t\t\t\n\t\t\t\n\t\t\t\n\t\t\t\t\t\t\t<div class=\"flex flex-wrap gap-16 mt-auto pt-8\">\n\t\t\t\t\t<a\thref=\"https:\/\/jobs.a1.com\/sl\/moc\/\"class=\"flex items-center justify-self-start gap-8 rounded-4 focus-visible:outline-solid focus-visible:outline-3 outline-red-focus outline-offset-3 border-2 transition icon:transition not-disabled:cursor-pointer bg-red-0 border-red-0 text-white hover:bg-red-p1 hover:border-red-p1 active:bg-red-p1 active:border-red-p1 disabled:bg-grey-2 disabled:border-grey-2 disabled:text-grey-1 p-12 px-20 button w-fit mt-12\">\n\t\n\t\t\t<span>Preberi ve\u010d<\/span>\n\t\n\t<\/a>\t\t\t\t<\/div>\n\t\t\t\t\t<\/div>\n\t<\/div>\n<\/div>\n\n<div\tclass=\"outline-red-focus outline-offset-3 is-link:focus:outline-hidden is-link:focus-visible:outline-solid is-link:focus-visible:outline-3 transition-colors group @container overflow-clip relative isolate text-white rounded-16 text-current\"\n\t>\n\t<div class=\"flex flex-col gap-4 h-full justify-end-safe min-h-420\">\n\t\t\t\t\t<div class=\"absolute -z-10 inset-0 bg-linear-to-b from-black\/60 to-black\/25 mix-blend-darken select-none pointer-events-none\"><\/div>\n\t\t\n\t\t<picture\n\t\t\t\t\tclass=\"overflow-clip absolute inset-0 -z-20\"\n\t\t\t>\n\t\t<img\n\t\t\tsrc=\"https:\/\/jobs.a1.com\/wp-content\/uploads\/2025\/10\/getty-images-qAcAKu1YWAY-unsplash-scaled.webp\"\n\t\t\talt=\"\"\n\t\t\tclass=\"w-full object-center size-full! group-is-link:group-hover:scale-105 group-is-link:group-focus-visible:scale-105 transition-transform duration-500 aspect-3-2 object-cover\"\n\t\t\/>\n\t<\/picture>\n\t\t<div class=\"flex flex-col p-16 sm:p-24 shrink-0 wrap-break-word hyphens-auto\">\n\t\t\t\n\t\t\t\t\t\t\t<h1 class=\"text-title group-is-link:group-hover:underline group-is-link:group-focus-visible:underline underline-offset-2 text-balance\">\n\t\t\t\t\tRast se zgodi vsaki\u010d, ko prerastemo to, kar smo bili v\u010deraj\t\t\t\t<\/h1>\n\t\t\t\n\t\t\t\n\t\t\t\n\t\t\t\t\t\t\t<div class=\"flex flex-wrap gap-16 mt-auto pt-8\">\n\t\t\t\t\t<a\thref=\"https:\/\/jobs.a1.com\/sl\/rast\/\"class=\"flex items-center justify-self-start gap-8 rounded-4 focus-visible:outline-solid focus-visible:outline-3 outline-red-focus outline-offset-3 border-2 transition icon:transition not-disabled:cursor-pointer bg-red-0 border-red-0 text-white hover:bg-red-p1 hover:border-red-p1 active:bg-red-p1 active:border-red-p1 disabled:bg-grey-2 disabled:border-grey-2 disabled:text-grey-1 p-12 px-20 button w-fit mt-12\">\n\t\n\t\t\t<span>Preberi ve\u010d<\/span>\n\t\n\t<\/a>\t\t\t\t<\/div>\n\t\t\t\t\t<\/div>\n\t<\/div>\n<\/div>\n<\/div><\/div>\n\n<div\n\tclass=\"scroll-my-24 overflow-x-clip block-inset-x flow-root\"\n\t>\n\t<div\n\taria-hidden=\"true\"\n\tclass=\"\"\n>\n\t<\/div><\/div>","protected":false},"excerpt":{"rendered":"","protected":false},"author":3,"featured_media":0,"parent":0,"menu_order":0,"comment_status":"closed","ping_status":"closed","template":"","meta":{"es_utils_meta_schema":"","footnotes":""},"departments":[],"class_list":["post-2019","page","type-page","status-publish","hentry"],"yoast_head":"<!-- This site is optimized with the Yoast SEO plugin v27.2 - https:\/\/yoast.com\/product\/yoast-seo-wordpress\/ -->\n<title>Employee Assistance Programm - A1 Jobs<\/title>\n<meta name=\"robots\" content=\"index, follow, max-snippet:-1, max-image-preview:large, max-video-preview:-1\" \/>\n<link rel=\"canonical\" href=\"https:\/\/jobs.a1.com\/employee-assistance-programm\/\" \/>\n<meta property=\"og:locale\" content=\"sl_SI\" \/>\n<meta property=\"og:type\" content=\"article\" \/>\n<meta property=\"og:title\" content=\"Employee Assistance Programm - A1 Jobs\" \/>\n<meta property=\"og:url\" content=\"https:\/\/jobs.a1.com\/employee-assistance-programm\/\" \/>\n<meta property=\"og:site_name\" content=\"A1 Jobs\" \/>\n<meta property=\"article:modified_time\" content=\"2025-11-24T09:24:28+00:00\" \/>\n<meta name=\"twitter:card\" content=\"summary_large_image\" \/>\n<script type=\"application\/ld+json\" class=\"yoast-schema-graph\">{\"@context\":\"https:\/\/schema.org\",\"@graph\":[{\"@type\":\"WebPage\",\"@id\":\"https:\/\/jobs.a1.com\/employee-assistance-programm\/\",\"url\":\"https:\/\/jobs.a1.com\/employee-assistance-programm\/\",\"name\":\"Employee Assistance Programm - A1 Jobs\",\"isPartOf\":{\"@id\":\"https:\/\/jobs.a1.com\/#website\"},\"datePublished\":\"2025-10-01T12:12:16+00:00\",\"dateModified\":\"2025-11-24T09:24:28+00:00\",\"breadcrumb\":{\"@id\":\"https:\/\/jobs.a1.com\/employee-assistance-programm\/#breadcrumb\"},\"inLanguage\":\"sl-SI\",\"potentialAction\":[{\"@type\":\"ReadAction\",\"target\":[\"https:\/\/jobs.a1.com\/employee-assistance-programm\/\"]}]},{\"@type\":\"BreadcrumbList\",\"@id\":\"https:\/\/jobs.a1.com\/employee-assistance-programm\/#breadcrumb\",\"itemListElement\":[{\"@type\":\"ListItem\",\"position\":1,\"name\":\"Home\",\"item\":\"https:\/\/jobs.a1.com\/sl\/\"},{\"@type\":\"ListItem\",\"position\":2,\"name\":\"Employee Assistance Programm\"}]},{\"@type\":\"WebSite\",\"@id\":\"https:\/\/jobs.a1.com\/#website\",\"url\":\"https:\/\/jobs.a1.com\/\",\"name\":\"A1 Jobs\",\"description\":\"\",\"publisher\":{\"@id\":\"https:\/\/jobs.a1.com\/#organization\"},\"potentialAction\":[{\"@type\":\"SearchAction\",\"target\":{\"@type\":\"EntryPoint\",\"urlTemplate\":\"https:\/\/jobs.a1.com\/?s={search_term_string}\"},\"query-input\":{\"@type\":\"PropertyValueSpecification\",\"valueRequired\":true,\"valueName\":\"search_term_string\"}}],\"inLanguage\":\"sl-SI\"},{\"@type\":\"Organization\",\"@id\":\"https:\/\/jobs.a1.com\/#organization\",\"name\":\"A1 Jobs\",\"url\":\"https:\/\/jobs.a1.com\/\",\"logo\":{\"@type\":\"ImageObject\",\"inLanguage\":\"sl-SI\",\"@id\":\"https:\/\/jobs.a1.com\/#\/schema\/logo\/image\/\",\"url\":\"https:\/\/jobs.a1.com\/wp-content\/uploads\/2025\/10\/A1_Logo_Std_Red_Pos_3_L-copy.webp\",\"contentUrl\":\"https:\/\/jobs.a1.com\/wp-content\/uploads\/2025\/10\/A1_Logo_Std_Red_Pos_3_L-copy.webp\",\"width\":934,\"height\":967,\"caption\":\"A1 Jobs\"},\"image\":{\"@id\":\"https:\/\/jobs.a1.com\/#\/schema\/logo\/image\/\"}}]}<\/script>\n<!-- \/ Yoast SEO plugin. -->","yoast_head_json":{"title":"Employee Assistance Programm - A1 Jobs","robots":{"index":"index","follow":"follow","max-snippet":"max-snippet:-1","max-image-preview":"max-image-preview:large","max-video-preview":"max-video-preview:-1"},"canonical":"https:\/\/jobs.a1.com\/employee-assistance-programm\/","og_locale":"sl_SI","og_type":"article","og_title":"Employee Assistance Programm - A1 Jobs","og_url":"https:\/\/jobs.a1.com\/employee-assistance-programm\/","og_site_name":"A1 Jobs","article_modified_time":"2025-11-24T09:24:28+00:00","twitter_card":"summary_large_image","schema":{"@context":"https:\/\/schema.org","@graph":[{"@type":"WebPage","@id":"https:\/\/jobs.a1.com\/employee-assistance-programm\/","url":"https:\/\/jobs.a1.com\/employee-assistance-programm\/","name":"Employee Assistance Programm - A1 Jobs","isPartOf":{"@id":"https:\/\/jobs.a1.com\/#website"},"datePublished":"2025-10-01T12:12:16+00:00","dateModified":"2025-11-24T09:24:28+00:00","breadcrumb":{"@id":"https:\/\/jobs.a1.com\/employee-assistance-programm\/#breadcrumb"},"inLanguage":"sl-SI","potentialAction":[{"@type":"ReadAction","target":["https:\/\/jobs.a1.com\/employee-assistance-programm\/"]}]},{"@type":"BreadcrumbList","@id":"https:\/\/jobs.a1.com\/employee-assistance-programm\/#breadcrumb","itemListElement":[{"@type":"ListItem","position":1,"name":"Home","item":"https:\/\/jobs.a1.com\/sl\/"},{"@type":"ListItem","position":2,"name":"Employee Assistance Programm"}]},{"@type":"WebSite","@id":"https:\/\/jobs.a1.com\/#website","url":"https:\/\/jobs.a1.com\/","name":"A1 Jobs","description":"","publisher":{"@id":"https:\/\/jobs.a1.com\/#organization"},"potentialAction":[{"@type":"SearchAction","target":{"@type":"EntryPoint","urlTemplate":"https:\/\/jobs.a1.com\/?s={search_term_string}"},"query-input":{"@type":"PropertyValueSpecification","valueRequired":true,"valueName":"search_term_string"}}],"inLanguage":"sl-SI"},{"@type":"Organization","@id":"https:\/\/jobs.a1.com\/#organization","name":"A1 Jobs","url":"https:\/\/jobs.a1.com\/","logo":{"@type":"ImageObject","inLanguage":"sl-SI","@id":"https:\/\/jobs.a1.com\/#\/schema\/logo\/image\/","url":"https:\/\/jobs.a1.com\/wp-content\/uploads\/2025\/10\/A1_Logo_Std_Red_Pos_3_L-copy.webp","contentUrl":"https:\/\/jobs.a1.com\/wp-content\/uploads\/2025\/10\/A1_Logo_Std_Red_Pos_3_L-copy.webp","width":934,"height":967,"caption":"A1 Jobs"},"image":{"@id":"https:\/\/jobs.a1.com\/#\/schema\/logo\/image\/"}}]}},"_links":{"self":[{"href":"https:\/\/jobs.a1.com\/sl\/wp-json\/wp\/v2\/pages\/2019","targetHints":{"allow":["GET"]}}],"collection":[{"href":"https:\/\/jobs.a1.com\/sl\/wp-json\/wp\/v2\/pages"}],"about":[{"href":"https:\/\/jobs.a1.com\/sl\/wp-json\/wp\/v2\/types\/page"}],"author":[{"embeddable":true,"href":"https:\/\/jobs.a1.com\/sl\/wp-json\/wp\/v2\/users\/3"}],"replies":[{"embeddable":true,"href":"https:\/\/jobs.a1.com\/sl\/wp-json\/wp\/v2\/comments?post=2019"}],"version-history":[{"count":16,"href":"https:\/\/jobs.a1.com\/sl\/wp-json\/wp\/v2\/pages\/2019\/revisions"}],"predecessor-version":[{"id":5806,"href":"https:\/\/jobs.a1.com\/sl\/wp-json\/wp\/v2\/pages\/2019\/revisions\/5806"}],"wp:attachment":[{"href":"https:\/\/jobs.a1.com\/sl\/wp-json\/wp\/v2\/media?parent=2019"}],"wp:term":[{"taxonomy":"department","embeddable":true,"href":"https:\/\/jobs.a1.com\/sl\/wp-json\/wp\/v2\/departments?post=2019"}],"curies":[{"name":"wp","href":"https:\/\/api.w.org\/{rel}","templated":true}]}}