{"id":3934,"date":"2025-11-07T09:42:21","date_gmt":"2025-11-07T08:42:21","guid":{"rendered":"https:\/\/jobs.a1.com\/?page_id=3934"},"modified":"2025-11-24T12:22:00","modified_gmt":"2025-11-24T11:22:00","slug":"druzbena-odgovornost","status":"publish","type":"page","link":"https:\/\/jobs.a1.com\/sl\/ugodnosti\/druzbena-odgovornost\/","title":{"rendered":"Dru\u017ebena odgovornost"},"content":{"rendered":"<div\n\tclass=\"scroll-my-24 overflow-x-clip flow-root\"\n\t>\n\t<div class=\"grid grid-rows-1 grid-cols-1 gap-8 h-[90vh]\">\n\t<picture\n\t\t\t\t\tclass=\"row-start-1 row-span-1 col-start-1 col-span-1\"\n\t\t\t>\n\t\t<img\n\t\t\tsrc=\"https:\/\/jobs.a1.com\/wp-content\/uploads\/2025\/11\/Spletne-brihte1.webp\"\n\t\t\talt=\"\"\n\t\t\tclass=\"w-full object-cover aspect-video object-center size-full object-cover\"\n\t\t\/>\n\t<\/picture>\n\t<div class=\"row-start-1 row-span-1 col-start-1 col-span-1 flex flex-col justify-end block-inset-x overflow-x-clip py-24 sm:py-60\">\n\t\t<div\n\tclass=\"job-search flex flex-col sm:flex-row items-center justify-between gap-14 sm:gap-8 flex-wrap p-30 sm:p-8 rounded-4 sm:rounded-full sm:max-h-fit sm:max-w-6xl w-full mx-auto my-16 text-black bg-white\/75 backdrop-blur-xl shadow-around js-job-search\"\n\tdata-filter-data=\"{&quot;job-category&quot;:{&quot;customer-management&quot;:&quot;Customer Management&quot;,&quot;hr&quot;:&quot;HR&quot;,&quot;sales&quot;:&quot;Sales&quot;},&quot;location&quot;:{&quot;ljubljana&quot;:&quot;Ljubljana&quot;,&quot;maribor&quot;:&quot;Maribor&quot;},&quot;management-level&quot;:{&quot;individual-contributor&quot;:&quot;Individual Contributor&quot;},&quot;company&quot;:{&quot;a1-slovenia&quot;:&quot;A1 Slovenia&quot;}}\"\n\tdata-search-page-url=\"https:\/\/jobs.a1.com\/jobs\/?country=slovenia\"\n\tdata-attributes=\"{&quot;jobSearchCountry&quot;:&quot;slovenia&quot;,&quot;jobSearchCountryFieldUse&quot;:false,&quot;jobSearchCountries&quot;:[],&quot;jobSearchButtonContent&quot;:&quot;&quot;,&quot;jobSearchButtonIconName&quot;:&quot;chevronRight&quot;}\"\n>\n<\/div>\t<\/div>\n<\/div><\/div>\n\n<div\n\tclass=\"scroll-my-24 overflow-x-clip block-inset-x *:max-w-5xl *:mx-auto flow-root\"\n\t>\n\t<h2\tdata-slug=\"xn-drubena-odgovornost-ife\"\n\tclass=\"text-balance scroll-m-20 text-display-lg font-serif text-center text-black pt-48 sm:pt-64 pb-32 sm:pb-48\"\n>\n\tDru\u017ebena odgovornost<\/h2><\/div>\n\n<div\n\tclass=\"scroll-my-24 overflow-x-clip block-inset-x *:max-w-5xl *:mx-auto flow-root\"\n\t>\n\t<p class=\"*:link:underline text-base text-center text-black pb-24 sm:pb-32\">\n\tPredani smo dru\u017ebeni odgovornosti.<br><br>\u017delimo soustvarjati okolje in skupnost, na katero bomo vsi ponosni. \u010ce nosi\u0161 barve A1, deluje\u0161 odgovorno do sodelavcev, uporabnikov in \u0161ir\u0161e skupnosti, stremi\u0161 k enakopravnosti in spodbuja\u0161 raznolikost, ob tem pa ima\u0161 posluh do naravnega okolja in si na vsakem koraku prizadeva\u0161 za zmanj\u0161anje vplivov na okolje. To so cilji, ki jih uresni\u010dujemo vsak dan, na vseh podro\u010djih na\u0161ega delovanja.<\/p><\/div>\n\n<div\n\tclass=\"scroll-my-24 overflow-x-clip block-inset-x *:max-w-5xl *:mx-auto flow-root\"\n\t>\n\t<div\tclass=\"outline-red-focus outline-offset-3 is-link:focus:outline-hidden is-link:focus-visible:outline-solid is-link:focus-visible:outline-3 transition-colors group @container overflow-clip text-black rounded-4 text-current\"\n\t>\n\t<div class=\"flex flex-col gap-4\">\n\t\t\n\t\t\n\t\t<div class=\"flex flex-col p-16 sm:p-24 shrink-0 wrap-break-word hyphens-auto text-center items-center-safe\">\n\t\t\t<svg aria-hidden=\"true\" class=\"size-80 mb-12 text-red-0\" xmlns='http:\/\/www.w3.org\/2000\/svg' viewBox='0 0 32 32'><path d='M2.82808 15.0003L4.29228 13.5361C3.75958 12.421 3.95504 11.045 4.87868 10.1213L9.12132 5.87868C10.2929 4.70711 12.1924 4.70711 13.364 5.87868L14.7782 7.29289L18.1138 12.4435L19.5713 10.9861L16.1924 5.87868L14.7782 4.46447C12.8256 2.51184 9.65973 2.51184 7.70711 4.46447L3.46447 8.70711C1.754 10.4176 1.54188 13.059 2.82808 15.0003Z' fill='currentColor'\/><path d='M11.9518 11.5408L16.9001 16.4892C17.6796 17.2687 18.9482 17.2688 19.7278 16.4892L21.6936 14.5234L20.6299 12.7505L19.1725 14.2079L19.1758 14.2135L18.314 15.0753L11.9518 8.71312L9.12534 11.5396L9.12132 11.5355L4.87868 15.7782C3.70711 16.9497 3.70711 18.8492 4.87868 20.0208C5.42199 20.5641 6.12184 20.8555 6.83305 20.8949C6.87244 21.6061 7.1638 22.3059 7.70711 22.8492C8.25042 23.3926 8.95027 23.6839 9.66147 23.7233C9.70087 24.4345 9.99222 25.1344 10.5355 25.6777C11.0788 26.221 11.7787 26.5123 12.4899 26.5517C12.5293 27.2629 12.8207 27.9628 13.364 28.5061C14.5355 29.6777 16.435 29.6777 17.6066 28.5061L28.2132 17.8995C30.1658 15.9469 30.1658 12.781 28.2132 10.8284L22.5563 5.17155C21.1065 3.72176 18.9879 3.34842 17.1937 4.05153L18.8538 5.71171C19.6763 5.66615 20.5139 5.9575 21.1421 6.58577L26.799 12.2426C27.9705 13.4142 27.9705 15.3137 26.799 16.4853L16.1924 27.0919C15.8019 27.4824 15.1687 27.4824 14.7782 27.0919C14.3877 26.7014 14.3877 26.0682 14.7782 25.6777L19.0208 21.435L17.6066 20.0208L13.364 24.2635C12.9734 24.654 12.3403 24.654 11.9497 24.2635C11.5592 23.8729 11.5592 23.2398 11.9497 22.8492L16.1924 18.6066L14.7782 17.1924L10.5355 21.435C10.145 21.8256 9.51184 21.8256 9.12132 21.435C8.7308 21.0445 8.7308 20.4113 9.12132 20.0208L13.364 15.7782L11.9497 14.364L7.70711 18.6066C7.31658 18.9971 6.68342 18.9971 6.29289 18.6066C5.92683 18.2405 5.9039 17.6613 6.22411 17.2685L11.9518 11.5408Z' fill='currentColor'\/><\/svg>\n\t\t\t\n\t\t\t\t\t\t\t<p class=\"text-sm mt-12 text-balance\">\n\t\t\t\t\tPrepoznani smo kot dru\u017eini prijazno podjetje in eden najbolj uglednih delodajalcev v Sloveniji. Rast poslovanja, zadovoljni uporabniki, okoljski certifikat ISO 14001 in vpis v register EMAS dokazujejo, da je A1 Slovenija zrelo in odgovorno podjetje.<br><br>Ve\u010d o dru\u017ebeno odgovornih projektih na povezavi <a href=\"https:\/\/www.a1.si\/druzbena-odgovornost\" target=\"_blank\" rel=\"noreferrer noopener\">Dru\u017ebena odgovornost<\/a>.\t\t\t\t<\/p>\n\t\t\t\n\t\t\t\n\t\t\t\t\t<\/div>\n\t<\/div>\n<\/div><\/div>\n\n<div\n\tclass=\"scroll-my-24 overflow-x-clip block-inset-x *:max-w-7xl *:mx-auto flow-root\"\n\t>\n\t<div class=\"flex flex-col gap-16 sm:gap-24 sm:grid *:col-end-[span_1]! sm:grid-cols-2 pt-64 sm:pt-72 md:pt-80 pb-64 sm:pb-72 md:pb-80\">\n\t\n<picture\n\t\t\t\t\tclass=\"flex flex-col h-auto w-full\"\n\t\t\t>\n\t\t<img\n\t\t\tsrc=\"https:\/\/jobs.a1.com\/wp-content\/uploads\/2025\/10\/Illu_A1_Shakinghands-RGB-red-scaled.webp\"\n\t\t\talt=\"\"\n\t\t\tclass=\"w-full object-cover aspect-5-4 object-center\"\n\t\t\/>\n\t<\/picture>\n\n<div class=\"flex flex-col gap-16 items-start justify-center-safe\">\n\t\n<h2\tdata-slug=\"\"\n\tclass=\"text-balance scroll-m-20 text-title text-start text-black\"\n>\n\t<strong><strong><strong>Prostovoljstvo<\/strong><\/strong><\/strong><\/h2>\n\n<p class=\"*:link:underline text-sm text-start text-black\">\n\tProstovoljstvo je del kulture A1. Zato sodelavce spodbujamo, da se v slu\u017ebenem \u010dasu kot prostovoljci udejstvujejo na razli\u010dnih podro\u010djih.<\/p>\n<\/div>\n<\/div><\/div>\n\n<div\n\tclass=\"scroll-my-24 overflow-x-clip block-inset-x *:max-w-7xl *:mx-auto flow-root\"\n\t>\n\t<div class=\"flex flex-col gap-16 sm:gap-24 sm:grid *:col-end-[span_1]! sm:grid-cols-2\">\n\t\n<div class=\"flex flex-col gap-16 items-start justify-center-safe\">\n\t\n<h2\tdata-slug=\"\"\n\tclass=\"text-balance scroll-m-20 text-title text-start text-black\"\n>\n\t<strong><strong><strong>Urbano \u010debelarjenje<\/strong><\/strong><\/strong><\/h2>\n\n<p class=\"*:link:underline text-sm text-start text-black\">\n\tSkrb za \u010debele je ena izmed dru\u017ebeno odgovornih aktivnosti, na katero smo v A1 najbolj ponosni. Na zeleni strehi poslovne stavbe A1 v Ljubljani imamo \u0161est panjev s \u0161estimi \u010debeljimi dru\u017einami, ki na leto pridelajo ve\u010d kot 100 kg kakovostnega medu, zaposleni pa uporabljamo med za sladkanje \u010dajev in ob tradicionalnem slovenskem zajtrku s sodelavci. Kozar\u010dki z medom, ki ne pridejo na vrsto, najdejo svojo pot do poslovnih partnerjev v obliki poslovnih daril.<\/p>\n<\/div>\n\n<picture\n\t\t\t\t\tclass=\"flex flex-col h-auto w-full\"\n\t\t\t>\n\t\t<img\n\t\t\tsrc=\"https:\/\/jobs.a1.com\/wp-content\/uploads\/2025\/11\/Screenshot-2020-06-15-at-14.53.03.webp\"\n\t\t\talt=\"\"\n\t\t\tclass=\"w-full object-cover aspect-5-4 object-center\"\n\t\t\/>\n\t<\/picture>\n<\/div><\/div>\n\n<div\n\tclass=\"scroll-my-24 overflow-x-clip block-inset-x *:max-w-7xl *:mx-auto flow-root\"\n\t>\n\t<div class=\"flex flex-col gap-16 sm:gap-24 sm:grid *:col-end-[span_1]! sm:grid-cols-2 pt-64 sm:pt-72 md:pt-80 pb-64 sm:pb-72 md:pb-80\">\n\t\n<picture\n\t\t\t\t\tclass=\"flex flex-col h-auto w-full\"\n\t\t\t>\n\t\t<img\n\t\t\tsrc=\"https:\/\/jobs.a1.com\/wp-content\/uploads\/2025\/11\/Spletne-brihte.webp\"\n\t\t\talt=\"\"\n\t\t\tclass=\"w-full object-cover aspect-5-4 object-center\"\n\t\t\/>\n\t<\/picture>\n\n<div class=\"flex flex-col gap-16 items-start justify-center-safe\">\n\t\n<h2\tdata-slug=\"\"\n\tclass=\"text-balance scroll-m-20 text-title text-start text-black\"\n>\n\t<strong><strong><strong><strong>Spletne brihte<\/strong><\/strong><\/strong><\/strong><\/h2>\n\n<p class=\"*:link:underline text-sm text-start text-black\">\n\tA1 Slovenija v sodelovanju z Digital School slovenskim osnovno\u0161olcem ponuja brezpla\u010dna izobra\u017eevalna do\u017eivetja o skritih pasteh spleta, imenovana <a href=\"https:\/\/www.a1.si\/spletne-brihte\/\">Spletne brihte<\/a>. Projekt bo u\u010dence od 4. razreda naprej opremil s potrebnimi ve\u0161\u010dinami za varno rabo interneta ter jim dal ustrezna znanja in samozavest, da bodo pripravljeni za \u017eivljenje na spletu.<\/p>\n<\/div>\n<\/div><\/div>\n\n<div\n\tclass=\"scroll-my-24 overflow-x-clip block-inset-x *:max-w-7xl *:mx-auto flow-root\"\n\t>\n\t<div class=\"flex flex-col gap-16 sm:gap-24 sm:grid *:col-end-[span_1]! sm:grid-cols-2 pb-64 sm:pb-72 md:pb-80\">\n\t\n<div class=\"flex flex-col gap-16 items-start justify-center-safe\">\n\t\n<h2\tdata-slug=\"\"\n\tclass=\"text-balance scroll-m-20 text-title text-start text-black\"\n>\n\t<strong><strong><strong><strong>A1 povezuje in zdru\u017euje<\/strong><\/strong><\/strong><\/strong><\/h2>\n\n<p class=\"*:link:underline text-sm text-start text-black\">\n\t<a href=\"https:\/\/www.lahkonocnice.si\/\" target=\"_blank\" rel=\"noreferrer noopener\">Lahkono\u010dnice<\/a> so edinstven projekt, ki s pravljicami povezuje vse generacije. Na spletnem mestu izbirate med 152 sodobnimi slovenskimi pravljicami za poslu\u0161anje ali prebiranje in dvema risankama, prevedenima v angle\u0161ki jezik. Pravljice bele\u017eijo 2 milijona, risanke pa 1 milijon predvajanj. Od decembra 2016 jih ustvarjamo skupaj z doma\u010dimi pisatelji, ilustratorji, starostniki iz domov za starej\u0161e ob\u010dane in legendarnimi dramskimi igralci.<\/p>\n<\/div>\n\n<picture\n\t\t\t\t\tclass=\"flex flex-col h-auto w-full\"\n\t\t\t>\n\t\t<img\n\t\t\tsrc=\"https:\/\/jobs.a1.com\/wp-content\/uploads\/2025\/11\/MicrosoftTeams-image-10.webp\"\n\t\t\talt=\"\"\n\t\t\tclass=\"w-full object-cover aspect-5-4 object-right\"\n\t\t\/>\n\t<\/picture>\n<\/div><\/div>\n\n<div\n\tclass=\"scroll-my-24 overflow-x-clip block-inset-x *:max-w-3xl *:mx-auto flow-root\"\n\t>\n\t<div class=\"flex gap-24 pt-24 sm:pt-32 pb-24 sm:pb-32 justify-center-safe items-start\">\n\t\n<picture\n\t\t\t\t\tclass=\"flex flex-col h-auto w-full pt-64 sm:pt-72 md:pt-80 pb-64 sm:pb-72 md:pb-80\"\n\t\t\t>\n\t\t<img\n\t\t\tsrc=\"https:\/\/jobs.a1.com\/wp-content\/uploads\/2025\/11\/Employer-partner_resize.webp\"\n\t\t\talt=\"\"\n\t\t\tclass=\"w-full object-cover object-center\"\n\t\t\/>\n\t<\/picture>\n\n<picture\n\t\t\t\t\tclass=\"flex flex-col h-auto w-full pt-64 sm:pt-72 md:pt-80 pb-64 sm:pb-72 md:pb-80\"\n\t\t\t>\n\t\t<img\n\t\t\tsrc=\"https:\/\/jobs.a1.com\/wp-content\/uploads\/2025\/11\/GPTW_resize.webp\"\n\t\t\talt=\"\"\n\t\t\tclass=\"w-full object-cover object-center\"\n\t\t\/>\n\t<\/picture>\n\n<picture\n\t\t\t\t\tclass=\"flex flex-col h-auto w-full pt-64 sm:pt-72 md:pt-80 pb-64 sm:pb-72 md:pb-80\"\n\t\t\t>\n\t\t<img\n\t\t\tsrc=\"https:\/\/jobs.a1.com\/wp-content\/uploads\/2025\/11\/DPP_resize.webp\"\n\t\t\talt=\"\"\n\t\t\tclass=\"w-full object-cover object-center\"\n\t\t\/>\n\t<\/picture>\n\n<picture\n\t\t\t\t\tclass=\"flex flex-col h-auto w-full pt-64 sm:pt-72 md:pt-80 pb-64 sm:pb-72 md:pb-80\"\n\t\t\t>\n\t\t<img\n\t\t\tsrc=\"https:\/\/jobs.a1.com\/wp-content\/uploads\/2025\/11\/SIQ.webp\"\n\t\t\talt=\"\"\n\t\t\tclass=\"w-full object-cover object-center\"\n\t\t\/>\n\t<\/picture>\n<\/div><\/div>\n\n<div\n\tclass=\"scroll-my-24 overflow-x-clip flow-root\"\n\t>\n\t<h2\tdata-slug=\"bi-rad-a-postal-a-del-ekipe-a1\"\n\tclass=\"text-balance scroll-m-20 text-title text-center text-black pt-32 sm:pt-48 pb-18 sm:pb-24\"\n>\n\tBi rad\/a postal\/a del ekipe A1?<\/h2><\/div>\n\n<div\n\tclass=\"scroll-my-24 overflow-x-clip flow-root\"\n\t>\n\t<p class=\"*:link:underline text-base text-center text-black pb-24 sm:pb-32\">\n\tPrijavite se zdaj!<\/p><\/div>\n\n<div\n\tclass=\"scroll-my-24 overflow-x-clip block-inset-x flow-root\"\n\t>\n\t<div\n\tclass=\"job-search flex flex-col sm:flex-row items-center justify-between gap-14 sm:gap-8 flex-wrap p-30 sm:p-8 rounded-4 sm:rounded-full sm:max-h-fit sm:max-w-6xl w-full mx-auto my-16 text-black bg-white\/75 backdrop-blur-xl shadow-around js-job-search\"\n\tdata-filter-data=\"{&quot;job-category&quot;:{&quot;customer-management&quot;:&quot;Customer Management&quot;,&quot;hr&quot;:&quot;HR&quot;,&quot;sales&quot;:&quot;Sales&quot;},&quot;location&quot;:{&quot;ljubljana&quot;:&quot;Ljubljana&quot;,&quot;maribor&quot;:&quot;Maribor&quot;},&quot;management-level&quot;:{&quot;individual-contributor&quot;:&quot;Individual Contributor&quot;},&quot;company&quot;:{&quot;a1-slovenia&quot;:&quot;A1 Slovenia&quot;}}\"\n\tdata-search-page-url=\"https:\/\/jobs.a1.com\/jobs\/?country=slovenia\"\n\tdata-attributes=\"{&quot;jobSearchCountry&quot;:&quot;slovenia&quot;,&quot;jobSearchCountryFieldUse&quot;:false,&quot;jobSearchCountries&quot;:[],&quot;jobSearchButtonContent&quot;:&quot;&quot;,&quot;jobSearchButtonIconName&quot;:&quot;chevronRight&quot;}\"\n>\n<\/div><\/div>\n\n<div\n\tclass=\"scroll-my-24 overflow-x-clip block-inset-x *:max-w-7xl *:mx-auto flow-root\"\n\t>\n\t<div class=\"flex flex-col gap-16 sm:gap-24 sm:grid *:col-end-[span_1]! sm:grid-cols-3 pt-64 sm:pt-72 md:pt-80 pb-70 sm:pb-80 md:pb-96\">\n\t\n<div\tclass=\"outline-red-focus outline-offset-3 is-link:focus:outline-hidden is-link:focus-visible:outline-solid is-link:focus-visible:outline-3 transition-colors group @container overflow-clip relative isolate text-white rounded-16 text-current\"\n\t>\n\t<div class=\"flex flex-col gap-4 h-full justify-end-safe min-h-420\">\n\t\t\t\t\t<div class=\"absolute -z-10 inset-0 bg-linear-to-b from-black\/60 to-black\/25 mix-blend-darken select-none pointer-events-none\"><\/div>\n\t\t\n\t\t<picture\n\t\t\t\t\tclass=\"overflow-clip absolute inset-0 -z-20\"\n\t\t\t>\n\t\t<img\n\t\t\tsrc=\"https:\/\/jobs.a1.com\/wp-content\/uploads\/2025\/11\/iStock-1256861891-scaled.webp\"\n\t\t\talt=\"\"\n\t\t\tclass=\"w-full object-center size-full! group-is-link:group-hover:scale-105 group-is-link:group-focus-visible:scale-105 transition-transform duration-500 aspect-3-2 object-cover\"\n\t\t\/>\n\t<\/picture>\n\t\t<div class=\"flex flex-col p-16 sm:p-24 shrink-0 wrap-break-word hyphens-auto\">\n\t\t\t\n\t\t\t\t\t\t\t<p class=\"text-title group-is-link:group-hover:underline group-is-link:group-focus-visible:underline underline-offset-2 text-balance\">\n\t\t\t\t\t<br><br>Mo\u010dni skupaj, tudi ko postane te\u017eko\t\t\t\t<\/p>\n\t\t\t\n\t\t\t\n\t\t\t\n\t\t\t\t\t\t\t<div class=\"flex flex-wrap gap-16 mt-auto pt-8\">\n\t\t\t\t\t<a\thref=\"https:\/\/jobs.a1.com\/sl\/moc\/\"class=\"flex items-center justify-self-start gap-8 rounded-4 focus-visible:outline-solid focus-visible:outline-3 outline-red-focus outline-offset-3 border-2 transition icon:transition not-disabled:cursor-pointer bg-red-0 border-red-0 text-white hover:bg-red-p1 hover:border-red-p1 active:bg-red-p1 active:border-red-p1 disabled:bg-grey-2 disabled:border-grey-2 disabled:text-grey-1 p-12 px-20 button w-fit mt-12\">\n\t\n\t\t\t<span>Preberi ve\u010d<\/span>\n\t\n\t<\/a>\t\t\t\t<\/div>\n\t\t\t\t\t<\/div>\n\t<\/div>\n<\/div>\n\n<div\tclass=\"outline-red-focus outline-offset-3 is-link:focus:outline-hidden is-link:focus-visible:outline-solid is-link:focus-visible:outline-3 transition-colors group @container overflow-clip relative isolate text-white rounded-16 text-current\"\n\t>\n\t<div class=\"flex flex-col gap-4 h-full justify-end-safe min-h-420\">\n\t\t\t\t\t<div class=\"absolute -z-10 inset-0 bg-linear-to-b from-black\/60 to-black\/25 mix-blend-darken select-none pointer-events-none\"><\/div>\n\t\t\n\t\t<picture\n\t\t\t\t\tclass=\"overflow-clip absolute inset-0 -z-20\"\n\t\t\t>\n\t\t<img\n\t\t\tsrc=\"https:\/\/jobs.a1.com\/wp-content\/uploads\/2025\/10\/getty-images-qAcAKu1YWAY-unsplash-scaled.webp\"\n\t\t\talt=\"\"\n\t\t\tclass=\"w-full object-center size-full! group-is-link:group-hover:scale-105 group-is-link:group-focus-visible:scale-105 transition-transform duration-500 aspect-3-2 object-cover\"\n\t\t\/>\n\t<\/picture>\n\t\t<div class=\"flex flex-col p-16 sm:p-24 shrink-0 wrap-break-word hyphens-auto\">\n\t\t\t\n\t\t\t\t\t\t\t<h1 class=\"text-title group-is-link:group-hover:underline group-is-link:group-focus-visible:underline underline-offset-2 text-balance\">\n\t\t\t\t\t<br><br>Rast se zgodi vsaki\u010d, ko prerastemo to, kar smo bili v\u010deraj.\t\t\t\t<\/h1>\n\t\t\t\n\t\t\t\n\t\t\t\n\t\t\t\t\t\t\t<div class=\"flex flex-wrap gap-16 mt-auto pt-8\">\n\t\t\t\t\t<a\thref=\"https:\/\/jobs.a1.com\/sl\/rast\/\"class=\"flex items-center justify-self-start gap-8 rounded-4 focus-visible:outline-solid focus-visible:outline-3 outline-red-focus outline-offset-3 border-2 transition icon:transition not-disabled:cursor-pointer bg-red-0 border-red-0 text-white hover:bg-red-p1 hover:border-red-p1 active:bg-red-p1 active:border-red-p1 disabled:bg-grey-2 disabled:border-grey-2 disabled:text-grey-1 p-12 px-20 button w-fit mt-12\">\n\t\n\t\t\t<span>Preberi ve\u010d<\/span>\n\t\n\t<\/a>\t\t\t\t<\/div>\n\t\t\t\t\t<\/div>\n\t<\/div>\n<\/div>\n\n<div\tclass=\"outline-red-focus outline-offset-3 is-link:focus:outline-hidden is-link:focus-visible:outline-solid is-link:focus-visible:outline-3 transition-colors group @container overflow-clip relative isolate text-white rounded-16 text-current\"\n\t>\n\t<div class=\"flex flex-col gap-4 h-full justify-end-safe min-h-420\">\n\t\t\t\t\t<div class=\"absolute -z-10 inset-0 bg-linear-to-b from-black\/60 to-black\/25 mix-blend-darken select-none pointer-events-none\"><\/div>\n\t\t\n\t\t<picture\n\t\t\t\t\tclass=\"overflow-clip absolute inset-0 -z-20\"\n\t\t\t>\n\t\t<img\n\t\t\tsrc=\"https:\/\/jobs.a1.com\/wp-content\/uploads\/2025\/11\/iStock-1475510950-copy-scaled.webp\"\n\t\t\talt=\"\"\n\t\t\tclass=\"w-full object-center size-full! group-is-link:group-hover:scale-105 group-is-link:group-focus-visible:scale-105 transition-transform duration-500 aspect-3-2 object-cover\"\n\t\t\/>\n\t<\/picture>\n\t\t<div class=\"flex flex-col p-16 sm:p-24 shrink-0 wrap-break-word hyphens-auto\">\n\t\t\t\n\t\t\t\t\t\t\t<p class=\"text-title group-is-link:group-hover:underline group-is-link:group-focus-visible:underline underline-offset-2 text-balance\">\n\t\t\t\t\t<br><br><strong>Tukaj boste na\u0161li oskrbo \u2013 oskrbo, ki povezuje vas, va\u0161o ekipo in svet okoli vas.<\/strong>\t\t\t\t<\/p>\n\t\t\t\n\t\t\t\n\t\t\t\n\t\t\t\t\t\t\t<div class=\"flex flex-wrap gap-16 mt-auto pt-8\">\n\t\t\t\t\t<a\thref=\"https:\/\/jobs.a1.com\/sl\/skrb\/\"class=\"flex items-center justify-self-start gap-8 rounded-4 focus-visible:outline-solid focus-visible:outline-3 outline-red-focus outline-offset-3 border-2 transition icon:transition not-disabled:cursor-pointer bg-red-0 border-red-0 text-white hover:bg-red-p1 hover:border-red-p1 active:bg-red-p1 active:border-red-p1 disabled:bg-grey-2 disabled:border-grey-2 disabled:text-grey-1 p-12 px-20 button w-fit mt-12\">\n\t\n\t\t\t<span>Preberi ve\u010d<\/span>\n\t\n\t<\/a>\t\t\t\t<\/div>\n\t\t\t\t\t<\/div>\n\t<\/div>\n<\/div>\n<\/div><\/div>\n\n<div\n\tclass=\"scroll-my-24 overflow-x-clip block-inset-x flow-root\"\n\t>\n\t<div\n\taria-hidden=\"true\"\n\tclass=\"\"\n>\n\t<\/div><\/div>","protected":false},"excerpt":{"rendered":"","protected":false},"author":3,"featured_media":0,"parent":3876,"menu_order":0,"comment_status":"closed","ping_status":"closed","template":"","meta":{"es_utils_meta_schema":"","footnotes":""},"departments":[],"class_list":["post-3934","page","type-page","status-publish","hentry"],"yoast_head":"<!-- This site is optimized with the Yoast SEO plugin v27.2 - https:\/\/yoast.com\/product\/yoast-seo-wordpress\/ -->\n<title>Dru\u017ebena odgovornost - A1 Jobs<\/title>\n<meta name=\"robots\" content=\"index, follow, max-snippet:-1, max-image-preview:large, max-video-preview:-1\" \/>\n<link rel=\"canonical\" href=\"https:\/\/jobs.a1.com\/sl\/ugodnosti\/druzbena-odgovornost\/\" \/>\n<meta property=\"og:locale\" content=\"sl_SI\" \/>\n<meta property=\"og:type\" content=\"article\" \/>\n<meta property=\"og:title\" content=\"Dru\u017ebena odgovornost - A1 Jobs\" \/>\n<meta property=\"og:url\" content=\"https:\/\/jobs.a1.com\/sl\/ugodnosti\/druzbena-odgovornost\/\" \/>\n<meta property=\"og:site_name\" content=\"A1 Jobs\" \/>\n<meta property=\"article:modified_time\" content=\"2025-11-24T11:22:00+00:00\" \/>\n<meta name=\"twitter:card\" content=\"summary_large_image\" \/>\n<script type=\"application\/ld+json\" class=\"yoast-schema-graph\">{\"@context\":\"https:\/\/schema.org\",\"@graph\":[{\"@type\":\"WebPage\",\"@id\":\"https:\/\/jobs.a1.com\/sl\/ugodnosti\/druzbena-odgovornost\/\",\"url\":\"https:\/\/jobs.a1.com\/sl\/ugodnosti\/druzbena-odgovornost\/\",\"name\":\"Dru\u017ebena odgovornost - A1 Jobs\",\"isPartOf\":{\"@id\":\"https:\/\/jobs.a1.com\/#website\"},\"datePublished\":\"2025-11-07T08:42:21+00:00\",\"dateModified\":\"2025-11-24T11:22:00+00:00\",\"breadcrumb\":{\"@id\":\"https:\/\/jobs.a1.com\/sl\/ugodnosti\/druzbena-odgovornost\/#breadcrumb\"},\"inLanguage\":\"sl-SI\",\"potentialAction\":[{\"@type\":\"ReadAction\",\"target\":[\"https:\/\/jobs.a1.com\/sl\/ugodnosti\/druzbena-odgovornost\/\"]}]},{\"@type\":\"BreadcrumbList\",\"@id\":\"https:\/\/jobs.a1.com\/sl\/ugodnosti\/druzbena-odgovornost\/#breadcrumb\",\"itemListElement\":[{\"@type\":\"ListItem\",\"position\":1,\"name\":\"Home\",\"item\":\"https:\/\/jobs.a1.com\/sl\/\"},{\"@type\":\"ListItem\",\"position\":2,\"name\":\"Ugodnosti\",\"item\":\"https:\/\/jobs.a1.com\/sl\/ugodnosti\/\"},{\"@type\":\"ListItem\",\"position\":3,\"name\":\"Dru\u017ebena odgovornost\"}]},{\"@type\":\"WebSite\",\"@id\":\"https:\/\/jobs.a1.com\/#website\",\"url\":\"https:\/\/jobs.a1.com\/\",\"name\":\"A1 Jobs\",\"description\":\"\",\"publisher\":{\"@id\":\"https:\/\/jobs.a1.com\/#organization\"},\"potentialAction\":[{\"@type\":\"SearchAction\",\"target\":{\"@type\":\"EntryPoint\",\"urlTemplate\":\"https:\/\/jobs.a1.com\/?s={search_term_string}\"},\"query-input\":{\"@type\":\"PropertyValueSpecification\",\"valueRequired\":true,\"valueName\":\"search_term_string\"}}],\"inLanguage\":\"sl-SI\"},{\"@type\":\"Organization\",\"@id\":\"https:\/\/jobs.a1.com\/#organization\",\"name\":\"A1 Jobs\",\"url\":\"https:\/\/jobs.a1.com\/\",\"logo\":{\"@type\":\"ImageObject\",\"inLanguage\":\"sl-SI\",\"@id\":\"https:\/\/jobs.a1.com\/#\/schema\/logo\/image\/\",\"url\":\"https:\/\/jobs.a1.com\/wp-content\/uploads\/2025\/10\/A1_Logo_Std_Red_Pos_3_L-copy.webp\",\"contentUrl\":\"https:\/\/jobs.a1.com\/wp-content\/uploads\/2025\/10\/A1_Logo_Std_Red_Pos_3_L-copy.webp\",\"width\":934,\"height\":967,\"caption\":\"A1 Jobs\"},\"image\":{\"@id\":\"https:\/\/jobs.a1.com\/#\/schema\/logo\/image\/\"}}]}<\/script>\n<!-- \/ Yoast SEO plugin. -->","yoast_head_json":{"title":"Dru\u017ebena odgovornost - A1 Jobs","robots":{"index":"index","follow":"follow","max-snippet":"max-snippet:-1","max-image-preview":"max-image-preview:large","max-video-preview":"max-video-preview:-1"},"canonical":"https:\/\/jobs.a1.com\/sl\/ugodnosti\/druzbena-odgovornost\/","og_locale":"sl_SI","og_type":"article","og_title":"Dru\u017ebena odgovornost - A1 Jobs","og_url":"https:\/\/jobs.a1.com\/sl\/ugodnosti\/druzbena-odgovornost\/","og_site_name":"A1 Jobs","article_modified_time":"2025-11-24T11:22:00+00:00","twitter_card":"summary_large_image","schema":{"@context":"https:\/\/schema.org","@graph":[{"@type":"WebPage","@id":"https:\/\/jobs.a1.com\/sl\/ugodnosti\/druzbena-odgovornost\/","url":"https:\/\/jobs.a1.com\/sl\/ugodnosti\/druzbena-odgovornost\/","name":"Dru\u017ebena odgovornost - A1 Jobs","isPartOf":{"@id":"https:\/\/jobs.a1.com\/#website"},"datePublished":"2025-11-07T08:42:21+00:00","dateModified":"2025-11-24T11:22:00+00:00","breadcrumb":{"@id":"https:\/\/jobs.a1.com\/sl\/ugodnosti\/druzbena-odgovornost\/#breadcrumb"},"inLanguage":"sl-SI","potentialAction":[{"@type":"ReadAction","target":["https:\/\/jobs.a1.com\/sl\/ugodnosti\/druzbena-odgovornost\/"]}]},{"@type":"BreadcrumbList","@id":"https:\/\/jobs.a1.com\/sl\/ugodnosti\/druzbena-odgovornost\/#breadcrumb","itemListElement":[{"@type":"ListItem","position":1,"name":"Home","item":"https:\/\/jobs.a1.com\/sl\/"},{"@type":"ListItem","position":2,"name":"Ugodnosti","item":"https:\/\/jobs.a1.com\/sl\/ugodnosti\/"},{"@type":"ListItem","position":3,"name":"Dru\u017ebena odgovornost"}]},{"@type":"WebSite","@id":"https:\/\/jobs.a1.com\/#website","url":"https:\/\/jobs.a1.com\/","name":"A1 Jobs","description":"","publisher":{"@id":"https:\/\/jobs.a1.com\/#organization"},"potentialAction":[{"@type":"SearchAction","target":{"@type":"EntryPoint","urlTemplate":"https:\/\/jobs.a1.com\/?s={search_term_string}"},"query-input":{"@type":"PropertyValueSpecification","valueRequired":true,"valueName":"search_term_string"}}],"inLanguage":"sl-SI"},{"@type":"Organization","@id":"https:\/\/jobs.a1.com\/#organization","name":"A1 Jobs","url":"https:\/\/jobs.a1.com\/","logo":{"@type":"ImageObject","inLanguage":"sl-SI","@id":"https:\/\/jobs.a1.com\/#\/schema\/logo\/image\/","url":"https:\/\/jobs.a1.com\/wp-content\/uploads\/2025\/10\/A1_Logo_Std_Red_Pos_3_L-copy.webp","contentUrl":"https:\/\/jobs.a1.com\/wp-content\/uploads\/2025\/10\/A1_Logo_Std_Red_Pos_3_L-copy.webp","width":934,"height":967,"caption":"A1 Jobs"},"image":{"@id":"https:\/\/jobs.a1.com\/#\/schema\/logo\/image\/"}}]}},"_links":{"self":[{"href":"https:\/\/jobs.a1.com\/sl\/wp-json\/wp\/v2\/pages\/3934","targetHints":{"allow":["GET"]}}],"collection":[{"href":"https:\/\/jobs.a1.com\/sl\/wp-json\/wp\/v2\/pages"}],"about":[{"href":"https:\/\/jobs.a1.com\/sl\/wp-json\/wp\/v2\/types\/page"}],"author":[{"embeddable":true,"href":"https:\/\/jobs.a1.com\/sl\/wp-json\/wp\/v2\/users\/3"}],"replies":[{"embeddable":true,"href":"https:\/\/jobs.a1.com\/sl\/wp-json\/wp\/v2\/comments?post=3934"}],"version-history":[{"count":13,"href":"https:\/\/jobs.a1.com\/sl\/wp-json\/wp\/v2\/pages\/3934\/revisions"}],"predecessor-version":[{"id":5841,"href":"https:\/\/jobs.a1.com\/sl\/wp-json\/wp\/v2\/pages\/3934\/revisions\/5841"}],"up":[{"embeddable":true,"href":"https:\/\/jobs.a1.com\/sl\/wp-json\/wp\/v2\/pages\/3876"}],"wp:attachment":[{"href":"https:\/\/jobs.a1.com\/sl\/wp-json\/wp\/v2\/media?parent=3934"}],"wp:term":[{"taxonomy":"department","embeddable":true,"href":"https:\/\/jobs.a1.com\/sl\/wp-json\/wp\/v2\/departments?post=3934"}],"curies":[{"name":"wp","href":"https:\/\/api.w.org\/{rel}","templated":true}]}}