{"id":3968,"date":"2025-11-07T10:32:37","date_gmt":"2025-11-07T09:32:37","guid":{"rendered":"https:\/\/jobs.a1.com\/?page_id=3968"},"modified":"2025-11-24T10:38:16","modified_gmt":"2025-11-24T09:38:16","slug":"aktivno-odstekani","status":"publish","type":"page","link":"https:\/\/jobs.a1.com\/sl\/ugodnosti\/aktivno-odstekani\/","title":{"rendered":"Aktivno od\u0161tekani"},"content":{"rendered":"<div\n\tclass=\"scroll-my-24 overflow-x-clip flow-root\"\n\t>\n\t<div class=\"grid grid-rows-1 grid-cols-1 gap-8 h-[90vh]\">\n\t<picture\n\t\t\t\t\tclass=\"row-start-1 row-span-1 col-start-1 col-span-1\"\n\t\t\t>\n\t\t<img\n\t\t\tsrc=\"https:\/\/jobs.a1.com\/wp-content\/uploads\/2025\/11\/A1_VE_Digital_wellbeing_Uvodno_predavanje_1920x1080.webp\"\n\t\t\talt=\"\"\n\t\t\tclass=\"w-full object-cover aspect-video object-center size-full object-cover\"\n\t\t\/>\n\t<\/picture>\n\t<div class=\"row-start-1 row-span-1 col-start-1 col-span-1 flex flex-col justify-end block-inset-x overflow-x-clip py-24 sm:py-60\">\n\t\t<div\n\tclass=\"job-search flex flex-col sm:flex-row items-center justify-between gap-14 sm:gap-8 flex-wrap p-30 sm:p-8 rounded-4 sm:rounded-full sm:max-h-fit sm:max-w-6xl w-full mx-auto my-16 text-black bg-white\/75 backdrop-blur-xl shadow-around js-job-search\"\n\tdata-filter-data=\"{&quot;job-category&quot;:{&quot;customer-management&quot;:&quot;Customer Management&quot;,&quot;hr&quot;:&quot;HR&quot;,&quot;sales&quot;:&quot;Sales&quot;},&quot;location&quot;:{&quot;ljubljana&quot;:&quot;Ljubljana&quot;,&quot;maribor&quot;:&quot;Maribor&quot;},&quot;management-level&quot;:{&quot;individual-contributor&quot;:&quot;Individual Contributor&quot;},&quot;company&quot;:{&quot;a1-slovenia&quot;:&quot;A1 Slovenia&quot;}}\"\n\tdata-search-page-url=\"https:\/\/jobs.a1.com\/jobs\/?country=slovenia\"\n\tdata-attributes=\"{&quot;jobSearchCountry&quot;:&quot;slovenia&quot;,&quot;jobSearchCountryFieldUse&quot;:false,&quot;jobSearchCountries&quot;:[],&quot;jobSearchButtonContent&quot;:&quot;&quot;,&quot;jobSearchButtonIconName&quot;:&quot;chevronRight&quot;}\"\n>\n<\/div>\t<\/div>\n<\/div><\/div>\n\n<div\n\tclass=\"scroll-my-24 overflow-x-clip block-inset-x *:max-w-5xl *:mx-auto flow-root\"\n\t>\n\t<h2\tdata-slug=\"xn-aktivno-odtekani-ued\"\n\tclass=\"text-balance scroll-m-20 text-display-lg font-serif text-center text-black pt-48 sm:pt-64 pb-32 sm:pb-48\"\n>\n\tAktivno od\u0161tekani<\/h2><\/div>\n\n<div\n\tclass=\"scroll-my-24 overflow-x-clip block-inset-x *:max-w-5xl *:mx-auto flow-root\"\n\t>\n\t<p class=\"*:link:underline text-sm text-start text-black pb-24 sm:pb-32\">\n\tPrekomerna uporaba digitalnih naprav je postala vsakodnevna navada, ki pogosto ostane neopa\u017eena, \u010deprav ima lahko negativne posledice na zdravje, psihi\u010dno po\u010dutje in dru\u017ebeno \u017eivljenje. A ker se digitalni svet vse bolj prepleta z na\u0161im delom, u\u010denjem in komunikacijo, je nujno spodbujati odgovorno, zmerno in varno rabo tehnologij.\u00a0<br><br>Kot odgovor temu je nastal projekt <strong>Aktivno od\u0161tekani &#8211; usmerjen v pove\u010danje zavedanja o problemu digitalne zasvojenosti in vpeljavo konkretnih korakov za krepitev digitalnega ravnovesja, ki sodelavcem in posameznikom omogo\u010da bolj kakovostno in uravnote\u017eeno delo ter \u017eivljenje.<\/strong><br><br>Sodelavce zato spodbujamo, da se izven delovnega \u010dasa odklopijo od mailov in slu\u017ebenih sporo\u010dil, da tekom sestankov in izobra\u017eevanj pustijo telefone v slu\u017ebenem predalu in da se na vseh dru\u017eenjih &#8211; od zabav do teambuildingov, namesto dru\u017ebenim omre\u017ejem posvetijo drug drugemu.\u00a0<\/p><\/div>\n\n<div\n\tclass=\"scroll-my-24 overflow-x-clip flow-root\"\n\t>\n\t<h2\tdata-slug=\"bi-rad-a-postal-a-del-ekipe-a1\"\n\tclass=\"text-balance scroll-m-20 text-title text-center text-black pt-32 sm:pt-48 pb-18 sm:pb-24\"\n>\n\tBi rad\/a postal\/a del ekipe A1?<\/h2><\/div>\n\n<div\n\tclass=\"scroll-my-24 overflow-x-clip flow-root\"\n\t>\n\t<p class=\"*:link:underline text-base text-center text-black pb-24 sm:pb-32\">\n\tPrijavite se zdaj!<\/p><\/div>\n\n<div\n\tclass=\"scroll-my-24 overflow-x-clip block-inset-x flow-root\"\n\t>\n\t<div\n\tclass=\"job-search flex flex-col sm:flex-row items-center justify-between gap-14 sm:gap-8 flex-wrap p-30 sm:p-8 rounded-4 sm:rounded-full sm:max-h-fit sm:max-w-6xl w-full mx-auto my-16 text-black bg-white\/75 backdrop-blur-xl shadow-around js-job-search\"\n\tdata-filter-data=\"{&quot;job-category&quot;:{&quot;customer-management&quot;:&quot;Customer Management&quot;,&quot;hr&quot;:&quot;HR&quot;,&quot;sales&quot;:&quot;Sales&quot;},&quot;location&quot;:{&quot;ljubljana&quot;:&quot;Ljubljana&quot;,&quot;maribor&quot;:&quot;Maribor&quot;},&quot;management-level&quot;:{&quot;individual-contributor&quot;:&quot;Individual Contributor&quot;},&quot;company&quot;:{&quot;a1-slovenia&quot;:&quot;A1 Slovenia&quot;}}\"\n\tdata-search-page-url=\"https:\/\/jobs.a1.com\/jobs\/?country=slovenia\"\n\tdata-attributes=\"{&quot;jobSearchCountry&quot;:&quot;slovenia&quot;,&quot;jobSearchCountryFieldUse&quot;:false,&quot;jobSearchCountries&quot;:[],&quot;jobSearchButtonContent&quot;:&quot;&quot;,&quot;jobSearchButtonIconName&quot;:&quot;chevronRight&quot;}\"\n>\n<\/div><\/div>\n\n<div\n\tclass=\"scroll-my-24 overflow-x-clip block-inset-x *:max-w-7xl *:mx-auto flow-root\"\n\t>\n\t<div class=\"flex flex-col gap-16 sm:gap-24 sm:grid *:col-end-[span_1]! sm:grid-cols-3 pt-64 sm:pt-72 md:pt-80 pb-70 sm:pb-80 md:pb-96\">\n\t\n<div\tclass=\"outline-red-focus outline-offset-3 is-link:focus:outline-hidden is-link:focus-visible:outline-solid is-link:focus-visible:outline-3 transition-colors group @container overflow-clip relative isolate text-white rounded-16 text-current\"\n\t>\n\t<div class=\"flex flex-col gap-4 h-full justify-end-safe min-h-420\">\n\t\t\t\t\t<div class=\"absolute -z-10 inset-0 bg-linear-to-b from-black\/60 to-black\/25 mix-blend-darken select-none pointer-events-none\"><\/div>\n\t\t\n\t\t<picture\n\t\t\t\t\tclass=\"overflow-clip absolute inset-0 -z-20\"\n\t\t\t>\n\t\t<img\n\t\t\tsrc=\"https:\/\/jobs.a1.com\/wp-content\/uploads\/2025\/11\/iStock-1256861891-scaled.webp\"\n\t\t\talt=\"\"\n\t\t\tclass=\"w-full object-center size-full! group-is-link:group-hover:scale-105 group-is-link:group-focus-visible:scale-105 transition-transform duration-500 aspect-3-2 object-cover\"\n\t\t\/>\n\t<\/picture>\n\t\t<div class=\"flex flex-col p-16 sm:p-24 shrink-0 wrap-break-word hyphens-auto\">\n\t\t\t\n\t\t\t\t\t\t\t<p class=\"text-title group-is-link:group-hover:underline group-is-link:group-focus-visible:underline underline-offset-2 text-balance\">\n\t\t\t\t\t<br><br>Mo\u010dni skupaj, tudi ko postane te\u017eko\t\t\t\t<\/p>\n\t\t\t\n\t\t\t\n\t\t\t\n\t\t\t\t\t\t\t<div class=\"flex flex-wrap gap-16 mt-auto pt-8\">\n\t\t\t\t\t<a\thref=\"https:\/\/jobs.a1.com\/sl\/moc\/\"class=\"flex items-center justify-self-start gap-8 rounded-4 focus-visible:outline-solid focus-visible:outline-3 outline-red-focus outline-offset-3 border-2 transition icon:transition not-disabled:cursor-pointer bg-red-0 border-red-0 text-white hover:bg-red-p1 hover:border-red-p1 active:bg-red-p1 active:border-red-p1 disabled:bg-grey-2 disabled:border-grey-2 disabled:text-grey-1 p-12 px-20 button w-fit mt-12\">\n\t\n\t\t\t<span>Preberi ve\u010d<\/span>\n\t\n\t<\/a>\t\t\t\t<\/div>\n\t\t\t\t\t<\/div>\n\t<\/div>\n<\/div>\n\n<div\tclass=\"outline-red-focus outline-offset-3 is-link:focus:outline-hidden is-link:focus-visible:outline-solid is-link:focus-visible:outline-3 transition-colors group @container overflow-clip relative isolate text-white rounded-16 text-current\"\n\t>\n\t<div class=\"flex flex-col gap-4 h-full justify-end-safe min-h-420\">\n\t\t\t\t\t<div class=\"absolute -z-10 inset-0 bg-linear-to-b from-black\/60 to-black\/25 mix-blend-darken select-none pointer-events-none\"><\/div>\n\t\t\n\t\t<picture\n\t\t\t\t\tclass=\"overflow-clip absolute inset-0 -z-20\"\n\t\t\t>\n\t\t<img\n\t\t\tsrc=\"https:\/\/jobs.a1.com\/wp-content\/uploads\/2025\/10\/getty-images-qAcAKu1YWAY-unsplash-scaled.webp\"\n\t\t\talt=\"\"\n\t\t\tclass=\"w-full object-center size-full! group-is-link:group-hover:scale-105 group-is-link:group-focus-visible:scale-105 transition-transform duration-500 aspect-3-2 object-cover\"\n\t\t\/>\n\t<\/picture>\n\t\t<div class=\"flex flex-col p-16 sm:p-24 shrink-0 wrap-break-word hyphens-auto\">\n\t\t\t\n\t\t\t\t\t\t\t<h1 class=\"text-title group-is-link:group-hover:underline group-is-link:group-focus-visible:underline underline-offset-2 text-balance\">\n\t\t\t\t\t<br><br>Rast se zgodi vsaki\u010d, ko prerastemo to, kar smo bili v\u010deraj\t\t\t\t<\/h1>\n\t\t\t\n\t\t\t\n\t\t\t\n\t\t\t\t\t\t\t<div class=\"flex flex-wrap gap-16 mt-auto pt-8\">\n\t\t\t\t\t<a\thref=\"https:\/\/jobs.a1.com\/sl\/rast\/\"class=\"flex items-center justify-self-start gap-8 rounded-4 focus-visible:outline-solid focus-visible:outline-3 outline-red-focus outline-offset-3 border-2 transition icon:transition not-disabled:cursor-pointer bg-red-0 border-red-0 text-white hover:bg-red-p1 hover:border-red-p1 active:bg-red-p1 active:border-red-p1 disabled:bg-grey-2 disabled:border-grey-2 disabled:text-grey-1 p-12 px-20 button w-fit mt-12\">\n\t\n\t\t\t<span>Preberi ve\u010d<\/span>\n\t\n\t<\/a>\t\t\t\t<\/div>\n\t\t\t\t\t<\/div>\n\t<\/div>\n<\/div>\n\n<div\tclass=\"outline-red-focus outline-offset-3 is-link:focus:outline-hidden is-link:focus-visible:outline-solid is-link:focus-visible:outline-3 transition-colors group @container overflow-clip relative isolate text-white rounded-16 text-current\"\n\t>\n\t<div class=\"flex flex-col gap-4 h-full justify-end-safe min-h-420\">\n\t\t\t\t\t<div class=\"absolute -z-10 inset-0 bg-linear-to-b from-black\/60 to-black\/25 mix-blend-darken select-none pointer-events-none\"><\/div>\n\t\t\n\t\t<picture\n\t\t\t\t\tclass=\"overflow-clip absolute inset-0 -z-20\"\n\t\t\t>\n\t\t<img\n\t\t\tsrc=\"https:\/\/jobs.a1.com\/wp-content\/uploads\/2025\/11\/iStock-1475510950-copy-scaled.webp\"\n\t\t\talt=\"\"\n\t\t\tclass=\"w-full object-center size-full! group-is-link:group-hover:scale-105 group-is-link:group-focus-visible:scale-105 transition-transform duration-500 aspect-3-2 object-cover\"\n\t\t\/>\n\t<\/picture>\n\t\t<div class=\"flex flex-col p-16 sm:p-24 shrink-0 wrap-break-word hyphens-auto\">\n\t\t\t\n\t\t\t\t\t\t\t<p class=\"text-title group-is-link:group-hover:underline group-is-link:group-focus-visible:underline underline-offset-2 text-balance\">\n\t\t\t\t\t<br><br><strong><br>Tukaj boste na\u0161li pristno skrb za vas, va\u0161o ekipo in svet okoli vas<\/strong>\t\t\t\t<\/p>\n\t\t\t\n\t\t\t\n\t\t\t\n\t\t\t\t\t\t\t<div class=\"flex flex-wrap gap-16 mt-auto pt-8\">\n\t\t\t\t\t<a\thref=\"https:\/\/jobs.a1.com\/sl\/skrb\/\"class=\"flex items-center justify-self-start gap-8 rounded-4 focus-visible:outline-solid focus-visible:outline-3 outline-red-focus outline-offset-3 border-2 transition icon:transition not-disabled:cursor-pointer bg-red-0 border-red-0 text-white hover:bg-red-p1 hover:border-red-p1 active:bg-red-p1 active:border-red-p1 disabled:bg-grey-2 disabled:border-grey-2 disabled:text-grey-1 p-12 px-20 button w-fit mt-12\">\n\t\n\t\t\t<span>Preberi ve\u010d<\/span>\n\t\n\t<\/a>\t\t\t\t<\/div>\n\t\t\t\t\t<\/div>\n\t<\/div>\n<\/div>\n<\/div><\/div>\n\n<div\n\tclass=\"scroll-my-24 overflow-x-clip block-inset-x flow-root\"\n\t>\n\t<div\n\taria-hidden=\"true\"\n\tclass=\"\"\n>\n\t<\/div><\/div>","protected":false},"excerpt":{"rendered":"","protected":false},"author":3,"featured_media":0,"parent":3876,"menu_order":0,"comment_status":"closed","ping_status":"closed","template":"","meta":{"es_utils_meta_schema":"","footnotes":""},"departments":[],"class_list":["post-3968","page","type-page","status-publish","hentry"],"yoast_head":"<!-- This site is optimized with the Yoast SEO plugin v27.2 - https:\/\/yoast.com\/product\/yoast-seo-wordpress\/ -->\n<title>Aktivno od\u0161tekani - A1 Jobs<\/title>\n<meta name=\"robots\" content=\"index, follow, max-snippet:-1, max-image-preview:large, max-video-preview:-1\" \/>\n<link rel=\"canonical\" href=\"https:\/\/jobs.a1.com\/sl\/ugodnosti\/aktivno-odstekani\/\" \/>\n<meta property=\"og:locale\" content=\"sl_SI\" \/>\n<meta property=\"og:type\" content=\"article\" \/>\n<meta property=\"og:title\" content=\"Aktivno od\u0161tekani - A1 Jobs\" \/>\n<meta property=\"og:url\" content=\"https:\/\/jobs.a1.com\/sl\/ugodnosti\/aktivno-odstekani\/\" \/>\n<meta property=\"og:site_name\" content=\"A1 Jobs\" \/>\n<meta property=\"article:modified_time\" content=\"2025-11-24T09:38:16+00:00\" \/>\n<meta name=\"twitter:card\" content=\"summary_large_image\" \/>\n<script type=\"application\/ld+json\" class=\"yoast-schema-graph\">{\"@context\":\"https:\/\/schema.org\",\"@graph\":[{\"@type\":\"WebPage\",\"@id\":\"https:\/\/jobs.a1.com\/sl\/ugodnosti\/aktivno-odstekani\/\",\"url\":\"https:\/\/jobs.a1.com\/sl\/ugodnosti\/aktivno-odstekani\/\",\"name\":\"Aktivno od\u0161tekani - A1 Jobs\",\"isPartOf\":{\"@id\":\"https:\/\/jobs.a1.com\/#website\"},\"datePublished\":\"2025-11-07T09:32:37+00:00\",\"dateModified\":\"2025-11-24T09:38:16+00:00\",\"breadcrumb\":{\"@id\":\"https:\/\/jobs.a1.com\/sl\/ugodnosti\/aktivno-odstekani\/#breadcrumb\"},\"inLanguage\":\"sl-SI\",\"potentialAction\":[{\"@type\":\"ReadAction\",\"target\":[\"https:\/\/jobs.a1.com\/sl\/ugodnosti\/aktivno-odstekani\/\"]}]},{\"@type\":\"BreadcrumbList\",\"@id\":\"https:\/\/jobs.a1.com\/sl\/ugodnosti\/aktivno-odstekani\/#breadcrumb\",\"itemListElement\":[{\"@type\":\"ListItem\",\"position\":1,\"name\":\"Home\",\"item\":\"https:\/\/jobs.a1.com\/sl\/\"},{\"@type\":\"ListItem\",\"position\":2,\"name\":\"Ugodnosti\",\"item\":\"https:\/\/jobs.a1.com\/sl\/ugodnosti\/\"},{\"@type\":\"ListItem\",\"position\":3,\"name\":\"Aktivno od\u0161tekani\"}]},{\"@type\":\"WebSite\",\"@id\":\"https:\/\/jobs.a1.com\/#website\",\"url\":\"https:\/\/jobs.a1.com\/\",\"name\":\"A1 Jobs\",\"description\":\"\",\"publisher\":{\"@id\":\"https:\/\/jobs.a1.com\/#organization\"},\"potentialAction\":[{\"@type\":\"SearchAction\",\"target\":{\"@type\":\"EntryPoint\",\"urlTemplate\":\"https:\/\/jobs.a1.com\/?s={search_term_string}\"},\"query-input\":{\"@type\":\"PropertyValueSpecification\",\"valueRequired\":true,\"valueName\":\"search_term_string\"}}],\"inLanguage\":\"sl-SI\"},{\"@type\":\"Organization\",\"@id\":\"https:\/\/jobs.a1.com\/#organization\",\"name\":\"A1 Jobs\",\"url\":\"https:\/\/jobs.a1.com\/\",\"logo\":{\"@type\":\"ImageObject\",\"inLanguage\":\"sl-SI\",\"@id\":\"https:\/\/jobs.a1.com\/#\/schema\/logo\/image\/\",\"url\":\"https:\/\/jobs.a1.com\/wp-content\/uploads\/2025\/10\/A1_Logo_Std_Red_Pos_3_L-copy.webp\",\"contentUrl\":\"https:\/\/jobs.a1.com\/wp-content\/uploads\/2025\/10\/A1_Logo_Std_Red_Pos_3_L-copy.webp\",\"width\":934,\"height\":967,\"caption\":\"A1 Jobs\"},\"image\":{\"@id\":\"https:\/\/jobs.a1.com\/#\/schema\/logo\/image\/\"}}]}<\/script>\n<!-- \/ Yoast SEO plugin. -->","yoast_head_json":{"title":"Aktivno od\u0161tekani - A1 Jobs","robots":{"index":"index","follow":"follow","max-snippet":"max-snippet:-1","max-image-preview":"max-image-preview:large","max-video-preview":"max-video-preview:-1"},"canonical":"https:\/\/jobs.a1.com\/sl\/ugodnosti\/aktivno-odstekani\/","og_locale":"sl_SI","og_type":"article","og_title":"Aktivno od\u0161tekani - A1 Jobs","og_url":"https:\/\/jobs.a1.com\/sl\/ugodnosti\/aktivno-odstekani\/","og_site_name":"A1 Jobs","article_modified_time":"2025-11-24T09:38:16+00:00","twitter_card":"summary_large_image","schema":{"@context":"https:\/\/schema.org","@graph":[{"@type":"WebPage","@id":"https:\/\/jobs.a1.com\/sl\/ugodnosti\/aktivno-odstekani\/","url":"https:\/\/jobs.a1.com\/sl\/ugodnosti\/aktivno-odstekani\/","name":"Aktivno od\u0161tekani - A1 Jobs","isPartOf":{"@id":"https:\/\/jobs.a1.com\/#website"},"datePublished":"2025-11-07T09:32:37+00:00","dateModified":"2025-11-24T09:38:16+00:00","breadcrumb":{"@id":"https:\/\/jobs.a1.com\/sl\/ugodnosti\/aktivno-odstekani\/#breadcrumb"},"inLanguage":"sl-SI","potentialAction":[{"@type":"ReadAction","target":["https:\/\/jobs.a1.com\/sl\/ugodnosti\/aktivno-odstekani\/"]}]},{"@type":"BreadcrumbList","@id":"https:\/\/jobs.a1.com\/sl\/ugodnosti\/aktivno-odstekani\/#breadcrumb","itemListElement":[{"@type":"ListItem","position":1,"name":"Home","item":"https:\/\/jobs.a1.com\/sl\/"},{"@type":"ListItem","position":2,"name":"Ugodnosti","item":"https:\/\/jobs.a1.com\/sl\/ugodnosti\/"},{"@type":"ListItem","position":3,"name":"Aktivno od\u0161tekani"}]},{"@type":"WebSite","@id":"https:\/\/jobs.a1.com\/#website","url":"https:\/\/jobs.a1.com\/","name":"A1 Jobs","description":"","publisher":{"@id":"https:\/\/jobs.a1.com\/#organization"},"potentialAction":[{"@type":"SearchAction","target":{"@type":"EntryPoint","urlTemplate":"https:\/\/jobs.a1.com\/?s={search_term_string}"},"query-input":{"@type":"PropertyValueSpecification","valueRequired":true,"valueName":"search_term_string"}}],"inLanguage":"sl-SI"},{"@type":"Organization","@id":"https:\/\/jobs.a1.com\/#organization","name":"A1 Jobs","url":"https:\/\/jobs.a1.com\/","logo":{"@type":"ImageObject","inLanguage":"sl-SI","@id":"https:\/\/jobs.a1.com\/#\/schema\/logo\/image\/","url":"https:\/\/jobs.a1.com\/wp-content\/uploads\/2025\/10\/A1_Logo_Std_Red_Pos_3_L-copy.webp","contentUrl":"https:\/\/jobs.a1.com\/wp-content\/uploads\/2025\/10\/A1_Logo_Std_Red_Pos_3_L-copy.webp","width":934,"height":967,"caption":"A1 Jobs"},"image":{"@id":"https:\/\/jobs.a1.com\/#\/schema\/logo\/image\/"}}]}},"_links":{"self":[{"href":"https:\/\/jobs.a1.com\/sl\/wp-json\/wp\/v2\/pages\/3968","targetHints":{"allow":["GET"]}}],"collection":[{"href":"https:\/\/jobs.a1.com\/sl\/wp-json\/wp\/v2\/pages"}],"about":[{"href":"https:\/\/jobs.a1.com\/sl\/wp-json\/wp\/v2\/types\/page"}],"author":[{"embeddable":true,"href":"https:\/\/jobs.a1.com\/sl\/wp-json\/wp\/v2\/users\/3"}],"replies":[{"embeddable":true,"href":"https:\/\/jobs.a1.com\/sl\/wp-json\/wp\/v2\/comments?post=3968"}],"version-history":[{"count":5,"href":"https:\/\/jobs.a1.com\/sl\/wp-json\/wp\/v2\/pages\/3968\/revisions"}],"predecessor-version":[{"id":5820,"href":"https:\/\/jobs.a1.com\/sl\/wp-json\/wp\/v2\/pages\/3968\/revisions\/5820"}],"up":[{"embeddable":true,"href":"https:\/\/jobs.a1.com\/sl\/wp-json\/wp\/v2\/pages\/3876"}],"wp:attachment":[{"href":"https:\/\/jobs.a1.com\/sl\/wp-json\/wp\/v2\/media?parent=3968"}],"wp:term":[{"taxonomy":"department","embeddable":true,"href":"https:\/\/jobs.a1.com\/sl\/wp-json\/wp\/v2\/departments?post=3968"}],"curies":[{"name":"wp","href":"https:\/\/api.w.org\/{rel}","templated":true}]}}