{"id":5250,"date":"2025-11-19T12:28:18","date_gmt":"2025-11-19T11:28:18","guid":{"rendered":"https:\/\/jobs.a1.com\/?page_id=5250"},"modified":"2025-11-19T12:58:47","modified_gmt":"2025-11-19T11:58:47","slug":"predstavitev","status":"publish","type":"page","link":"https:\/\/jobs.a1.com\/sl\/predstavitev\/","title":{"rendered":"Predstavitev"},"content":{"rendered":"<div\n\tclass=\"scroll-my-24 overflow-x-clip flow-root\"\n\t>\n\t<picture\n\t\t\t\t\tclass=\"flex flex-col h-auto w-full\"\n\t\t\t>\n\t\t<img\n\t\t\tsrc=\"https:\/\/jobs.a1.com\/wp-content\/uploads\/2025\/10\/A1-Logo-Landscape.webp\"\n\t\t\talt=\"\"\n\t\t\tclass=\"w-full object-cover aspect-cinema object-center\"\n\t\t\/>\n\t<\/picture><\/div>\n\n<div\n\tclass=\"scroll-my-24 overflow-x-clip block-inset-x *:max-w-3xl *:mx-auto flow-root\"\n\t>\n\t<h2\tdata-slug=\"predstavitev\"\n\tclass=\"text-balance scroll-m-20 text-title text-start text-black pt-48 sm:pt-64\"\n>\n\t<strong>Predstavitev<\/strong><\/h2><\/div>\n\n<div\n\tclass=\"scroll-my-24 overflow-x-clip block-inset-x *:max-w-3xl *:mx-auto flow-root\"\n\t>\n\t<p class=\"*:link:underline text-base text-start text-black pt-24 sm:pt-32 pb-76 sm:pb-96 md:pb-100\">\n\tA1 Slovenija je vodilni zasebni ponudnik celovitih komunikacijskih storitev v Sloveniji. Ve\u010d kot 600 zaposlenih je zavezanih k ustvarjanju re\u0161itev, ki ve\u010d kot 800 tiso\u010d uporabnikom bogatijo \u017eivljenje v digitalni dobi. A1 Slovenija razvija smiselne komunikacijske re\u0161itve, ki ustrezajo trenutnim in nastajajo\u010dim potrebam uporabnikov, tako da lahko ti izkusijo delo, zabavo, ustvarjanje in deljenje na bolj povezan na\u010din.<br><br>A1 Slovenija je v 100-odstotni lasti mednarodne telekomunikacijske skupine A1 Telekom Austria Group (ATX:TKA) in je tako pomemben del vodilnega ponudnika digitalnih storitev in komunikacije v dr\u017eavah srednje in vzhodne Evrope z ve\u010d kot 24 milijoni uporabnikov v osmih dr\u017eavah, ve\u010d kot 4,4 milijardami EUR prihodkov in ve\u010d kot 19.000 zaposlenimi. Skupina je evropska enota dru\u017ebe Am\u00e9rica M\u00f3vil, tretjega najve\u010djega ponudnika brez\u017ei\u010dnih storitev na svetu<br><br>Na trgu je A1 Slovenija prisoten od leta 1999, ko je na trg vstopil kot prvi zasebni mobilni operater v Sloveniji. Vse odtlej ohranja polo\u017eaj pionirja na podro\u010dju mobilnih komunikacij in stalno krepi svoj polo\u017eaj na trgu celovitih komunikacijskih storitev. Napredno tehnologijo uporablja za to, da svojim uporabnikom omogo\u010da oblikovanje izku\u0161nje, kot jo sami \u017eelijo \u017eiveti.<br><br><strong>Ostali podatki:<br><\/strong><strong>TRR:\u00a0<\/strong>29000-0159800373<br><strong>Identifikacijska \u0161tevilka:<\/strong>\u00a0SI 60595256<br><strong>Mati\u010dna \u0161tevilka:<\/strong>\u00a01196332000<br><strong>Kapital:<\/strong>\u00a0SRG 1\/29430\/00 Ljubljana 38.781.000 EUR<br><strong>Predsednik nadzornega sveta:<\/strong>\u00a0Alejandro Douglass Plater<br><strong>Predsednik uprave:<\/strong>\u00a0Dejan Turk<\/p><\/div>","protected":false},"excerpt":{"rendered":"","protected":false},"author":3,"featured_media":0,"parent":0,"menu_order":0,"comment_status":"closed","ping_status":"closed","template":"","meta":{"es_utils_meta_schema":"","footnotes":""},"departments":[],"class_list":["post-5250","page","type-page","status-publish","hentry"],"yoast_head":"<!-- This site is optimized with the Yoast SEO plugin v27.2 - https:\/\/yoast.com\/product\/yoast-seo-wordpress\/ -->\n<title>Predstavitev - A1 Jobs<\/title>\n<meta name=\"robots\" content=\"index, follow, max-snippet:-1, max-image-preview:large, max-video-preview:-1\" \/>\n<link rel=\"canonical\" href=\"https:\/\/jobs.a1.com\/sl\/predstavitev\/\" \/>\n<meta property=\"og:locale\" content=\"sl_SI\" \/>\n<meta property=\"og:type\" content=\"article\" \/>\n<meta property=\"og:title\" content=\"Predstavitev - A1 Jobs\" \/>\n<meta property=\"og:url\" content=\"https:\/\/jobs.a1.com\/sl\/predstavitev\/\" \/>\n<meta property=\"og:site_name\" content=\"A1 Jobs\" \/>\n<meta property=\"article:modified_time\" content=\"2025-11-19T11:58:47+00:00\" \/>\n<meta name=\"twitter:card\" content=\"summary_large_image\" \/>\n<script type=\"application\/ld+json\" class=\"yoast-schema-graph\">{\"@context\":\"https:\/\/schema.org\",\"@graph\":[{\"@type\":\"WebPage\",\"@id\":\"https:\/\/jobs.a1.com\/sl\/predstavitev\/\",\"url\":\"https:\/\/jobs.a1.com\/sl\/predstavitev\/\",\"name\":\"Predstavitev - A1 Jobs\",\"isPartOf\":{\"@id\":\"https:\/\/jobs.a1.com\/#website\"},\"datePublished\":\"2025-11-19T11:28:18+00:00\",\"dateModified\":\"2025-11-19T11:58:47+00:00\",\"breadcrumb\":{\"@id\":\"https:\/\/jobs.a1.com\/sl\/predstavitev\/#breadcrumb\"},\"inLanguage\":\"sl-SI\",\"potentialAction\":[{\"@type\":\"ReadAction\",\"target\":[\"https:\/\/jobs.a1.com\/sl\/predstavitev\/\"]}]},{\"@type\":\"BreadcrumbList\",\"@id\":\"https:\/\/jobs.a1.com\/sl\/predstavitev\/#breadcrumb\",\"itemListElement\":[{\"@type\":\"ListItem\",\"position\":1,\"name\":\"Home\",\"item\":\"https:\/\/jobs.a1.com\/sl\/\"},{\"@type\":\"ListItem\",\"position\":2,\"name\":\"Predstavitev\"}]},{\"@type\":\"WebSite\",\"@id\":\"https:\/\/jobs.a1.com\/#website\",\"url\":\"https:\/\/jobs.a1.com\/\",\"name\":\"A1 Jobs\",\"description\":\"\",\"publisher\":{\"@id\":\"https:\/\/jobs.a1.com\/#organization\"},\"potentialAction\":[{\"@type\":\"SearchAction\",\"target\":{\"@type\":\"EntryPoint\",\"urlTemplate\":\"https:\/\/jobs.a1.com\/?s={search_term_string}\"},\"query-input\":{\"@type\":\"PropertyValueSpecification\",\"valueRequired\":true,\"valueName\":\"search_term_string\"}}],\"inLanguage\":\"sl-SI\"},{\"@type\":\"Organization\",\"@id\":\"https:\/\/jobs.a1.com\/#organization\",\"name\":\"A1 Jobs\",\"url\":\"https:\/\/jobs.a1.com\/\",\"logo\":{\"@type\":\"ImageObject\",\"inLanguage\":\"sl-SI\",\"@id\":\"https:\/\/jobs.a1.com\/#\/schema\/logo\/image\/\",\"url\":\"https:\/\/jobs.a1.com\/wp-content\/uploads\/2025\/10\/A1_Logo_Std_Red_Pos_3_L-copy.webp\",\"contentUrl\":\"https:\/\/jobs.a1.com\/wp-content\/uploads\/2025\/10\/A1_Logo_Std_Red_Pos_3_L-copy.webp\",\"width\":934,\"height\":967,\"caption\":\"A1 Jobs\"},\"image\":{\"@id\":\"https:\/\/jobs.a1.com\/#\/schema\/logo\/image\/\"}}]}<\/script>\n<!-- \/ Yoast SEO plugin. -->","yoast_head_json":{"title":"Predstavitev - A1 Jobs","robots":{"index":"index","follow":"follow","max-snippet":"max-snippet:-1","max-image-preview":"max-image-preview:large","max-video-preview":"max-video-preview:-1"},"canonical":"https:\/\/jobs.a1.com\/sl\/predstavitev\/","og_locale":"sl_SI","og_type":"article","og_title":"Predstavitev - A1 Jobs","og_url":"https:\/\/jobs.a1.com\/sl\/predstavitev\/","og_site_name":"A1 Jobs","article_modified_time":"2025-11-19T11:58:47+00:00","twitter_card":"summary_large_image","schema":{"@context":"https:\/\/schema.org","@graph":[{"@type":"WebPage","@id":"https:\/\/jobs.a1.com\/sl\/predstavitev\/","url":"https:\/\/jobs.a1.com\/sl\/predstavitev\/","name":"Predstavitev - A1 Jobs","isPartOf":{"@id":"https:\/\/jobs.a1.com\/#website"},"datePublished":"2025-11-19T11:28:18+00:00","dateModified":"2025-11-19T11:58:47+00:00","breadcrumb":{"@id":"https:\/\/jobs.a1.com\/sl\/predstavitev\/#breadcrumb"},"inLanguage":"sl-SI","potentialAction":[{"@type":"ReadAction","target":["https:\/\/jobs.a1.com\/sl\/predstavitev\/"]}]},{"@type":"BreadcrumbList","@id":"https:\/\/jobs.a1.com\/sl\/predstavitev\/#breadcrumb","itemListElement":[{"@type":"ListItem","position":1,"name":"Home","item":"https:\/\/jobs.a1.com\/sl\/"},{"@type":"ListItem","position":2,"name":"Predstavitev"}]},{"@type":"WebSite","@id":"https:\/\/jobs.a1.com\/#website","url":"https:\/\/jobs.a1.com\/","name":"A1 Jobs","description":"","publisher":{"@id":"https:\/\/jobs.a1.com\/#organization"},"potentialAction":[{"@type":"SearchAction","target":{"@type":"EntryPoint","urlTemplate":"https:\/\/jobs.a1.com\/?s={search_term_string}"},"query-input":{"@type":"PropertyValueSpecification","valueRequired":true,"valueName":"search_term_string"}}],"inLanguage":"sl-SI"},{"@type":"Organization","@id":"https:\/\/jobs.a1.com\/#organization","name":"A1 Jobs","url":"https:\/\/jobs.a1.com\/","logo":{"@type":"ImageObject","inLanguage":"sl-SI","@id":"https:\/\/jobs.a1.com\/#\/schema\/logo\/image\/","url":"https:\/\/jobs.a1.com\/wp-content\/uploads\/2025\/10\/A1_Logo_Std_Red_Pos_3_L-copy.webp","contentUrl":"https:\/\/jobs.a1.com\/wp-content\/uploads\/2025\/10\/A1_Logo_Std_Red_Pos_3_L-copy.webp","width":934,"height":967,"caption":"A1 Jobs"},"image":{"@id":"https:\/\/jobs.a1.com\/#\/schema\/logo\/image\/"}}]}},"_links":{"self":[{"href":"https:\/\/jobs.a1.com\/sl\/wp-json\/wp\/v2\/pages\/5250","targetHints":{"allow":["GET"]}}],"collection":[{"href":"https:\/\/jobs.a1.com\/sl\/wp-json\/wp\/v2\/pages"}],"about":[{"href":"https:\/\/jobs.a1.com\/sl\/wp-json\/wp\/v2\/types\/page"}],"author":[{"embeddable":true,"href":"https:\/\/jobs.a1.com\/sl\/wp-json\/wp\/v2\/users\/3"}],"replies":[{"embeddable":true,"href":"https:\/\/jobs.a1.com\/sl\/wp-json\/wp\/v2\/comments?post=5250"}],"version-history":[{"count":1,"href":"https:\/\/jobs.a1.com\/sl\/wp-json\/wp\/v2\/pages\/5250\/revisions"}],"predecessor-version":[{"id":5251,"href":"https:\/\/jobs.a1.com\/sl\/wp-json\/wp\/v2\/pages\/5250\/revisions\/5251"}],"wp:attachment":[{"href":"https:\/\/jobs.a1.com\/sl\/wp-json\/wp\/v2\/media?parent=5250"}],"wp:term":[{"taxonomy":"department","embeddable":true,"href":"https:\/\/jobs.a1.com\/sl\/wp-json\/wp\/v2\/departments?post=5250"}],"curies":[{"name":"wp","href":"https:\/\/api.w.org\/{rel}","templated":true}]}}