{"id":1983,"date":"2025-10-01T14:12:16","date_gmt":"2025-10-01T12:12:16","guid":{"rendered":"https:\/\/jobs.a1.com\/?page_id=1983"},"modified":"2026-03-17T09:33:33","modified_gmt":"2026-03-17T08:33:33","slug":"employee-assistance-programm","status":"publish","type":"page","link":"https:\/\/jobs.a1.com\/sr\/employee-assistance-programm\/","title":{"rendered":"Employee Assistance Programm"},"content":{"rendered":"<div\n\tclass=\"scroll-my-24 overflow-x-clip flow-root\"\n\t>\n\t<div class=\"grid grid-rows-1 grid-cols-1 gap-8 h-[90vh]\">\n\t<picture\n\t\t\t\t\tclass=\"row-start-1 row-span-1 col-start-1 col-span-1\"\n\t\t\t>\n\t\t<img\n\t\t\tsrc=\"https:\/\/jobs.a1.com\/wp-content\/uploads\/2025\/10\/ISF01078-3.webp\"\n\t\t\talt=\"\"\n\t\t\tclass=\"w-full object-cover aspect-video object-top size-full object-cover\"\n\t\t\/>\n\t<\/picture>\n\t<div class=\"row-start-1 row-span-1 col-start-1 col-span-1 flex flex-col justify-end block-inset-x overflow-x-clip py-24 sm:py-60\">\n\t\t<div\n\tclass=\"job-search flex flex-col sm:flex-row items-center justify-between gap-14 sm:gap-8 flex-wrap p-30 sm:p-8 rounded-4 sm:rounded-full sm:max-h-fit sm:max-w-6xl w-full mx-auto my-16 text-black bg-white\/75 backdrop-blur-xl shadow-around js-job-search\"\n\tdata-filter-data=\"{&quot;job-category&quot;:{&quot;cyber-security&quot;:&quot;Cyber Security&quot;,&quot;hr&quot;:&quot;HR&quot;,&quot;it&quot;:&quot;IT&quot;,&quot;internal-audit-legal&quot;:&quot;Internal Audit &amp; Legal&quot;,&quot;network-infrastructure&quot;:&quot;Network \\\/ Infrastructure&quot;,&quot;sales&quot;:&quot;Sales&quot;},&quot;management-level&quot;:{&quot;director&quot;:&quot;Director&quot;,&quot;individual-contributor&quot;:&quot;Individual Contributor&quot;,&quot;manager&quot;:&quot;Manager&quot;},&quot;location&quot;:{&quot;beograd&quot;:&quot;Beograd&quot;,&quot;%c4%8da%c4%8dak&quot;:&quot;\\u010ca\\u010dak&quot;},&quot;company&quot;:{&quot;a1-serbia&quot;:&quot;A1 Serbia&quot;}}\"\n\tdata-search-page-url=\"https:\/\/jobs.a1.com\/jobs\/?country=serbia\"\n\tdata-attributes=\"{&quot;jobSearchCountry&quot;:&quot;serbia&quot;,&quot;jobSearchCountryFieldUse&quot;:false,&quot;jobSearchCountries&quot;:[],&quot;jobSearchButtonContent&quot;:&quot;&quot;,&quot;jobSearchButtonIconName&quot;:&quot;chevronRight&quot;}\"\n>\n<\/div>\t<\/div>\n<\/div><\/div>\n\n<div\n\tclass=\"scroll-my-24 overflow-x-clip block-inset-x *:max-w-5xl *:mx-auto flow-root\"\n\t>\n\t<h2\tdata-slug=\"xn-brinemo-o-naem-timu-i-naim-najbliima-6shq07j\"\n\tclass=\"text-balance scroll-m-20 text-display-lg font-serif text-center text-black pt-48 sm:pt-64 pb-32 sm:pb-48\"\n>\n\tBrinemo o na\u0161em timu <br>i na\u0161im najbli\u017eima<\/h2><\/div>\n\n<div\n\tclass=\"scroll-my-24 overflow-x-clip block-inset-x *:max-w-5xl *:mx-auto flow-root\"\n\t>\n\t<p class=\"*:link:underline text-base text-center text-black pb-70 sm:pb-80 md:pb-96\">\n\t\u017divot ponekad mo\u017ee biti izazovan \u2013 tada smo tu za tebe. Na\u0161 Program pomoc\u0301i zaposlenima (EAP), koji je dostupan na nivou cele Grupe, sastoji se iz psiholo\u0161kog, pravnog i finansijskog savetovanja. Ne samo za tebe, vec\u0301 i za tvoje najbli\u017ee.<\/p><\/div>\n\n<div\n\tclass=\"scroll-my-24 overflow-x-clip block-inset-x *:max-w-7xl *:mx-auto flow-root\"\n\t>\n\t<div class=\"flex flex-col gap-16 sm:gap-24 sm:grid *:col-end-[span_1]! sm:grid-cols-2\">\n\t\n<div class=\"flex flex-col gap-16 items-start justify-center-safe\">\n\t\n<h2\tdata-slug=\"xn-savetodavna-podrka-i-kouing-rid14v\"\n\tclass=\"text-balance scroll-m-20 text-title text-start text-black\"\n>\n\tSavetodavna podr\u0161ka i kou\u010ding<\/h2>\n\n<p class=\"*:link:underline text-sm text-start text-black\">\n\tPonekad je dovoljno da ima\u0161 kome da se obrati\u0161. Bilo da \u017eeli\u0161 da pobolj\u0161a\u0161 svoj fokus, prona\u0111e\u0161 ravnote\u017eu izme\u0111u privatnog i poslovnog \u017eivota, dobije\u0161 savet u vezi sa finansijama, pravnim pitanjima ili jednostavno porazgovara\u0161 sa stru\u010dnjakom \u2013 na\u0161 Program pomo\u0107i zaposlenima (EAP) je tu za tebe i tvoju porodicu.<br><br>Na raspolaganju ti je anonimna i besplatna linija podr\u0161ke, dostupna 24\/7 tokom cele godine, kao i mogu\u0107nost zakazivanja individualnih savetodavnih sesija sa profesionalcima koji razumeju tvoje potrebe. Ne mora\u0161 \u010dekati da stvari postanu te\u0161ke \u2013 iskoristi podr\u0161ku koja ti mo\u017ee pomo\u0107i da se ose\u0107a\u0161 bolje svakog dana.<\/p>\n<\/div>\n\n<picture\n\t\t\t\t\tclass=\"flex flex-col h-auto w-full\"\n\t\t\t>\n\t\t<img\n\t\t\tsrc=\"https:\/\/jobs.a1.com\/wp-content\/uploads\/2025\/10\/getty-images-Tx8-zNzSNkw-unsplash-scaled.webp\"\n\t\t\talt=\"\"\n\t\t\tclass=\"w-full object-cover aspect-5-4 object-center\"\n\t\t\/>\n\t<\/picture>\n<\/div><\/div>\n\n<div\n\tclass=\"scroll-my-24 overflow-x-clip block-inset-x *:max-w-5xl *:mx-auto flow-root\"\n\t>\n\t<div class=\"flex flex-col gap-16 sm:gap-24 sm:grid *:col-end-[span_1]! sm:grid-cols-2 pt-48 sm:pt-64 pb-64 sm:pb-72 md:pb-80\">\n\t\n<picture\n\t\t\t\t\tclass=\"flex flex-col h-auto w-full\"\n\t\t\t>\n\t\t<img\n\t\t\tsrc=\"https:\/\/jobs.a1.com\/wp-content\/uploads\/2025\/11\/GettyImages-627761528-scaled-1.webp\"\n\t\t\talt=\"\"\n\t\t\tclass=\"w-full object-cover aspect-3-2 object-center\"\n\t\t\/>\n\t<\/picture>\n\n<div class=\"flex flex-col gap-16 pt-32 sm:pt-48 items-start justify-start\">\n\t\n<h2\tdata-slug=\"wellbeing-ponude\"\n\tclass=\"text-balance scroll-m-20 text-title text-start text-black\"\n>\n\tWellbeing ponude<\/h2>\n\n<p class=\"*:link:underline text-sm text-start text-black\">\n\tMo\u017ee\u0161 da prati\u0161 zanimljive onlajn sadr\u017eaje, jer verujemo da su informisanost i edukacija o zdravlju klju\u010dni za tvoju vitalnost!<\/p>\n<\/div>\n<\/div><\/div>\n\n<div\n\tclass=\"scroll-my-24 overflow-x-clip block-inset-x *:max-w-5xl *:mx-auto flow-root\"\n\t>\n\t<h2\tdata-slug=\"\"\n\tclass=\"text-balance scroll-m-20 text-statement text-center bg-clip-text text-transparent bg-linear-to-r from-red-0 to-red-p2 pt-32 sm:pt-48 pb-12 sm:pb-16\"\n>\n\t\u201eMe\u0111u svim A1 projektima na kojima sam radio, najvi\u0161e sam ponosan na Program pomoc\u0301i zaposlenima. On jasno pokazuje kako postupamo po zadatku i svesno brinemo jedni o drugima.\u201c<\/h2><\/div>\n\n<div\n\tclass=\"scroll-my-24 overflow-x-clip block-inset-x *:max-w-5xl *:mx-auto flow-root\"\n\t>\n\t<p class=\"*:link:underline text-base text-center text-black pb-64 sm:pb-72 md:pb-80\">\n\tAndrija Vrhovnik<br>People Analytics Expert, A1 Hrvatska<\/p><\/div>\n\n<div\n\tclass=\"scroll-my-24 overflow-x-clip flow-root\"\n\t>\n\t<h2\tdata-slug=\"xn-budi-ono-to-jesi-ted\"\n\tclass=\"text-balance scroll-m-20 text-title text-center text-black pt-32 sm:pt-48 pb-18 sm:pb-24\"\n>\n\tBudi ono \u0161to jesi.<\/h2><\/div>\n\n<div\n\tclass=\"scroll-my-24 overflow-x-clip flow-root\"\n\t>\n\t<p class=\"*:link:underline text-base text-center text-black pb-24 sm:pb-32\">\n\tIstra\u017ei prilike u okru\u017eenju gde je podr\u0161ka zaista va\u017ena.<\/p><\/div>\n\n<div\n\tclass=\"scroll-my-24 overflow-x-clip block-inset-x flow-root\"\n\t>\n\t<div\n\tclass=\"job-search flex flex-col sm:flex-row items-center justify-between gap-14 sm:gap-8 flex-wrap p-30 sm:p-8 rounded-4 sm:rounded-full sm:max-h-fit sm:max-w-6xl w-full mx-auto my-16 text-black bg-white\/75 backdrop-blur-xl shadow-around js-job-search\"\n\tdata-filter-data=\"{&quot;job-category&quot;:{&quot;cyber-security&quot;:&quot;Cyber Security&quot;,&quot;hr&quot;:&quot;HR&quot;,&quot;it&quot;:&quot;IT&quot;,&quot;internal-audit-legal&quot;:&quot;Internal Audit &amp; Legal&quot;,&quot;network-infrastructure&quot;:&quot;Network \\\/ Infrastructure&quot;,&quot;sales&quot;:&quot;Sales&quot;},&quot;management-level&quot;:{&quot;director&quot;:&quot;Director&quot;,&quot;individual-contributor&quot;:&quot;Individual Contributor&quot;,&quot;manager&quot;:&quot;Manager&quot;},&quot;location&quot;:{&quot;beograd&quot;:&quot;Beograd&quot;,&quot;%c4%8da%c4%8dak&quot;:&quot;\\u010ca\\u010dak&quot;},&quot;company&quot;:{&quot;a1-serbia&quot;:&quot;A1 Serbia&quot;}}\"\n\tdata-search-page-url=\"https:\/\/jobs.a1.com\/jobs\/?country=serbia\"\n\tdata-attributes=\"{&quot;jobSearchCountry&quot;:&quot;serbia&quot;,&quot;jobSearchCountryFieldUse&quot;:false,&quot;jobSearchCountries&quot;:[],&quot;jobSearchButtonContent&quot;:&quot;&quot;,&quot;jobSearchButtonIconName&quot;:&quot;chevronRight&quot;}\"\n>\n<\/div><\/div>\n\n<div\n\tclass=\"scroll-my-24 overflow-x-clip block-inset-x *:max-w-7xl *:mx-auto flow-root\"\n\t>\n\t<div class=\"flex flex-col gap-16 sm:gap-24 sm:grid *:col-end-[span_1]! sm:grid-cols-3 pt-64 sm:pt-72 md:pt-80 pb-70 sm:pb-80 md:pb-96\">\n\t\n<div\tclass=\"outline-red-focus outline-offset-3 is-link:focus:outline-hidden is-link:focus-visible:outline-solid is-link:focus-visible:outline-3 transition-colors group @container overflow-clip relative isolate text-white rounded-16 text-current\"\n\t>\n\t<div class=\"flex flex-col gap-4 h-full justify-end-safe min-h-420\">\n\t\t\t\t\t<div class=\"absolute -z-10 inset-0 bg-linear-to-b from-black\/60 to-black\/25 mix-blend-darken select-none pointer-events-none\"><\/div>\n\t\t\n\t\t<picture\n\t\t\t\t\tclass=\"overflow-clip absolute inset-0 -z-20\"\n\t\t\t>\n\t\t<img\n\t\t\tsrc=\"https:\/\/jobs.a1.com\/wp-content\/uploads\/2025\/11\/iStock-1475510950-copy-scaled.webp\"\n\t\t\talt=\"\"\n\t\t\tclass=\"w-full object-center size-full! group-is-link:group-hover:scale-105 group-is-link:group-focus-visible:scale-105 transition-transform duration-500 aspect-3-2 object-cover\"\n\t\t\/>\n\t<\/picture>\n\t\t<div class=\"flex flex-col p-16 sm:p-24 shrink-0 wrap-break-word hyphens-auto\">\n\t\t\t\n\t\t\t\t\t\t\t<p class=\"text-title group-is-link:group-hover:underline group-is-link:group-focus-visible:underline underline-offset-2 text-balance\">\n\t\t\t\t\tBriga koja povezuje vas, va\u0161 tim i svet oko vas.\t\t\t\t<\/p>\n\t\t\t\n\t\t\t\n\t\t\t\n\t\t\t\t\t\t\t<div class=\"flex flex-wrap gap-16 mt-auto pt-8\">\n\t\t\t\t\t<a\thref=\"https:\/\/jobs.a1.com\/sr\/briga\/\"class=\"flex items-center justify-self-start gap-8 rounded-4 focus-visible:outline-solid focus-visible:outline-3 outline-red-focus outline-offset-3 border-2 transition icon:transition not-disabled:cursor-pointer bg-red-0 border-red-0 text-white hover:bg-red-p1 hover:border-red-p1 active:bg-red-p1 active:border-red-p1 disabled:bg-grey-2 disabled:border-grey-2 disabled:text-grey-1 p-12 px-20 button w-fit mt-12\">\n\t\n\t\t\t<span>Saznaj vi\u0161e<\/span>\n\t\n\t<\/a>\t\t\t\t<\/div>\n\t\t\t\t\t<\/div>\n\t<\/div>\n<\/div>\n\n<div\tclass=\"outline-red-focus outline-offset-3 is-link:focus:outline-hidden is-link:focus-visible:outline-solid is-link:focus-visible:outline-3 transition-colors group @container overflow-clip relative isolate text-white rounded-16 text-current\"\n\t>\n\t<div class=\"flex flex-col gap-4 h-full justify-end-safe min-h-420\">\n\t\t\t\t\t<div class=\"absolute -z-10 inset-0 bg-linear-to-b from-black\/60 to-black\/25 mix-blend-darken select-none pointer-events-none\"><\/div>\n\t\t\n\t\t<picture\n\t\t\t\t\tclass=\"overflow-clip absolute inset-0 -z-20\"\n\t\t\t>\n\t\t<img\n\t\t\tsrc=\"https:\/\/jobs.a1.com\/wp-content\/uploads\/2025\/11\/iStock-1256861891-scaled.webp\"\n\t\t\talt=\"\"\n\t\t\tclass=\"w-full object-center size-full! group-is-link:group-hover:scale-105 group-is-link:group-focus-visible:scale-105 transition-transform duration-500 aspect-3-2 object-cover\"\n\t\t\/>\n\t<\/picture>\n\t\t<div class=\"flex flex-col p-16 sm:p-24 shrink-0 wrap-break-word hyphens-auto\">\n\t\t\t\n\t\t\t\t\t\t\t<p class=\"text-title group-is-link:group-hover:underline group-is-link:group-focus-visible:underline underline-offset-2 text-balance\">\n\t\t\t\t\tJaki zajedno, \u010dak i kada vremena postanu te\u0161ka\t\t\t\t<\/p>\n\t\t\t\n\t\t\t\n\t\t\t\n\t\t\t\t\t\t\t<div class=\"flex flex-wrap gap-16 mt-auto pt-8\">\n\t\t\t\t\t<a\thref=\"https:\/\/jobs.a1.com\/sr\/snaga\/\"class=\"flex items-center justify-self-start gap-8 rounded-4 focus-visible:outline-solid focus-visible:outline-3 outline-red-focus outline-offset-3 border-2 transition icon:transition not-disabled:cursor-pointer bg-red-0 border-red-0 text-white hover:bg-red-p1 hover:border-red-p1 active:bg-red-p1 active:border-red-p1 disabled:bg-grey-2 disabled:border-grey-2 disabled:text-grey-1 p-12 px-20 button w-fit mt-12\">\n\t\n\t\t\t<span>Saznaj vi\u0161e<\/span>\n\t\n\t<\/a>\t\t\t\t<\/div>\n\t\t\t\t\t<\/div>\n\t<\/div>\n<\/div>\n\n<div\tclass=\"outline-red-focus outline-offset-3 is-link:focus:outline-hidden is-link:focus-visible:outline-solid is-link:focus-visible:outline-3 transition-colors group @container overflow-clip relative isolate text-white rounded-16 text-current\"\n\t>\n\t<div class=\"flex flex-col gap-4 h-full justify-end-safe min-h-420\">\n\t\t\t\t\t<div class=\"absolute -z-10 inset-0 bg-linear-to-b from-black\/60 to-black\/25 mix-blend-darken select-none pointer-events-none\"><\/div>\n\t\t\n\t\t<picture\n\t\t\t\t\tclass=\"overflow-clip absolute inset-0 -z-20\"\n\t\t\t>\n\t\t<img\n\t\t\tsrc=\"https:\/\/jobs.a1.com\/wp-content\/uploads\/2025\/10\/getty-images-qAcAKu1YWAY-unsplash-scaled.webp\"\n\t\t\talt=\"\"\n\t\t\tclass=\"w-full object-center size-full! group-is-link:group-hover:scale-105 group-is-link:group-focus-visible:scale-105 transition-transform duration-500 aspect-3-2 object-cover\"\n\t\t\/>\n\t<\/picture>\n\t\t<div class=\"flex flex-col p-16 sm:p-24 shrink-0 wrap-break-word hyphens-auto\">\n\t\t\t\n\t\t\t\t\t\t\t<h1 class=\"text-title group-is-link:group-hover:underline group-is-link:group-focus-visible:underline underline-offset-2 text-balance\">\n\t\t\t\t\tRast se de\u0161ava svaki put kada prerastemo ono \u0161to smo bili ju\u010de.\t\t\t\t<\/h1>\n\t\t\t\n\t\t\t\n\t\t\t\n\t\t\t\t\t\t\t<div class=\"flex flex-wrap gap-16 mt-auto pt-8\">\n\t\t\t\t\t<a\thref=\"https:\/\/jobs.a1.com\/sr\/rast\/\"class=\"flex items-center justify-self-start gap-8 rounded-4 focus-visible:outline-solid focus-visible:outline-3 outline-red-focus outline-offset-3 border-2 transition icon:transition not-disabled:cursor-pointer bg-red-0 border-red-0 text-white hover:bg-red-p1 hover:border-red-p1 active:bg-red-p1 active:border-red-p1 disabled:bg-grey-2 disabled:border-grey-2 disabled:text-grey-1 p-12 px-20 button w-fit mt-12\">\n\t\n\t\t\t<span>Saznaj vi\u0161e<\/span>\n\t\n\t<\/a>\t\t\t\t<\/div>\n\t\t\t\t\t<\/div>\n\t<\/div>\n<\/div>\n<\/div><\/div>\n\n<div\n\tclass=\"scroll-my-24 overflow-x-clip block-inset-x flow-root\"\n\t>\n\t<div\n\taria-hidden=\"true\"\n\tclass=\"\"\n>\n\t<\/div><\/div>","protected":false},"excerpt":{"rendered":"","protected":false},"author":3,"featured_media":0,"parent":0,"menu_order":0,"comment_status":"closed","ping_status":"closed","template":"","meta":{"es_utils_meta_schema":"","footnotes":""},"departments":[],"class_list":["post-1983","page","type-page","status-publish","hentry"],"yoast_head":"<!-- This site is optimized with the Yoast SEO plugin v27.2 - https:\/\/yoast.com\/product\/yoast-seo-wordpress\/ -->\n<title>Employee Assistance Programm - A1 Jobs<\/title>\n<meta name=\"robots\" content=\"index, follow, max-snippet:-1, max-image-preview:large, max-video-preview:-1\" \/>\n<link rel=\"canonical\" href=\"https:\/\/jobs.a1.com\/sr\/employee-assistance-programm\/\" \/>\n<meta property=\"og:locale\" content=\"sr_RS\" \/>\n<meta property=\"og:type\" content=\"article\" \/>\n<meta property=\"og:title\" content=\"Employee Assistance Programm - A1 Jobs\" \/>\n<meta property=\"og:url\" content=\"https:\/\/jobs.a1.com\/sr\/employee-assistance-programm\/\" \/>\n<meta property=\"og:site_name\" content=\"A1 Jobs\" \/>\n<meta property=\"article:modified_time\" content=\"2026-03-17T08:33:33+00:00\" \/>\n<meta name=\"twitter:card\" content=\"summary_large_image\" \/>\n<script type=\"application\/ld+json\" class=\"yoast-schema-graph\">{\"@context\":\"https:\/\/schema.org\",\"@graph\":[{\"@type\":\"WebPage\",\"@id\":\"https:\/\/jobs.a1.com\/sr\/employee-assistance-programm\/\",\"url\":\"https:\/\/jobs.a1.com\/sr\/employee-assistance-programm\/\",\"name\":\"Employee Assistance Programm - A1 Jobs\",\"isPartOf\":{\"@id\":\"https:\/\/jobs.a1.com\/#website\"},\"datePublished\":\"2025-10-01T12:12:16+00:00\",\"dateModified\":\"2026-03-17T08:33:33+00:00\",\"breadcrumb\":{\"@id\":\"https:\/\/jobs.a1.com\/sr\/employee-assistance-programm\/#breadcrumb\"},\"inLanguage\":\"sr-RS\",\"potentialAction\":[{\"@type\":\"ReadAction\",\"target\":[\"https:\/\/jobs.a1.com\/sr\/employee-assistance-programm\/\"]}]},{\"@type\":\"BreadcrumbList\",\"@id\":\"https:\/\/jobs.a1.com\/sr\/employee-assistance-programm\/#breadcrumb\",\"itemListElement\":[{\"@type\":\"ListItem\",\"position\":1,\"name\":\"Home\",\"item\":\"https:\/\/jobs.a1.com\/sr\/\"},{\"@type\":\"ListItem\",\"position\":2,\"name\":\"Employee Assistance Programm\"}]},{\"@type\":\"WebSite\",\"@id\":\"https:\/\/jobs.a1.com\/#website\",\"url\":\"https:\/\/jobs.a1.com\/\",\"name\":\"A1 Jobs\",\"description\":\"\",\"publisher\":{\"@id\":\"https:\/\/jobs.a1.com\/#organization\"},\"potentialAction\":[{\"@type\":\"SearchAction\",\"target\":{\"@type\":\"EntryPoint\",\"urlTemplate\":\"https:\/\/jobs.a1.com\/?s={search_term_string}\"},\"query-input\":{\"@type\":\"PropertyValueSpecification\",\"valueRequired\":true,\"valueName\":\"search_term_string\"}}],\"inLanguage\":\"sr-RS\"},{\"@type\":\"Organization\",\"@id\":\"https:\/\/jobs.a1.com\/#organization\",\"name\":\"A1 Jobs\",\"url\":\"https:\/\/jobs.a1.com\/\",\"logo\":{\"@type\":\"ImageObject\",\"inLanguage\":\"sr-RS\",\"@id\":\"https:\/\/jobs.a1.com\/#\/schema\/logo\/image\/\",\"url\":\"https:\/\/jobs.a1.com\/wp-content\/uploads\/2025\/10\/A1_Logo_Std_Red_Pos_3_L-copy.webp\",\"contentUrl\":\"https:\/\/jobs.a1.com\/wp-content\/uploads\/2025\/10\/A1_Logo_Std_Red_Pos_3_L-copy.webp\",\"width\":934,\"height\":967,\"caption\":\"A1 Jobs\"},\"image\":{\"@id\":\"https:\/\/jobs.a1.com\/#\/schema\/logo\/image\/\"}}]}<\/script>\n<!-- \/ Yoast SEO plugin. -->","yoast_head_json":{"title":"Employee Assistance Programm - A1 Jobs","robots":{"index":"index","follow":"follow","max-snippet":"max-snippet:-1","max-image-preview":"max-image-preview:large","max-video-preview":"max-video-preview:-1"},"canonical":"https:\/\/jobs.a1.com\/sr\/employee-assistance-programm\/","og_locale":"sr_RS","og_type":"article","og_title":"Employee Assistance Programm - A1 Jobs","og_url":"https:\/\/jobs.a1.com\/sr\/employee-assistance-programm\/","og_site_name":"A1 Jobs","article_modified_time":"2026-03-17T08:33:33+00:00","twitter_card":"summary_large_image","schema":{"@context":"https:\/\/schema.org","@graph":[{"@type":"WebPage","@id":"https:\/\/jobs.a1.com\/sr\/employee-assistance-programm\/","url":"https:\/\/jobs.a1.com\/sr\/employee-assistance-programm\/","name":"Employee Assistance Programm - A1 Jobs","isPartOf":{"@id":"https:\/\/jobs.a1.com\/#website"},"datePublished":"2025-10-01T12:12:16+00:00","dateModified":"2026-03-17T08:33:33+00:00","breadcrumb":{"@id":"https:\/\/jobs.a1.com\/sr\/employee-assistance-programm\/#breadcrumb"},"inLanguage":"sr-RS","potentialAction":[{"@type":"ReadAction","target":["https:\/\/jobs.a1.com\/sr\/employee-assistance-programm\/"]}]},{"@type":"BreadcrumbList","@id":"https:\/\/jobs.a1.com\/sr\/employee-assistance-programm\/#breadcrumb","itemListElement":[{"@type":"ListItem","position":1,"name":"Home","item":"https:\/\/jobs.a1.com\/sr\/"},{"@type":"ListItem","position":2,"name":"Employee Assistance Programm"}]},{"@type":"WebSite","@id":"https:\/\/jobs.a1.com\/#website","url":"https:\/\/jobs.a1.com\/","name":"A1 Jobs","description":"","publisher":{"@id":"https:\/\/jobs.a1.com\/#organization"},"potentialAction":[{"@type":"SearchAction","target":{"@type":"EntryPoint","urlTemplate":"https:\/\/jobs.a1.com\/?s={search_term_string}"},"query-input":{"@type":"PropertyValueSpecification","valueRequired":true,"valueName":"search_term_string"}}],"inLanguage":"sr-RS"},{"@type":"Organization","@id":"https:\/\/jobs.a1.com\/#organization","name":"A1 Jobs","url":"https:\/\/jobs.a1.com\/","logo":{"@type":"ImageObject","inLanguage":"sr-RS","@id":"https:\/\/jobs.a1.com\/#\/schema\/logo\/image\/","url":"https:\/\/jobs.a1.com\/wp-content\/uploads\/2025\/10\/A1_Logo_Std_Red_Pos_3_L-copy.webp","contentUrl":"https:\/\/jobs.a1.com\/wp-content\/uploads\/2025\/10\/A1_Logo_Std_Red_Pos_3_L-copy.webp","width":934,"height":967,"caption":"A1 Jobs"},"image":{"@id":"https:\/\/jobs.a1.com\/#\/schema\/logo\/image\/"}}]}},"_links":{"self":[{"href":"https:\/\/jobs.a1.com\/sr\/wp-json\/wp\/v2\/pages\/1983","targetHints":{"allow":["GET"]}}],"collection":[{"href":"https:\/\/jobs.a1.com\/sr\/wp-json\/wp\/v2\/pages"}],"about":[{"href":"https:\/\/jobs.a1.com\/sr\/wp-json\/wp\/v2\/types\/page"}],"author":[{"embeddable":true,"href":"https:\/\/jobs.a1.com\/sr\/wp-json\/wp\/v2\/users\/3"}],"replies":[{"embeddable":true,"href":"https:\/\/jobs.a1.com\/sr\/wp-json\/wp\/v2\/comments?post=1983"}],"version-history":[{"count":7,"href":"https:\/\/jobs.a1.com\/sr\/wp-json\/wp\/v2\/pages\/1983\/revisions"}],"predecessor-version":[{"id":6392,"href":"https:\/\/jobs.a1.com\/sr\/wp-json\/wp\/v2\/pages\/1983\/revisions\/6392"}],"wp:attachment":[{"href":"https:\/\/jobs.a1.com\/sr\/wp-json\/wp\/v2\/media?parent=1983"}],"wp:term":[{"taxonomy":"department","embeddable":true,"href":"https:\/\/jobs.a1.com\/sr\/wp-json\/wp\/v2\/departments?post=1983"}],"curies":[{"name":"wp","href":"https:\/\/api.w.org\/{rel}","templated":true}]}}