{"id":3062,"date":"2025-10-23T13:01:01","date_gmt":"2025-10-23T11:01:01","guid":{"rendered":"https:\/\/jobs.a1.com\/?page_id=3062"},"modified":"2026-03-16T13:00:54","modified_gmt":"2026-03-16T12:00:54","slug":"karijera-u-prodaji","status":"publish","type":"page","link":"https:\/\/jobs.a1.com\/sr\/karijera-u-prodaji\/","title":{"rendered":"Karijera u prodaji"},"content":{"rendered":"<div\n\tclass=\"scroll-my-24 overflow-x-clip flow-root\"\n\t>\n\t<div class=\"grid grid-rows-1 grid-cols-1 gap-8 h-[90vh]\">\n\t<picture\n\t\t\t\t\tclass=\"row-start-1 row-span-1 col-start-1 col-span-1\"\n\t\t\t>\n\t\t<img\n\t\t\tsrc=\"https:\/\/jobs.a1.com\/wp-content\/uploads\/2025\/10\/Karijera-u-prodaji-2-scaled.webp\"\n\t\t\talt=\"\"\n\t\t\tclass=\"w-full object-cover object-center size-full object-cover\"\n\t\t\/>\n\t<\/picture>\n\t<div class=\"row-start-1 row-span-1 col-start-1 col-span-1 flex flex-col justify-end block-inset-x overflow-x-clip py-24 sm:py-60\">\n\t\t<div\n\tclass=\"job-search flex flex-col sm:flex-row items-center justify-between gap-14 sm:gap-8 flex-wrap p-30 sm:p-8 rounded-4 sm:rounded-full sm:max-h-fit sm:max-w-6xl w-full mx-auto my-16 text-black bg-white\/75 backdrop-blur-xl shadow-around js-job-search\"\n\tdata-filter-data=\"{&quot;job-category&quot;:{&quot;cyber-security&quot;:&quot;Cyber Security&quot;,&quot;hr&quot;:&quot;HR&quot;,&quot;it&quot;:&quot;IT&quot;,&quot;internal-audit-legal&quot;:&quot;Internal Audit &amp; Legal&quot;,&quot;network-infrastructure&quot;:&quot;Network \\\/ Infrastructure&quot;,&quot;sales&quot;:&quot;Sales&quot;},&quot;management-level&quot;:{&quot;director&quot;:&quot;Director&quot;,&quot;individual-contributor&quot;:&quot;Individual Contributor&quot;,&quot;manager&quot;:&quot;Manager&quot;},&quot;location&quot;:{&quot;beograd&quot;:&quot;Beograd&quot;,&quot;%c4%8da%c4%8dak&quot;:&quot;\\u010ca\\u010dak&quot;},&quot;company&quot;:{&quot;a1-serbia&quot;:&quot;A1 Serbia&quot;}}\"\n\tdata-search-page-url=\"https:\/\/jobs.a1.com\/jobs\/?country=serbia\"\n\tdata-attributes=\"{&quot;jobSearchCountry&quot;:&quot;serbia&quot;,&quot;jobSearchCountryFieldUse&quot;:false,&quot;jobSearchCountries&quot;:[],&quot;jobSearchButtonContent&quot;:&quot;&quot;,&quot;jobSearchButtonIconName&quot;:&quot;chevronRight&quot;}\"\n>\n<\/div>\t<\/div>\n<\/div><\/div>\n\n<div\n\tclass=\"scroll-my-24 overflow-x-clip block-inset-x *:max-w-5xl *:mx-auto flow-root\"\n\t>\n\t<h2\tdata-slug=\"karijera-u-prodaji\"\n\tclass=\"text-balance scroll-m-20 text-display-md font-serif text-center text-black pt-70 sm:pt-80 md:pt-96 pb-18 sm:pb-24\"\n>\n\tKarijera u prodaji<\/h2><\/div>\n\n<div\n\tclass=\"scroll-my-24 overflow-x-clip block-inset-x *:max-w-5xl *:mx-auto flow-root\"\n\t>\n\t<p class=\"*:link:underline text-base text-center text-black pb-40 sm:pb-56\">\n\tVerujemo da tehni\u010dke ve\u0161tine mogu da se nau\u010de \u2013 ali <strong>prave vrednosti i\u00a0pozitivan stav<\/strong> su ono \u0161to pravi razliku.<br><br>Zato tra\u017eimo ljude koji znaju da je <strong>ljubazna re\u010d jednako va\u017ena kao i tehni\u010dko re\u0161enje<\/strong>, koji razumeju da svaki susret s korisnikom ostavlja utisak \u2013 i da <strong>profesionalizam nije uniforma, ve\u0107 pona\u0161anje<\/strong>.<br><br>Ako veruje\u0161 da se poverenje gradi po\u0161tovanjem, da odgovornost po\u010dinje od tebe, i da saradnja nije opcija ve\u0107 osnova tima \u2013 mo\u017eda si ba\u0161 ti osoba koju tra\u017eimo. Da li se prepoznaje\u0161?<\/p><\/div>\n\n<div\n\tclass=\"scroll-my-24 overflow-x-clip block-inset-x *:max-w-7xl *:mx-auto flow-root\"\n\t>\n\t<div\n\tclass=\"grid grid-rows-1 grid-cols-1 gap-8 js-block-job-listing\"\n\tdata-attrs=\"{&quot;wrapperWidth&quot;:&quot;inset-both-limited&quot;,&quot;jobListingPerPage&quot;:3,&quot;jobListingFilterUse&quot;:false,&quot;jobListingShowTotalItems&quot;:false,&quot;jobListingInitialCountry&quot;:&quot;serbia&quot;,&quot;jobListingCountries&quot;:[&quot;austria&quot;],&quot;jobListingFilterPresets&quot;:{&quot;job-category&quot;:{&quot;label&quot;:&quot;Sales&quot;,&quot;value&quot;:&quot;sales&quot;}},&quot;blockName&quot;:&quot;job-listing&quot;,&quot;blockTopLevelId&quot;:&quot;es-18&quot;,&quot;blockFullName&quot;:&quot;eightshift-boilerplate\\\/job-listing&quot;,&quot;blockClass&quot;:&quot;block-job-listing&quot;,&quot;blockJsClass&quot;:&quot;js-block-job-listing&quot;,&quot;blockSsr&quot;:false,&quot;wrapperUse&quot;:true,&quot;wrapperNoControls&quot;:false,&quot;wrapperBackgroundGradient&quot;:&quot;none&quot;,&quot;wrapperHide&quot;:false,&quot;wrapperDisabledOptions&quot;:&quot;width&quot;,&quot;wrapperRelative&quot;:false,&quot;wrapperBaseGrid&quot;:false,&quot;wrapperTheme&quot;:&quot;default&quot;,&quot;jobListingHeadingTag&quot;:&quot;h2&quot;,&quot;jobListingHeadingSize&quot;:&quot;hero&quot;,&quot;jobListingHeadingUse&quot;:true,&quot;jobListingImageFill&quot;:&quot;cover&quot;,&quot;jobListingImageCaptionUse&quot;:true,&quot;jobListingImageFocalPoint&quot;:&quot;center center&quot;,&quot;jobListingImageUse&quot;:true,&quot;jobListingImageAspectRatio&quot;:&quot;auto&quot;,&quot;jobListingButtonIconName&quot;:&quot;placeholder&quot;,&quot;jobListingButtonIconSize&quot;:&quot;24&quot;,&quot;jobListingButtonIconUse&quot;:false,&quot;jobListingButtonIconAriaHidden&quot;:true,&quot;jobListingButtonContent&quot;:&quot;Load more&quot;,&quot;jobListingButtonVariant&quot;:&quot;primary&quot;,&quot;jobListingButtonSize&quot;:&quot;base&quot;,&quot;jobListingButtonIsAnchor&quot;:false,&quot;jobListingButtonIsNewTab&quot;:false,&quot;jobListingButtonUse&quot;:true,&quot;jobListingButtonLabelUse&quot;:true,&quot;jobListingButtonIconPosition&quot;:&quot;start&quot;,&quot;jobListingLoadMoreUse&quot;:true,&quot;jobListingExcludeEmptyCountries&quot;:false}\"\n\tdata-countries=\"{&quot;austria&quot;:{&quot;label&quot;:&quot;Austrija&quot;,&quot;flag&quot;:&quot;https:\\\/\\\/jobs.a1.com\\\/wp-content\\\/themes\\\/a1-group\\\/public\\\/b511d36eecb8b5dc08f5.svg&quot;},&quot;belarus&quot;:{&quot;label&quot;:&quot;Belorusija&quot;,&quot;flag&quot;:&quot;https:\\\/\\\/jobs.a1.com\\\/wp-content\\\/themes\\\/a1-group\\\/public\\\/4c57e6cbe13c574dcede.svg&quot;},&quot;bulgaria&quot;:{&quot;label&quot;:&quot;Bugarska&quot;,&quot;flag&quot;:&quot;https:\\\/\\\/jobs.a1.com\\\/wp-content\\\/themes\\\/a1-group\\\/public\\\/9c87ba43360f54e47b2f.svg&quot;},&quot;croatia&quot;:{&quot;label&quot;:&quot;Hrvatska&quot;,&quot;flag&quot;:&quot;https:\\\/\\\/jobs.a1.com\\\/wp-content\\\/themes\\\/a1-group\\\/public\\\/9211a54119b21828c73b.svg&quot;},&quot;germany&quot;:{&quot;label&quot;:&quot;Nema\\u010dka&quot;,&quot;flag&quot;:&quot;https:\\\/\\\/jobs.a1.com\\\/wp-content\\\/themes\\\/a1-group\\\/public\\\/89dca9a04e73e7b63a9a.svg&quot;},&quot;north-macedonia&quot;:{&quot;label&quot;:&quot;Makedonija&quot;,&quot;flag&quot;:&quot;https:\\\/\\\/jobs.a1.com\\\/wp-content\\\/themes\\\/a1-group\\\/public\\\/b5eadefbb6da73c9d0cf.svg&quot;},&quot;serbia&quot;:{&quot;label&quot;:&quot;Srbija&quot;,&quot;flag&quot;:&quot;https:\\\/\\\/jobs.a1.com\\\/wp-content\\\/themes\\\/a1-group\\\/public\\\/23ed750733e58c9d9091.svg&quot;},&quot;slovenia&quot;:{&quot;label&quot;:&quot;Slovenija&quot;,&quot;flag&quot;:&quot;https:\\\/\\\/jobs.a1.com\\\/wp-content\\\/themes\\\/a1-group\\\/public\\\/7b5de093632446972630.svg&quot;},&quot;switzerland&quot;:{&quot;label&quot;:&quot;\\u0160vajcarska&quot;,&quot;flag&quot;:&quot;https:\\\/\\\/jobs.a1.com\\\/wp-content\\\/themes\\\/a1-group\\\/public\\\/55323a0680e7c5ff735b.svg&quot;}}\"\n>\n\t<div class=\"flex items-center gap-8 py-24 block-inset-x\">\n\t\t<svg class=\"animate-spin text-icon-accent text-base\" width=\"20\" height=\"20\" viewBox=\"0 0 20 20\" fill=\"none\" xmlns=\"http:\/\/www.w3.org\/2000\/svg\" aria-hidden=\"true\">\n\t\t\t<path d=\"M10 19V17\" stroke=\"currentColor\" stroke-linecap=\"round\"\/>\n\t\t\t<path d=\"M1 10L3 10\" stroke=\"currentColor\" stroke-linecap=\"round\"\/>\n\t\t\t<path d=\"M16.3639 16.364L14.9497 14.9498\" stroke=\"currentColor\" stroke-linecap=\"round\"\/>\n\t\t\t<path d=\"M3.63608 16.364L5.05029 14.9498\" stroke=\"currentColor\" stroke-linecap=\"round\"\/>\n\t\t\t<path d=\"M10 3V1\" stroke=\"currentColor\" stroke-linecap=\"round\"\/>\n\t\t\t<path d=\"M17 10L19 10\" stroke=\"currentColor\" stroke-linecap=\"round\"\/>\n\t\t\t<path d=\"M5.05044 5.05026L3.63623 3.63605\" stroke=\"currentColor\" stroke-linecap=\"round\"\/>\n\t\t\t<path d=\"M14.95 5.05025L16.3643 3.63603\" stroke=\"currentColor\" stroke-linecap=\"round\"\/>\n\t\t<\/svg>\n\n\t\t<span>U\u010ditavanje&#8230;<\/span>\n\t<\/div>\n<\/div><\/div>\n\n<div\n\tclass=\"scroll-my-24 overflow-x-clip block-inset-x *:max-w-5xl *:mx-auto flow-root\"\n\t>\n\t<div class=\"flex flex-col gap-16 sm:gap-24 sm:grid *:col-end-[span_1]! grid! grid-cols-2 sm:grid-cols-3 pt-64 sm:pt-72 md:pt-80\">\n\t\n<div\tclass=\"outline-red-focus outline-offset-3 is-link:focus:outline-hidden is-link:focus-visible:outline-solid is-link:focus-visible:outline-3 transition-colors group @container text-black rounded-4 text-current\"\n\t>\n\t<div class=\"flex flex-col gap-4 justify-center-safe\">\n\t\t\n\t\t\n\t\t<div class=\"flex flex-col p-16 sm:p-24 shrink-0 wrap-break-word hyphens-auto px-16 text-center items-center-safe\">\n\t\t\t<svg aria-hidden=\"true\" class=\"size-80 mb-12 text-red-0\" xmlns='http:\/\/www.w3.org\/2000\/svg' data-name='Layer 1' viewBox='0 0 32 32' fill='none'><path d='M23 18.0002h2v10H7v-10h2v8h6v-6h2v6h6v-8Zm5-8v6H4v-6h5.2574c-.5498-1.5843-.1982-3.4146 1.065-4.6777.8525-.8527 1.9863-1.3227 3.1922-1.3227.8972 0 1.754.261 2.4854.7454.7313-.4844 1.5882-.7454 2.4854-.7454 1.2059 0 2.3396.4699 3.1924 1.3227 1.2631 1.2631 1.6146 3.0935 1.0648 4.6777h5.2574Zm-9.5146-4.0004c-.5416 0-1.057.1703-1.4854.4852v3.5152h3.5146c.7205-.9832.6367-2.3758-.2512-3.2637-.475-.475-1.1064-.7367-1.7781-.7367Zm-7 4.0004h3.5146v-3.5152c-.4283-.3148-.9438-.4852-1.4854-.4852-.6717 0-1.3031.2617-1.7779.7367-.8881.8879-.9719 2.2805-.2514 3.2637Zm-5.4854 4H15v-2H6v2Zm20-2h-9v2h9v-2Z' fill='currentColor'\/><path d='M0 0h32v32H0z' fill='none'\/><\/svg>\n\t\t\t\n\t\t\t\t\t\t\t<p class=\"text-sm mt-12 text-balance\">\n\t\t\t\t\tNagrade\u00a0i<br>\u00a0bonusi\u00a0\t\t\t\t<\/p>\n\t\t\t\n\t\t\t\n\t\t\t\t\t<\/div>\n\t<\/div>\n<\/div>\n\n<div\tclass=\"outline-red-focus outline-offset-3 is-link:focus:outline-hidden is-link:focus-visible:outline-solid is-link:focus-visible:outline-3 transition-colors group @container text-black rounded-4 text-current\"\n\t>\n\t<div class=\"flex flex-col gap-4 justify-center-safe\">\n\t\t\n\t\t\n\t\t<div class=\"flex flex-col p-16 sm:p-24 shrink-0 wrap-break-word hyphens-auto px-16 text-center items-center-safe\">\n\t\t\t<svg aria-hidden=\"true\" class=\"size-80 mb-12 text-red-0\" xmlns='http:\/\/www.w3.org\/2000\/svg' viewBox='0 0 32 32'><path d='M8 2H6V4H4C2.89543 4 2 4.89543 2 6V11C2 15.6326 5.50005 19.4476 10 19.9451V22C10 26.4183 13.5817 30 18 30C22.4183 30 26 26.4183 26 22H24C24 25.3137 21.3137 28 18 28C14.6863 28 12 25.3137 12 22V19.9451C16.5 19.4476 20 15.6326 20 11V6C20 4.89543 19.1046 4 18 4H16V2H14V8H16V6H18V11C18 14.866 14.866 18 11 18C7.13401 18 4 14.866 4 11L4 6H6V8H8V2Z' fill='currentColor'\/><path fill-rule='evenodd' clip-rule='evenodd' d='M29 16C29 18.2091 27.2091 20 25 20C22.7909 20 21 18.2091 21 16C21 13.7909 22.7909 12 25 12C27.2091 12 29 13.7909 29 16ZM27 16C27 17.1046 26.1046 18 25 18C23.8954 18 23 17.1046 23 16C23 14.8954 23.8954 14 25 14C26.1046 14 27 14.8954 27 16Z' fill='currentColor'\/><\/svg>\n\t\t\t\n\t\t\t\t\t\t\t<p class=\"text-sm mt-12 text-balance\">\n\t\t\t\t\tPrivatno zdravstveno osiguranje\t\t\t\t<\/p>\n\t\t\t\n\t\t\t\n\t\t\t\t\t<\/div>\n\t<\/div>\n<\/div>\n\n<div\tclass=\"outline-red-focus outline-offset-3 is-link:focus:outline-hidden is-link:focus-visible:outline-solid is-link:focus-visible:outline-3 transition-colors group @container text-black rounded-4 text-current\"\n\t>\n\t<div class=\"flex flex-col gap-4 justify-center-safe\">\n\t\t\n\t\t\n\t\t<div class=\"flex flex-col p-16 sm:p-24 shrink-0 wrap-break-word hyphens-auto px-16 text-center items-center-safe\">\n\t\t\t<svg aria-hidden=\"true\" class=\"size-80 mb-12 text-red-0\" xmlns='http:\/\/www.w3.org\/2000\/svg' width='128' height='128' viewBox='0 0 128 128' fill='none'><path d='M39.442 87.638c9.387 12.574 25.81 18.837 41.892 14.528 21.071-5.646 33.576-27.305 27.93-48.377-5.646-21.072-27.305-33.577-48.377-27.931-15.316 4.104-26.105 16.666-28.69 31.315l14.139-7.764 4.091 7.45-26.742 14.685L9.001 44.802l7.45-4.091 7.593 13.826c3.496-17.3 16.439-32.012 34.643-36.89 25.606-6.86 51.926 8.335 58.788 33.942 6.861 25.606-8.335 51.926-33.941 58.787-19.974 5.352-40.382-2.716-51.65-18.678l7.558-4.06Z' fill='currentColor'\/><path d='M74.373 35v31.24l11.755 11.755-6.01 6.01L65.872 69.76V35h8.5Z' fill='currentColor'\/><\/svg>\n\t\t\t\n\t\t\t\t\t\t\t<p class=\"text-sm mt-12 text-balance\">\n\t\t\t\t\tDodatni dani odsustva za zaposlene koji ne mogu da koriste fleksibilno radno vreme\t\t\t\t<\/p>\n\t\t\t\n\t\t\t\n\t\t\t\t\t<\/div>\n\t<\/div>\n<\/div>\n\n<div\tclass=\"outline-red-focus outline-offset-3 is-link:focus:outline-hidden is-link:focus-visible:outline-solid is-link:focus-visible:outline-3 transition-colors group @container text-black rounded-4 text-current\"\n\t>\n\t<div class=\"flex flex-col gap-4 justify-center-safe\">\n\t\t\n\t\t\n\t\t<div class=\"flex flex-col p-16 sm:p-24 shrink-0 wrap-break-word hyphens-auto px-16 text-center items-center-safe\">\n\t\t\t<svg aria-hidden=\"true\" class=\"size-80 mb-12 text-red-0\" xmlns='http:\/\/www.w3.org\/2000\/svg' viewBox='0 0 32 32'><path d='M15.9999 30C13.7943 30 11.9999 28.2055 11.9999 26H13.9999C13.9999 27.1027 14.8972 28 15.9999 28C17.1026 28 17.9999 27.1027 17.9999 26H19.9999C19.9999 28.2055 18.2056 30 15.9999 30ZM23.7422 7.6718L25.2069 6.207L23.7928 4.7929L22.3266 6.2591C22.8439 6.682 23.3184 7.1552 23.7422 7.6718V7.6718ZM15.9999 4C16.3374 4 16.6709 4.0173 16.9999 4.0501V2H14.9999V4.0501C15.3289 4.0173 15.6624 4 15.9999 4V4ZM25.961 13.0001C25.9945 13.333 26.012 13.6706 26.012 14.0122C26.012 14.3456 25.9948 14.675 25.9628 15.0001H27.9998V13.0001H25.9609H25.961ZM9.6732 6.2591L8.207 4.7929L6.7929 6.207L8.2576 7.6718C8.6814 7.1552 9.1559 6.6821 9.6732 6.2591V6.2591ZM5.9879 14.0122C5.9879 13.6706 6.0053 13.333 6.0389 13.0001H4V15.0001H6.037C6.005 14.675 5.9878 14.3456 5.9878 14.0122H5.9879ZM19.9999 20.9547C22.4563 19.5352 24.0118 16.8762 24.0118 14.0118C24.0118 9.5939 20.4177 5.9999 15.9999 5.9999C11.5821 5.9999 7.9878 9.5939 7.9878 14.0118C7.9878 16.8762 9.5433 19.5352 11.9999 20.9547V23.9859H19.9998V20.9547H19.9999ZM13.9999 19.7184L13.428 19.4477C11.3382 18.4575 9.9878 16.3239 9.9878 14.0118C9.9878 10.697 12.6849 7.9999 15.9999 7.9999C19.3149 7.9999 22.0118 10.697 22.0118 14.0118C22.0118 16.3239 20.6614 18.4575 18.5718 19.4477L17.9999 19.7184V21.986H13.9999V19.7184V19.7184Z' fill='currentColor'\/><\/svg>\n\t\t\t\n\t\t\t\t\t\t\t<p class=\"text-sm mt-12 text-balance\">\n\t\t\t\t\tRazvoj i edukacija\t\t\t\t<\/p>\n\t\t\t\n\t\t\t\n\t\t\t\t\t<\/div>\n\t<\/div>\n<\/div>\n\n<div\tclass=\"outline-red-focus outline-offset-3 is-link:focus:outline-hidden is-link:focus-visible:outline-solid is-link:focus-visible:outline-3 transition-colors group @container text-black rounded-4 text-current\"\n\t>\n\t<div class=\"flex flex-col gap-4 justify-center-safe\">\n\t\t\n\t\t\n\t\t<div class=\"flex flex-col p-16 sm:p-24 shrink-0 wrap-break-word hyphens-auto px-16 text-center items-center-safe\">\n\t\t\t<svg aria-hidden=\"true\" class=\"size-80 mb-12 text-red-0\" xmlns='http:\/\/www.w3.org\/2000\/svg' width='32' height='32' viewBox='0 0 32 32' fill='none'><path d='M16 22a6.002 6.002 0 0 0 5.918-5h2.02a8.001 8.001 0 0 1-15.875 0h2.02a6.002 6.002 0 0 0 5.918 5Zm-4-12h2v5h-2v-5Zm8 0h-2v5h2v-5Z' fill='currentColor'\/><path fill-rule='evenodd' clip-rule='evenodd' d='M28 16c0 6.627-5.373 12-12 12S4 22.627 4 16 9.373 4 16 4s12 5.373 12 12Zm-2 0c0 5.523-4.477 10-10 10S6 21.523 6 16 10.477 6 16 6s10 4.477 10 10Z' fill='currentColor'\/><\/svg>\n\t\t\t\n\t\t\t\t\t\t\t<p class=\"text-sm mt-12 text-balance\">\n\t\t\t\t\tBesplatna psihlo\u0161ka podr\u0161ka, pravno i finansijsko savetovanje\t\t\t\t<\/p>\n\t\t\t\n\t\t\t\n\t\t\t\t\t<\/div>\n\t<\/div>\n<\/div>\n<\/div><\/div>\n\n<div\n\tclass=\"scroll-my-24 overflow-x-clip block-inset-x *:max-w-5xl *:mx-auto flow-root\"\n\t>\n\t<div class=\"flex flex-col gap-16 sm:gap-24 sm:grid *:col-end-[span_1]! sm:grid-cols-2 pt-64 sm:pt-72 md:pt-80\">\n\t\n<picture\n\t\t\t\t\tclass=\"flex flex-col h-auto w-full\"\n\t\t\t>\n\t\t<img\n\t\t\tsrc=\"https:\/\/jobs.a1.com\/wp-content\/uploads\/2025\/10\/Karijera-u-prodaji-1-scaled.webp\"\n\t\t\talt=\"\"\n\t\t\tclass=\"w-full object-cover object-center\"\n\t\t\/>\n\t<\/picture>\n\n<picture\n\t\t\t\t\tclass=\"flex flex-col h-auto w-full\"\n\t\t\t>\n\t\t<img\n\t\t\tsrc=\"https:\/\/jobs.a1.com\/wp-content\/uploads\/2025\/10\/Virtual-scaled.webp\"\n\t\t\talt=\"\"\n\t\t\tclass=\"w-full object-cover object-center\"\n\t\t\/>\n\t<\/picture>\n<\/div><\/div>\n\n<div\n\tclass=\"scroll-my-24 overflow-x-clip block-inset-x *:max-w-5xl *:mx-auto flow-root\"\n\t>\n\t<h2\tdata-slug=\"\"\n\tclass=\"text-balance scroll-m-20 text-statement text-center bg-clip-text text-transparent bg-linear-to-r from-red-0 to-red-p2 pt-64 sm:pt-72 md:pt-80 pb-18 sm:pb-24\"\n>\n\t&#8220;Dodatna 2 dana odmora za mene, kao i za kolege koji nemaju mogu\u0107nost da koriste fleksibilno radno vreme, zna\u010de vi\u0161e vremena da se odmorim i posvetim porodici . Ose\u0107am da se moj trud i okolnosti u kojima radim prepoznaju i vrednuju. To mi daje dodatnu motivaciju da svoj posao obavljam posve\u0107eno i sa vi\u0161e energije. Istovremeno, dobijam ose\u0107aj ravnote\u017ee i podr\u0161ke od poslodavca.&#8221;<\/h2><\/div>\n\n<div\n\tclass=\"scroll-my-24 overflow-x-clip block-inset-x *:max-w-5xl *:mx-auto flow-root\"\n\t>\n\t<p class=\"*:link:underline text-sm text-center text-black pb-32 sm:pb-48\">\n\t<strong>Sanja A\u0161anin Milev<br><\/strong>Ekspert za prodaju telekomunikacionih <br>usluga i inovativnih re\u0161enja<br>A1 Srbija<\/p><\/div>\n\n<div\n\tclass=\"scroll-my-24 overflow-x-clip flow-root\"\n\t>\n\t<h2\tdata-slug=\"xn-da-li-eli-nove-izazove-toe53e\"\n\tclass=\"text-balance scroll-m-20 text-title text-center text-black pt-64 sm:pt-72 md:pt-80 pb-18 sm:pb-24\"\n>\n\tDa li \u017eeli\u0161 nove izazove?<\/h2><\/div>\n\n<div\n\tclass=\"scroll-my-24 overflow-x-clip flow-root\"\n\t>\n\t<p class=\"*:link:underline text-base text-center text-black pb-24 sm:pb-32\">\n\tZapo\u010dni svoj proces u\u010denja u A1.<\/p><\/div>\n\n<div\n\tclass=\"scroll-my-24 overflow-x-clip block-inset-x *:max-w-5xl *:mx-auto flow-root\"\n\t>\n\t<div\n\tclass=\"job-search flex flex-col sm:flex-row items-center justify-between gap-14 sm:gap-8 flex-wrap p-30 sm:p-8 rounded-4 sm:rounded-full sm:max-h-fit sm:max-w-6xl w-full mx-auto my-16 text-black bg-white\/75 backdrop-blur-xl shadow-around js-job-search\"\n\tdata-filter-data=\"{&quot;job-category&quot;:{&quot;cyber-security&quot;:&quot;Cyber Security&quot;,&quot;hr&quot;:&quot;HR&quot;,&quot;it&quot;:&quot;IT&quot;,&quot;internal-audit-legal&quot;:&quot;Internal Audit &amp; Legal&quot;,&quot;network-infrastructure&quot;:&quot;Network \\\/ Infrastructure&quot;,&quot;sales&quot;:&quot;Sales&quot;},&quot;management-level&quot;:{&quot;director&quot;:&quot;Director&quot;,&quot;individual-contributor&quot;:&quot;Individual Contributor&quot;,&quot;manager&quot;:&quot;Manager&quot;},&quot;location&quot;:{&quot;beograd&quot;:&quot;Beograd&quot;,&quot;%c4%8da%c4%8dak&quot;:&quot;\\u010ca\\u010dak&quot;},&quot;company&quot;:{&quot;a1-serbia&quot;:&quot;A1 Serbia&quot;}}\"\n\tdata-search-page-url=\"https:\/\/jobs.a1.com\/jobs\/?country=serbia\"\n\tdata-attributes=\"{&quot;jobSearchCountry&quot;:&quot;serbia&quot;,&quot;jobSearchCountryFieldUse&quot;:false,&quot;jobSearchCountries&quot;:[],&quot;jobSearchButtonContent&quot;:&quot;&quot;,&quot;jobSearchButtonIconName&quot;:&quot;chevronRight&quot;}\"\n>\n<\/div><\/div>\n\n<div\n\tclass=\"scroll-my-24 overflow-x-clip block-inset-x flow-root\"\n\t>\n\t<div\n\taria-hidden=\"true\"\n\tclass=\"h-64 sm:h-72 md:h-80\"\n>\n\t<\/div><\/div>\n\n<div\n\tclass=\"scroll-my-24 overflow-x-clip block-inset-x flow-root\"\n\t>\n\t<div\n\taria-hidden=\"true\"\n\tclass=\"\"\n>\n\t<\/div><\/div>","protected":false},"excerpt":{"rendered":"","protected":false},"author":3,"featured_media":0,"parent":0,"menu_order":0,"comment_status":"closed","ping_status":"closed","template":"","meta":{"es_utils_meta_schema":"","footnotes":""},"departments":[],"class_list":["post-3062","page","type-page","status-publish","hentry"],"yoast_head":"<!-- This site is optimized with the Yoast SEO plugin v27.2 - https:\/\/yoast.com\/product\/yoast-seo-wordpress\/ -->\n<title>Karijera u prodaji - A1 Jobs<\/title>\n<meta name=\"robots\" content=\"index, follow, max-snippet:-1, max-image-preview:large, max-video-preview:-1\" \/>\n<link rel=\"canonical\" href=\"https:\/\/jobs.a1.com\/sr\/karijera-u-prodaji\/\" \/>\n<meta property=\"og:locale\" content=\"sr_RS\" \/>\n<meta property=\"og:type\" content=\"article\" \/>\n<meta property=\"og:title\" content=\"Karijera u prodaji - A1 Jobs\" \/>\n<meta property=\"og:url\" content=\"https:\/\/jobs.a1.com\/sr\/karijera-u-prodaji\/\" \/>\n<meta property=\"og:site_name\" content=\"A1 Jobs\" \/>\n<meta property=\"article:modified_time\" content=\"2026-03-16T12:00:54+00:00\" \/>\n<meta name=\"twitter:card\" content=\"summary_large_image\" \/>\n<script type=\"application\/ld+json\" class=\"yoast-schema-graph\">{\"@context\":\"https:\/\/schema.org\",\"@graph\":[{\"@type\":\"WebPage\",\"@id\":\"https:\/\/jobs.a1.com\/sr\/karijera-u-prodaji\/\",\"url\":\"https:\/\/jobs.a1.com\/sr\/karijera-u-prodaji\/\",\"name\":\"Karijera u prodaji - A1 Jobs\",\"isPartOf\":{\"@id\":\"https:\/\/jobs.a1.com\/#website\"},\"datePublished\":\"2025-10-23T11:01:01+00:00\",\"dateModified\":\"2026-03-16T12:00:54+00:00\",\"breadcrumb\":{\"@id\":\"https:\/\/jobs.a1.com\/sr\/karijera-u-prodaji\/#breadcrumb\"},\"inLanguage\":\"sr-RS\",\"potentialAction\":[{\"@type\":\"ReadAction\",\"target\":[\"https:\/\/jobs.a1.com\/sr\/karijera-u-prodaji\/\"]}]},{\"@type\":\"BreadcrumbList\",\"@id\":\"https:\/\/jobs.a1.com\/sr\/karijera-u-prodaji\/#breadcrumb\",\"itemListElement\":[{\"@type\":\"ListItem\",\"position\":1,\"name\":\"Home\",\"item\":\"https:\/\/jobs.a1.com\/sr\/\"},{\"@type\":\"ListItem\",\"position\":2,\"name\":\"Karijera u prodaji\"}]},{\"@type\":\"WebSite\",\"@id\":\"https:\/\/jobs.a1.com\/#website\",\"url\":\"https:\/\/jobs.a1.com\/\",\"name\":\"A1 Jobs\",\"description\":\"\",\"publisher\":{\"@id\":\"https:\/\/jobs.a1.com\/#organization\"},\"potentialAction\":[{\"@type\":\"SearchAction\",\"target\":{\"@type\":\"EntryPoint\",\"urlTemplate\":\"https:\/\/jobs.a1.com\/?s={search_term_string}\"},\"query-input\":{\"@type\":\"PropertyValueSpecification\",\"valueRequired\":true,\"valueName\":\"search_term_string\"}}],\"inLanguage\":\"sr-RS\"},{\"@type\":\"Organization\",\"@id\":\"https:\/\/jobs.a1.com\/#organization\",\"name\":\"A1 Jobs\",\"url\":\"https:\/\/jobs.a1.com\/\",\"logo\":{\"@type\":\"ImageObject\",\"inLanguage\":\"sr-RS\",\"@id\":\"https:\/\/jobs.a1.com\/#\/schema\/logo\/image\/\",\"url\":\"https:\/\/jobs.a1.com\/wp-content\/uploads\/2025\/10\/A1_Logo_Std_Red_Pos_3_L-copy.webp\",\"contentUrl\":\"https:\/\/jobs.a1.com\/wp-content\/uploads\/2025\/10\/A1_Logo_Std_Red_Pos_3_L-copy.webp\",\"width\":934,\"height\":967,\"caption\":\"A1 Jobs\"},\"image\":{\"@id\":\"https:\/\/jobs.a1.com\/#\/schema\/logo\/image\/\"}}]}<\/script>\n<!-- \/ Yoast SEO plugin. -->","yoast_head_json":{"title":"Karijera u prodaji - A1 Jobs","robots":{"index":"index","follow":"follow","max-snippet":"max-snippet:-1","max-image-preview":"max-image-preview:large","max-video-preview":"max-video-preview:-1"},"canonical":"https:\/\/jobs.a1.com\/sr\/karijera-u-prodaji\/","og_locale":"sr_RS","og_type":"article","og_title":"Karijera u prodaji - A1 Jobs","og_url":"https:\/\/jobs.a1.com\/sr\/karijera-u-prodaji\/","og_site_name":"A1 Jobs","article_modified_time":"2026-03-16T12:00:54+00:00","twitter_card":"summary_large_image","schema":{"@context":"https:\/\/schema.org","@graph":[{"@type":"WebPage","@id":"https:\/\/jobs.a1.com\/sr\/karijera-u-prodaji\/","url":"https:\/\/jobs.a1.com\/sr\/karijera-u-prodaji\/","name":"Karijera u prodaji - A1 Jobs","isPartOf":{"@id":"https:\/\/jobs.a1.com\/#website"},"datePublished":"2025-10-23T11:01:01+00:00","dateModified":"2026-03-16T12:00:54+00:00","breadcrumb":{"@id":"https:\/\/jobs.a1.com\/sr\/karijera-u-prodaji\/#breadcrumb"},"inLanguage":"sr-RS","potentialAction":[{"@type":"ReadAction","target":["https:\/\/jobs.a1.com\/sr\/karijera-u-prodaji\/"]}]},{"@type":"BreadcrumbList","@id":"https:\/\/jobs.a1.com\/sr\/karijera-u-prodaji\/#breadcrumb","itemListElement":[{"@type":"ListItem","position":1,"name":"Home","item":"https:\/\/jobs.a1.com\/sr\/"},{"@type":"ListItem","position":2,"name":"Karijera u prodaji"}]},{"@type":"WebSite","@id":"https:\/\/jobs.a1.com\/#website","url":"https:\/\/jobs.a1.com\/","name":"A1 Jobs","description":"","publisher":{"@id":"https:\/\/jobs.a1.com\/#organization"},"potentialAction":[{"@type":"SearchAction","target":{"@type":"EntryPoint","urlTemplate":"https:\/\/jobs.a1.com\/?s={search_term_string}"},"query-input":{"@type":"PropertyValueSpecification","valueRequired":true,"valueName":"search_term_string"}}],"inLanguage":"sr-RS"},{"@type":"Organization","@id":"https:\/\/jobs.a1.com\/#organization","name":"A1 Jobs","url":"https:\/\/jobs.a1.com\/","logo":{"@type":"ImageObject","inLanguage":"sr-RS","@id":"https:\/\/jobs.a1.com\/#\/schema\/logo\/image\/","url":"https:\/\/jobs.a1.com\/wp-content\/uploads\/2025\/10\/A1_Logo_Std_Red_Pos_3_L-copy.webp","contentUrl":"https:\/\/jobs.a1.com\/wp-content\/uploads\/2025\/10\/A1_Logo_Std_Red_Pos_3_L-copy.webp","width":934,"height":967,"caption":"A1 Jobs"},"image":{"@id":"https:\/\/jobs.a1.com\/#\/schema\/logo\/image\/"}}]}},"_links":{"self":[{"href":"https:\/\/jobs.a1.com\/sr\/wp-json\/wp\/v2\/pages\/3062","targetHints":{"allow":["GET"]}}],"collection":[{"href":"https:\/\/jobs.a1.com\/sr\/wp-json\/wp\/v2\/pages"}],"about":[{"href":"https:\/\/jobs.a1.com\/sr\/wp-json\/wp\/v2\/types\/page"}],"author":[{"embeddable":true,"href":"https:\/\/jobs.a1.com\/sr\/wp-json\/wp\/v2\/users\/3"}],"replies":[{"embeddable":true,"href":"https:\/\/jobs.a1.com\/sr\/wp-json\/wp\/v2\/comments?post=3062"}],"version-history":[{"count":14,"href":"https:\/\/jobs.a1.com\/sr\/wp-json\/wp\/v2\/pages\/3062\/revisions"}],"predecessor-version":[{"id":6359,"href":"https:\/\/jobs.a1.com\/sr\/wp-json\/wp\/v2\/pages\/3062\/revisions\/6359"}],"wp:attachment":[{"href":"https:\/\/jobs.a1.com\/sr\/wp-json\/wp\/v2\/media?parent=3062"}],"wp:term":[{"taxonomy":"department","embeddable":true,"href":"https:\/\/jobs.a1.com\/sr\/wp-json\/wp\/v2\/departments?post=3062"}],"curies":[{"name":"wp","href":"https:\/\/api.w.org\/{rel}","templated":true}]}}