{"id":6141,"date":"2025-12-18T08:39:33","date_gmt":"2025-12-18T07:39:33","guid":{"rendered":"https:\/\/jobs.a1.com\/?page_id=6141"},"modified":"2025-12-19T11:58:39","modified_gmt":"2025-12-19T10:58:39","slug":"sport-i-rekreacija","status":"publish","type":"page","link":"https:\/\/jobs.a1.com\/sr\/pogodnosti-u-a1\/sport-i-rekreacija\/","title":{"rendered":"Sport I rekreacija"},"content":{"rendered":"<div\n\tclass=\"scroll-my-24 overflow-x-clip flow-root\"\n\t>\n\t<div class=\"grid grid-rows-1 grid-cols-1 gap-8 h-[90vh]\">\n\t<picture\n\t\t\t\t\tclass=\"row-start-1 row-span-1 col-start-1 col-span-1\"\n\t\t\t>\n\t\t<img\n\t\t\tsrc=\"https:\/\/jobs.a1.com\/wp-content\/uploads\/2025\/11\/Sport-i-rekreacija-scaled.webp\"\n\t\t\talt=\"\"\n\t\t\tclass=\"w-full object-cover aspect-video object-top size-full object-cover\"\n\t\t\/>\n\t<\/picture>\n\t<div class=\"row-start-1 row-span-1 col-start-1 col-span-1 flex flex-col justify-end block-inset-x overflow-x-clip py-24 sm:py-60\">\n\t\t<div\n\tclass=\"job-search flex flex-col sm:flex-row items-center justify-between gap-14 sm:gap-8 flex-wrap p-30 sm:p-8 rounded-4 sm:rounded-full sm:max-h-fit sm:max-w-6xl w-full mx-auto my-16 text-black bg-white\/75 backdrop-blur-xl shadow-around js-job-search\"\n\tdata-filter-data=\"{&quot;job-category&quot;:{&quot;cyber-security&quot;:&quot;Cyber Security&quot;,&quot;hr&quot;:&quot;HR&quot;,&quot;it&quot;:&quot;IT&quot;,&quot;internal-audit-legal&quot;:&quot;Internal Audit &amp; Legal&quot;,&quot;network-infrastructure&quot;:&quot;Network \\\/ Infrastructure&quot;,&quot;sales&quot;:&quot;Sales&quot;},&quot;management-level&quot;:{&quot;director&quot;:&quot;Director&quot;,&quot;individual-contributor&quot;:&quot;Individual Contributor&quot;,&quot;manager&quot;:&quot;Manager&quot;},&quot;location&quot;:{&quot;beograd&quot;:&quot;Beograd&quot;,&quot;%c4%8da%c4%8dak&quot;:&quot;\\u010ca\\u010dak&quot;},&quot;company&quot;:{&quot;a1-serbia&quot;:&quot;A1 Serbia&quot;}}\"\n\tdata-search-page-url=\"https:\/\/jobs.a1.com\/jobs\/?country=serbia\"\n\tdata-attributes=\"{&quot;jobSearchCountry&quot;:&quot;serbia&quot;,&quot;jobSearchCountryFieldUse&quot;:false,&quot;jobSearchCountries&quot;:[],&quot;jobSearchButtonContent&quot;:&quot;&quot;,&quot;jobSearchButtonIconName&quot;:&quot;chevronRight&quot;}\"\n>\n<\/div>\t<\/div>\n<\/div><\/div>\n\n<div\n\tclass=\"scroll-my-24 overflow-x-clip block-inset-x *:max-w-5xl *:mx-auto flow-root\"\n\t>\n\t<h2\tdata-slug=\"sport-i-rekreacija\"\n\tclass=\"text-balance scroll-m-20 text-display-lg font-serif text-center text-black pt-48 sm:pt-64 pb-32 sm:pb-48\"\n>\n\t<strong>Sport i rekreacija<\/strong><\/h2><\/div>\n\n<div\n\tclass=\"scroll-my-24 overflow-x-clip block-inset-x *:max-w-5xl *:mx-auto flow-root\"\n\t>\n\t<p class=\"*:link:underline text-base text-center text-black pb-32 sm:pb-48\">\n\tSport je va\u017ean deo \u017eivota na\u0161ih zaposlenih, a mi kao kompanija \u017eelimo da ih podr\u017eimo u tome. Zaposlenima obezbe\u0111ujemo pla\u0107ene termine za ko\u0161arku, odbojku, fudbal i kuglanje, a mnogi od njih aktivno u\u010destvuju i posti\u017eu uspehe u biznis ligama.<br><br>Jedna od na\u0161ih najve\u0107ih sportskih zajednica su trka\u010di, koje tokom godine podr\u017eavamo u u\u010de\u0161\u0107u na razli\u010ditim trkama.<br><br>Pored toga, kompanija sufinansira FitPass kartice i \u010dlanarine u Ko\u010dovi\u0107 teretanama, kako bi kolege mogle da prona\u0111u sportsku aktivnost koja im najvi\u0161e odgovara.<\/p><\/div>\n\n<div\n\tclass=\"scroll-my-24 overflow-x-clip block-inset-x *:max-w-5xl *:mx-auto flow-root\"\n\t>\n\t<div class=\"flex flex-col gap-16 sm:gap-24 sm:grid *:col-end-[span_1]! sm:grid-cols-2 pt-24 sm:pt-32 pb-48 sm:pb-64\">\n\t\n<picture\n\t\t\t\t\tclass=\"flex flex-col h-auto w-full\"\n\t\t\t>\n\t\t<img\n\t\t\tsrc=\"https:\/\/jobs.a1.com\/wp-content\/uploads\/2025\/11\/Sportske-aktivnosti-kosarka.webp\"\n\t\t\talt=\"\"\n\t\t\tclass=\"w-full object-cover aspect-3-2 object-center\"\n\t\t\/>\n\t<\/picture>\n\n<picture\n\t\t\t\t\tclass=\"flex flex-col h-auto w-full\"\n\t\t\t>\n\t\t<img\n\t\t\tsrc=\"https:\/\/jobs.a1.com\/wp-content\/uploads\/2025\/11\/Business-run-scaled.webp\"\n\t\t\talt=\"\"\n\t\t\tclass=\"w-full object-cover aspect-3-2 object-center\"\n\t\t\/>\n\t<\/picture>\n<\/div><\/div>\n\n<div\n\tclass=\"scroll-my-24 overflow-x-clip block-inset-x *:max-w-5xl *:mx-auto flow-root\"\n\t>\n\t<div class=\"flex flex-col gap-16 sm:gap-24 sm:grid *:col-end-[span_1]! sm:grid-cols-2 pt-24 sm:pt-32 pb-48 sm:pb-64\">\n\t\n<picture\n\t\t\t\t\tclass=\"flex flex-col h-auto w-full\"\n\t\t\t>\n\t\t<img\n\t\t\tsrc=\"https:\/\/jobs.a1.com\/wp-content\/uploads\/2025\/12\/Aleksandar-Jovanovic-trka.webp\"\n\t\t\talt=\"\"\n\t\t\tclass=\"w-full object-cover aspect-3-2 object-center\"\n\t\t\/>\n\t<\/picture>\n\n<picture\n\t\t\t\t\tclass=\"flex flex-col h-auto w-full\"\n\t\t\t>\n\t\t<img\n\t\t\tsrc=\"https:\/\/jobs.a1.com\/wp-content\/uploads\/2025\/11\/54871287395_f2b207d15f_o-_2_-1-1.webp\"\n\t\t\talt=\"\"\n\t\t\tclass=\"w-full object-cover aspect-3-2 object-center\"\n\t\t\/>\n\t<\/picture>\n<\/div><\/div>\n\n<div\n\tclass=\"scroll-my-24 overflow-x-clip block-inset-x flow-root\"\n\t>\n\t<h2\tdata-slug=\"xn-budi-ono-to-jesi-ted\"\n\tclass=\"text-balance scroll-m-20 text-title text-center text-black pt-64 sm:pt-72 md:pt-80 pb-18 sm:pb-24\"\n>\n\tBudi ono \u0161to jesi.<\/h2><\/div>\n\n<div\n\tclass=\"scroll-my-24 overflow-x-clip block-inset-x flow-root\"\n\t>\n\t<p class=\"*:link:underline text-base text-center text-black pb-24 sm:pb-32\">\n\tNa\u0111i pravu poziciju za sebe.<\/p><\/div>\n\n<div\n\tclass=\"scroll-my-24 overflow-x-clip block-inset-x flow-root\"\n\t>\n\t<div\n\tclass=\"job-search flex flex-col sm:flex-row items-center justify-between gap-14 sm:gap-8 flex-wrap p-30 sm:p-8 rounded-4 sm:rounded-full sm:max-h-fit sm:max-w-6xl w-full mx-auto my-16 text-black bg-white\/75 backdrop-blur-xl shadow-around js-job-search\"\n\tdata-filter-data=\"{&quot;job-category&quot;:{&quot;cyber-security&quot;:&quot;Cyber Security&quot;,&quot;hr&quot;:&quot;HR&quot;,&quot;it&quot;:&quot;IT&quot;,&quot;internal-audit-legal&quot;:&quot;Internal Audit &amp; Legal&quot;,&quot;network-infrastructure&quot;:&quot;Network \\\/ Infrastructure&quot;,&quot;sales&quot;:&quot;Sales&quot;},&quot;management-level&quot;:{&quot;director&quot;:&quot;Director&quot;,&quot;individual-contributor&quot;:&quot;Individual Contributor&quot;,&quot;manager&quot;:&quot;Manager&quot;},&quot;location&quot;:{&quot;beograd&quot;:&quot;Beograd&quot;,&quot;%c4%8da%c4%8dak&quot;:&quot;\\u010ca\\u010dak&quot;},&quot;company&quot;:{&quot;a1-serbia&quot;:&quot;A1 Serbia&quot;}}\"\n\tdata-search-page-url=\"https:\/\/jobs.a1.com\/jobs\/?country=serbia\"\n\tdata-attributes=\"{&quot;jobSearchCountry&quot;:&quot;serbia&quot;,&quot;jobSearchCountryFieldUse&quot;:false,&quot;jobSearchCountries&quot;:[],&quot;jobSearchButtonContent&quot;:&quot;&quot;,&quot;jobSearchButtonIconName&quot;:&quot;chevronRight&quot;}\"\n>\n<\/div><\/div>\n\n<div\n\tclass=\"scroll-my-24 overflow-x-clip block-inset-x flow-root\"\n\t>\n\t<div\n\taria-hidden=\"true\"\n\tclass=\"h-64 sm:h-72 md:h-80\"\n>\n\t<\/div><\/div>","protected":false},"excerpt":{"rendered":"","protected":false},"author":3,"featured_media":0,"parent":3010,"menu_order":0,"comment_status":"closed","ping_status":"closed","template":"","meta":{"es_utils_meta_schema":"","footnotes":""},"departments":[],"class_list":["post-6141","page","type-page","status-publish","hentry"],"yoast_head":"<!-- This site is optimized with the Yoast SEO plugin v27.2 - https:\/\/yoast.com\/product\/yoast-seo-wordpress\/ -->\n<title>Sport I rekreacija - A1 Jobs<\/title>\n<meta name=\"robots\" content=\"index, follow, max-snippet:-1, max-image-preview:large, max-video-preview:-1\" \/>\n<link rel=\"canonical\" href=\"https:\/\/jobs.a1.com\/sr\/pogodnosti-u-a1\/sport-i-rekreacija\/\" \/>\n<meta property=\"og:locale\" content=\"sr_RS\" \/>\n<meta property=\"og:type\" content=\"article\" \/>\n<meta property=\"og:title\" content=\"Sport I rekreacija - A1 Jobs\" \/>\n<meta property=\"og:url\" content=\"https:\/\/jobs.a1.com\/sr\/pogodnosti-u-a1\/sport-i-rekreacija\/\" \/>\n<meta property=\"og:site_name\" content=\"A1 Jobs\" \/>\n<meta property=\"article:modified_time\" content=\"2025-12-19T10:58:39+00:00\" \/>\n<meta name=\"twitter:card\" content=\"summary_large_image\" \/>\n<script type=\"application\/ld+json\" class=\"yoast-schema-graph\">{\"@context\":\"https:\/\/schema.org\",\"@graph\":[{\"@type\":\"WebPage\",\"@id\":\"https:\/\/jobs.a1.com\/sr\/pogodnosti-u-a1\/sport-i-rekreacija\/\",\"url\":\"https:\/\/jobs.a1.com\/sr\/pogodnosti-u-a1\/sport-i-rekreacija\/\",\"name\":\"Sport I rekreacija - A1 Jobs\",\"isPartOf\":{\"@id\":\"https:\/\/jobs.a1.com\/#website\"},\"datePublished\":\"2025-12-18T07:39:33+00:00\",\"dateModified\":\"2025-12-19T10:58:39+00:00\",\"breadcrumb\":{\"@id\":\"https:\/\/jobs.a1.com\/sr\/pogodnosti-u-a1\/sport-i-rekreacija\/#breadcrumb\"},\"inLanguage\":\"sr-RS\",\"potentialAction\":[{\"@type\":\"ReadAction\",\"target\":[\"https:\/\/jobs.a1.com\/sr\/pogodnosti-u-a1\/sport-i-rekreacija\/\"]}]},{\"@type\":\"BreadcrumbList\",\"@id\":\"https:\/\/jobs.a1.com\/sr\/pogodnosti-u-a1\/sport-i-rekreacija\/#breadcrumb\",\"itemListElement\":[{\"@type\":\"ListItem\",\"position\":1,\"name\":\"Home\",\"item\":\"https:\/\/jobs.a1.com\/sr\/\"},{\"@type\":\"ListItem\",\"position\":2,\"name\":\"Pogodnosti u A1\",\"item\":\"https:\/\/jobs.a1.com\/sr\/pogodnosti-u-a1\/\"},{\"@type\":\"ListItem\",\"position\":3,\"name\":\"Sport I rekreacija\"}]},{\"@type\":\"WebSite\",\"@id\":\"https:\/\/jobs.a1.com\/#website\",\"url\":\"https:\/\/jobs.a1.com\/\",\"name\":\"A1 Jobs\",\"description\":\"\",\"publisher\":{\"@id\":\"https:\/\/jobs.a1.com\/#organization\"},\"potentialAction\":[{\"@type\":\"SearchAction\",\"target\":{\"@type\":\"EntryPoint\",\"urlTemplate\":\"https:\/\/jobs.a1.com\/?s={search_term_string}\"},\"query-input\":{\"@type\":\"PropertyValueSpecification\",\"valueRequired\":true,\"valueName\":\"search_term_string\"}}],\"inLanguage\":\"sr-RS\"},{\"@type\":\"Organization\",\"@id\":\"https:\/\/jobs.a1.com\/#organization\",\"name\":\"A1 Jobs\",\"url\":\"https:\/\/jobs.a1.com\/\",\"logo\":{\"@type\":\"ImageObject\",\"inLanguage\":\"sr-RS\",\"@id\":\"https:\/\/jobs.a1.com\/#\/schema\/logo\/image\/\",\"url\":\"https:\/\/jobs.a1.com\/wp-content\/uploads\/2025\/10\/A1_Logo_Std_Red_Pos_3_L-copy.webp\",\"contentUrl\":\"https:\/\/jobs.a1.com\/wp-content\/uploads\/2025\/10\/A1_Logo_Std_Red_Pos_3_L-copy.webp\",\"width\":934,\"height\":967,\"caption\":\"A1 Jobs\"},\"image\":{\"@id\":\"https:\/\/jobs.a1.com\/#\/schema\/logo\/image\/\"}}]}<\/script>\n<!-- \/ Yoast SEO plugin. -->","yoast_head_json":{"title":"Sport I rekreacija - A1 Jobs","robots":{"index":"index","follow":"follow","max-snippet":"max-snippet:-1","max-image-preview":"max-image-preview:large","max-video-preview":"max-video-preview:-1"},"canonical":"https:\/\/jobs.a1.com\/sr\/pogodnosti-u-a1\/sport-i-rekreacija\/","og_locale":"sr_RS","og_type":"article","og_title":"Sport I rekreacija - A1 Jobs","og_url":"https:\/\/jobs.a1.com\/sr\/pogodnosti-u-a1\/sport-i-rekreacija\/","og_site_name":"A1 Jobs","article_modified_time":"2025-12-19T10:58:39+00:00","twitter_card":"summary_large_image","schema":{"@context":"https:\/\/schema.org","@graph":[{"@type":"WebPage","@id":"https:\/\/jobs.a1.com\/sr\/pogodnosti-u-a1\/sport-i-rekreacija\/","url":"https:\/\/jobs.a1.com\/sr\/pogodnosti-u-a1\/sport-i-rekreacija\/","name":"Sport I rekreacija - A1 Jobs","isPartOf":{"@id":"https:\/\/jobs.a1.com\/#website"},"datePublished":"2025-12-18T07:39:33+00:00","dateModified":"2025-12-19T10:58:39+00:00","breadcrumb":{"@id":"https:\/\/jobs.a1.com\/sr\/pogodnosti-u-a1\/sport-i-rekreacija\/#breadcrumb"},"inLanguage":"sr-RS","potentialAction":[{"@type":"ReadAction","target":["https:\/\/jobs.a1.com\/sr\/pogodnosti-u-a1\/sport-i-rekreacija\/"]}]},{"@type":"BreadcrumbList","@id":"https:\/\/jobs.a1.com\/sr\/pogodnosti-u-a1\/sport-i-rekreacija\/#breadcrumb","itemListElement":[{"@type":"ListItem","position":1,"name":"Home","item":"https:\/\/jobs.a1.com\/sr\/"},{"@type":"ListItem","position":2,"name":"Pogodnosti u A1","item":"https:\/\/jobs.a1.com\/sr\/pogodnosti-u-a1\/"},{"@type":"ListItem","position":3,"name":"Sport I rekreacija"}]},{"@type":"WebSite","@id":"https:\/\/jobs.a1.com\/#website","url":"https:\/\/jobs.a1.com\/","name":"A1 Jobs","description":"","publisher":{"@id":"https:\/\/jobs.a1.com\/#organization"},"potentialAction":[{"@type":"SearchAction","target":{"@type":"EntryPoint","urlTemplate":"https:\/\/jobs.a1.com\/?s={search_term_string}"},"query-input":{"@type":"PropertyValueSpecification","valueRequired":true,"valueName":"search_term_string"}}],"inLanguage":"sr-RS"},{"@type":"Organization","@id":"https:\/\/jobs.a1.com\/#organization","name":"A1 Jobs","url":"https:\/\/jobs.a1.com\/","logo":{"@type":"ImageObject","inLanguage":"sr-RS","@id":"https:\/\/jobs.a1.com\/#\/schema\/logo\/image\/","url":"https:\/\/jobs.a1.com\/wp-content\/uploads\/2025\/10\/A1_Logo_Std_Red_Pos_3_L-copy.webp","contentUrl":"https:\/\/jobs.a1.com\/wp-content\/uploads\/2025\/10\/A1_Logo_Std_Red_Pos_3_L-copy.webp","width":934,"height":967,"caption":"A1 Jobs"},"image":{"@id":"https:\/\/jobs.a1.com\/#\/schema\/logo\/image\/"}}]}},"_links":{"self":[{"href":"https:\/\/jobs.a1.com\/sr\/wp-json\/wp\/v2\/pages\/6141","targetHints":{"allow":["GET"]}}],"collection":[{"href":"https:\/\/jobs.a1.com\/sr\/wp-json\/wp\/v2\/pages"}],"about":[{"href":"https:\/\/jobs.a1.com\/sr\/wp-json\/wp\/v2\/types\/page"}],"author":[{"embeddable":true,"href":"https:\/\/jobs.a1.com\/sr\/wp-json\/wp\/v2\/users\/3"}],"replies":[{"embeddable":true,"href":"https:\/\/jobs.a1.com\/sr\/wp-json\/wp\/v2\/comments?post=6141"}],"version-history":[{"count":7,"href":"https:\/\/jobs.a1.com\/sr\/wp-json\/wp\/v2\/pages\/6141\/revisions"}],"predecessor-version":[{"id":6160,"href":"https:\/\/jobs.a1.com\/sr\/wp-json\/wp\/v2\/pages\/6141\/revisions\/6160"}],"up":[{"embeddable":true,"href":"https:\/\/jobs.a1.com\/sr\/wp-json\/wp\/v2\/pages\/3010"}],"wp:attachment":[{"href":"https:\/\/jobs.a1.com\/sr\/wp-json\/wp\/v2\/media?parent=6141"}],"wp:term":[{"taxonomy":"department","embeddable":true,"href":"https:\/\/jobs.a1.com\/sr\/wp-json\/wp\/v2\/departments?post=6141"}],"curies":[{"name":"wp","href":"https:\/\/api.w.org\/{rel}","templated":true}]}}