{"id":6147,"date":"2025-12-18T08:48:54","date_gmt":"2025-12-18T07:48:54","guid":{"rendered":"https:\/\/jobs.a1.com\/?page_id=6147"},"modified":"2025-12-19T09:32:33","modified_gmt":"2025-12-19T08:32:33","slug":"oseti-a1-atmosferu","status":"publish","type":"page","link":"https:\/\/jobs.a1.com\/sr\/pogodnosti-u-a1\/oseti-a1-atmosferu\/","title":{"rendered":"Oseti A1 atmosferu"},"content":{"rendered":"<div\n\tclass=\"scroll-my-24 overflow-x-clip flow-root\"\n\t>\n\t<div class=\"grid grid-rows-1 grid-cols-1 gap-8 h-[90vh]\">\n\t<picture\n\t\t\t\t\tclass=\"row-start-1 row-span-1 col-start-1 col-span-1\"\n\t\t\t>\n\t\t<img\n\t\t\tsrc=\"https:\/\/jobs.a1.com\/wp-content\/uploads\/2025\/11\/Timska-druzenja-scaled.webp\"\n\t\t\talt=\"\"\n\t\t\tclass=\"w-full object-cover aspect-video object-top size-full object-cover\"\n\t\t\/>\n\t<\/picture>\n\t<div class=\"row-start-1 row-span-1 col-start-1 col-span-1 flex flex-col justify-end block-inset-x overflow-x-clip py-24 sm:py-60\">\n\t\t<div\n\tclass=\"job-search flex flex-col sm:flex-row items-center justify-between gap-14 sm:gap-8 flex-wrap p-30 sm:p-8 rounded-4 sm:rounded-full sm:max-h-fit sm:max-w-6xl w-full mx-auto my-16 text-black bg-white\/75 backdrop-blur-xl shadow-around js-job-search\"\n\tdata-filter-data=\"{&quot;job-category&quot;:{&quot;cyber-security&quot;:&quot;Cyber Security&quot;,&quot;hr&quot;:&quot;HR&quot;,&quot;it&quot;:&quot;IT&quot;,&quot;internal-audit-legal&quot;:&quot;Internal Audit &amp; Legal&quot;,&quot;network-infrastructure&quot;:&quot;Network \\\/ Infrastructure&quot;,&quot;sales&quot;:&quot;Sales&quot;},&quot;management-level&quot;:{&quot;director&quot;:&quot;Director&quot;,&quot;individual-contributor&quot;:&quot;Individual Contributor&quot;,&quot;manager&quot;:&quot;Manager&quot;},&quot;location&quot;:{&quot;beograd&quot;:&quot;Beograd&quot;,&quot;%c4%8da%c4%8dak&quot;:&quot;\\u010ca\\u010dak&quot;},&quot;company&quot;:{&quot;a1-serbia&quot;:&quot;A1 Serbia&quot;}}\"\n\tdata-search-page-url=\"https:\/\/jobs.a1.com\/jobs\/?country=serbia\"\n\tdata-attributes=\"{&quot;jobSearchCountry&quot;:&quot;serbia&quot;,&quot;jobSearchCountryFieldUse&quot;:false,&quot;jobSearchCountries&quot;:[],&quot;jobSearchButtonContent&quot;:&quot;&quot;,&quot;jobSearchButtonIconName&quot;:&quot;chevronRight&quot;}\"\n>\n<\/div>\t<\/div>\n<\/div><\/div>\n\n<div\n\tclass=\"scroll-my-24 overflow-x-clip block-inset-x *:max-w-5xl *:mx-auto flow-root\"\n\t>\n\t<h2\tdata-slug=\"oseti-a1-atmosferu\"\n\tclass=\"text-balance scroll-m-20 text-display-lg font-serif text-center text-black pt-48 sm:pt-64 pb-32 sm:pb-48\"\n>\n\t<strong>Oseti A1 atmosferu<\/strong><\/h2><\/div>\n\n<div\n\tclass=\"scroll-my-24 overflow-x-clip block-inset-x *:max-w-5xl *:mx-auto flow-root\"\n\t>\n\t<p class=\"*:link:underline text-base text-center text-black pb-32 sm:pb-48\">\n\tKod nas posao ne zna\u010di samo zadatke i rokove \u2013 ve\u0107 i ljude s kojima deli\u0161 dan, smeh i kafu. Verujemo da se najbolji timovi grade i van sastanaka, zato negujemo kulturu povezivanja i neformalnog dru\u017eenja.<br><br>Jedna od omiljenih tradicija u A1 je Chill Chatvrtak \u2013 svakog poslednjeg \u010detvrtka u mesecu pravimo pauzu od svakodnevice i okupljamo se uz kafu, krofne, sladoled ili zdrave napitke i grickalice. To je prilika da u opu\u0161tenoj atmosferi bolje upozna\u0161 kolege, razmeni\u0161 ideje, i oseti\u0161 timski duh koji nas pokre\u0107e.<\/p><\/div>\n\n<div\n\tclass=\"scroll-my-24 overflow-x-clip block-inset-x *:max-w-5xl *:mx-auto flow-root\"\n\t>\n\t<picture\n\t\t\t\t\tclass=\"flex flex-col h-auto w-full pb-64 sm:pb-72 md:pb-80\"\n\t\t\t>\n\t\t<img\n\t\t\tsrc=\"https:\/\/jobs.a1.com\/wp-content\/uploads\/2025\/11\/Atmosfera-Chill-Chatvrtak-scaled.webp\"\n\t\t\talt=\"\"\n\t\t\tclass=\"w-full object-cover object-center\"\n\t\t\/>\n\t<\/picture><\/div>\n\n<div\n\tclass=\"scroll-my-24 overflow-x-clip block-inset-x *:max-w-5xl *:mx-auto flow-root\"\n\t>\n\t<div class=\"flex flex-col gap-16 sm:gap-24 sm:grid *:col-end-[span_1]! sm:grid-cols-2 pb-64 sm:pb-72 md:pb-80\">\n\t\n<picture\n\t\t\t\t\tclass=\"flex flex-col h-auto w-full\"\n\t\t\t>\n\t\t<img\n\t\t\tsrc=\"https:\/\/jobs.a1.com\/wp-content\/uploads\/2025\/11\/Chill-Chatvrtak.webp\"\n\t\t\talt=\"\"\n\t\t\tclass=\"w-full object-cover object-center\"\n\t\t\/>\n\t<\/picture>\n\n<picture\n\t\t\t\t\tclass=\"flex flex-col h-auto w-full\"\n\t\t\t>\n\t\t<img\n\t\t\tsrc=\"https:\/\/jobs.a1.com\/wp-content\/uploads\/2025\/11\/A1-market-scaled.webp\"\n\t\t\talt=\"\"\n\t\t\tclass=\"w-full object-cover object-center\"\n\t\t\/>\n\t<\/picture>\n<\/div><\/div>\n\n<div\n\tclass=\"scroll-my-24 overflow-x-clip block-inset-x *:max-w-5xl *:mx-auto flow-root\"\n\t>\n\t<p class=\"*:link:underline text-base text-start text-black pt-48 sm:pt-64 pb-32 sm:pb-48\">\n\tPored svakodnevne saradnje i timskog rada, va\u017eno nam je i da zajedno proslavimo uspehe, prelomimo stres i jednostavno se \u2013 zabavimo. Zato s vremena na vreme organizujemo <strong>\u017eurke i tematska dru\u017eenja<\/strong> gde se timovi okupljaju van kancelarijskog okru\u017eenja. Bilo da je u pitanju letnji party, novogodi\u0161nji market ili spontano ve\u010de uz muziku i dobar provod, ove prilike koristimo da se pove\u017eemo jo\u0161 bolje, nasmejemo i stvorimo uspomene koje se prepri\u010davaju jo\u0161 dugo. Jer dobar tim ne deli samo zadatke \u2013 ve\u0107 i plesni podijum.<\/p><\/div>\n\n<div\n\tclass=\"scroll-my-24 overflow-x-clip block-inset-x *:max-w-5xl *:mx-auto flow-root\"\n\t>\n\t<picture\n\t\t\t\t\tclass=\"flex flex-col h-auto w-full pb-64 sm:pb-72 md:pb-80\"\n\t\t\t>\n\t\t<img\n\t\t\tsrc=\"https:\/\/jobs.a1.com\/wp-content\/uploads\/2025\/11\/A1_kampzurka_0058-scaled.webp\"\n\t\t\talt=\"\"\n\t\t\tclass=\"w-full object-cover object-center\"\n\t\t\/>\n\t<\/picture><\/div>\n\n<div\n\tclass=\"scroll-my-24 overflow-x-clip block-inset-x *:max-w-5xl *:mx-auto flow-root\"\n\t>\n\t<div class=\"flex flex-col gap-16 sm:gap-24 sm:grid *:col-end-[span_1]! sm:grid-cols-2 pb-64 sm:pb-72 md:pb-80\">\n\t\n<picture\n\t\t\t\t\tclass=\"flex flex-col h-auto w-full\"\n\t\t\t>\n\t\t<img\n\t\t\tsrc=\"https:\/\/jobs.a1.com\/wp-content\/uploads\/2025\/11\/A1_zurka_0785-scaled.webp\"\n\t\t\talt=\"\"\n\t\t\tclass=\"w-full object-cover object-center\"\n\t\t\/>\n\t<\/picture>\n\n<picture\n\t\t\t\t\tclass=\"flex flex-col h-auto w-full\"\n\t\t\t>\n\t\t<img\n\t\t\tsrc=\"https:\/\/jobs.a1.com\/wp-content\/uploads\/2025\/12\/Benefit-landing-cover-scaled.webp\"\n\t\t\talt=\"\"\n\t\t\tclass=\"w-full object-cover object-center\"\n\t\t\/>\n\t<\/picture>\n<\/div><\/div>\n\n<div\n\tclass=\"scroll-my-24 overflow-x-clip block-inset-x flow-root\"\n\t>\n\t<h2\tdata-slug=\"xn-budi-ono-to-jesi-ted\"\n\tclass=\"text-balance scroll-m-20 text-title text-center text-black pt-64 sm:pt-72 md:pt-80 pb-18 sm:pb-24\"\n>\n\tBudi ono \u0161to jesi.<\/h2><\/div>\n\n<div\n\tclass=\"scroll-my-24 overflow-x-clip block-inset-x flow-root\"\n\t>\n\t<p class=\"*:link:underline text-base text-center text-black pb-24 sm:pb-32\">\n\tNa\u0111i pravu poziciju za sebe.<\/p><\/div>\n\n<div\n\tclass=\"scroll-my-24 overflow-x-clip block-inset-x flow-root\"\n\t>\n\t<div\n\tclass=\"job-search flex flex-col sm:flex-row items-center justify-between gap-14 sm:gap-8 flex-wrap p-30 sm:p-8 rounded-4 sm:rounded-full sm:max-h-fit sm:max-w-6xl w-full mx-auto my-16 text-black bg-white\/75 backdrop-blur-xl shadow-around js-job-search\"\n\tdata-filter-data=\"{&quot;job-category&quot;:{&quot;cyber-security&quot;:&quot;Cyber Security&quot;,&quot;hr&quot;:&quot;HR&quot;,&quot;it&quot;:&quot;IT&quot;,&quot;internal-audit-legal&quot;:&quot;Internal Audit &amp; Legal&quot;,&quot;network-infrastructure&quot;:&quot;Network \\\/ Infrastructure&quot;,&quot;sales&quot;:&quot;Sales&quot;},&quot;management-level&quot;:{&quot;director&quot;:&quot;Director&quot;,&quot;individual-contributor&quot;:&quot;Individual Contributor&quot;,&quot;manager&quot;:&quot;Manager&quot;},&quot;location&quot;:{&quot;beograd&quot;:&quot;Beograd&quot;,&quot;%c4%8da%c4%8dak&quot;:&quot;\\u010ca\\u010dak&quot;},&quot;company&quot;:{&quot;a1-serbia&quot;:&quot;A1 Serbia&quot;}}\"\n\tdata-search-page-url=\"https:\/\/jobs.a1.com\/jobs\/?country=serbia\"\n\tdata-attributes=\"{&quot;jobSearchCountry&quot;:&quot;serbia&quot;,&quot;jobSearchCountryFieldUse&quot;:false,&quot;jobSearchCountries&quot;:[],&quot;jobSearchButtonContent&quot;:&quot;&quot;,&quot;jobSearchButtonIconName&quot;:&quot;chevronRight&quot;}\"\n>\n<\/div><\/div>\n\n<div\n\tclass=\"scroll-my-24 overflow-x-clip block-inset-x flow-root\"\n\t>\n\t<div\n\taria-hidden=\"true\"\n\tclass=\"h-64 sm:h-72 md:h-80\"\n>\n\t<\/div><\/div>","protected":false},"excerpt":{"rendered":"","protected":false},"author":3,"featured_media":0,"parent":3010,"menu_order":0,"comment_status":"closed","ping_status":"closed","template":"","meta":{"es_utils_meta_schema":"","footnotes":""},"departments":[],"class_list":["post-6147","page","type-page","status-publish","hentry"],"yoast_head":"<!-- This site is optimized with the Yoast SEO plugin v27.2 - https:\/\/yoast.com\/product\/yoast-seo-wordpress\/ -->\n<title>Oseti A1 atmosferu - A1 Jobs<\/title>\n<meta name=\"robots\" content=\"index, follow, max-snippet:-1, max-image-preview:large, max-video-preview:-1\" \/>\n<link rel=\"canonical\" href=\"https:\/\/jobs.a1.com\/sr\/pogodnosti-u-a1\/oseti-a1-atmosferu\/\" \/>\n<meta property=\"og:locale\" content=\"sr_RS\" \/>\n<meta property=\"og:type\" content=\"article\" \/>\n<meta property=\"og:title\" content=\"Oseti A1 atmosferu - A1 Jobs\" \/>\n<meta property=\"og:url\" content=\"https:\/\/jobs.a1.com\/sr\/pogodnosti-u-a1\/oseti-a1-atmosferu\/\" \/>\n<meta property=\"og:site_name\" content=\"A1 Jobs\" \/>\n<meta property=\"article:modified_time\" content=\"2025-12-19T08:32:33+00:00\" \/>\n<meta name=\"twitter:card\" content=\"summary_large_image\" \/>\n<script type=\"application\/ld+json\" class=\"yoast-schema-graph\">{\"@context\":\"https:\/\/schema.org\",\"@graph\":[{\"@type\":\"WebPage\",\"@id\":\"https:\/\/jobs.a1.com\/sr\/pogodnosti-u-a1\/oseti-a1-atmosferu\/\",\"url\":\"https:\/\/jobs.a1.com\/sr\/pogodnosti-u-a1\/oseti-a1-atmosferu\/\",\"name\":\"Oseti A1 atmosferu - A1 Jobs\",\"isPartOf\":{\"@id\":\"https:\/\/jobs.a1.com\/#website\"},\"datePublished\":\"2025-12-18T07:48:54+00:00\",\"dateModified\":\"2025-12-19T08:32:33+00:00\",\"breadcrumb\":{\"@id\":\"https:\/\/jobs.a1.com\/sr\/pogodnosti-u-a1\/oseti-a1-atmosferu\/#breadcrumb\"},\"inLanguage\":\"sr-RS\",\"potentialAction\":[{\"@type\":\"ReadAction\",\"target\":[\"https:\/\/jobs.a1.com\/sr\/pogodnosti-u-a1\/oseti-a1-atmosferu\/\"]}]},{\"@type\":\"BreadcrumbList\",\"@id\":\"https:\/\/jobs.a1.com\/sr\/pogodnosti-u-a1\/oseti-a1-atmosferu\/#breadcrumb\",\"itemListElement\":[{\"@type\":\"ListItem\",\"position\":1,\"name\":\"Home\",\"item\":\"https:\/\/jobs.a1.com\/sr\/\"},{\"@type\":\"ListItem\",\"position\":2,\"name\":\"Pogodnosti u A1\",\"item\":\"https:\/\/jobs.a1.com\/sr\/pogodnosti-u-a1\/\"},{\"@type\":\"ListItem\",\"position\":3,\"name\":\"Oseti A1 atmosferu\"}]},{\"@type\":\"WebSite\",\"@id\":\"https:\/\/jobs.a1.com\/#website\",\"url\":\"https:\/\/jobs.a1.com\/\",\"name\":\"A1 Jobs\",\"description\":\"\",\"publisher\":{\"@id\":\"https:\/\/jobs.a1.com\/#organization\"},\"potentialAction\":[{\"@type\":\"SearchAction\",\"target\":{\"@type\":\"EntryPoint\",\"urlTemplate\":\"https:\/\/jobs.a1.com\/?s={search_term_string}\"},\"query-input\":{\"@type\":\"PropertyValueSpecification\",\"valueRequired\":true,\"valueName\":\"search_term_string\"}}],\"inLanguage\":\"sr-RS\"},{\"@type\":\"Organization\",\"@id\":\"https:\/\/jobs.a1.com\/#organization\",\"name\":\"A1 Jobs\",\"url\":\"https:\/\/jobs.a1.com\/\",\"logo\":{\"@type\":\"ImageObject\",\"inLanguage\":\"sr-RS\",\"@id\":\"https:\/\/jobs.a1.com\/#\/schema\/logo\/image\/\",\"url\":\"https:\/\/jobs.a1.com\/wp-content\/uploads\/2025\/10\/A1_Logo_Std_Red_Pos_3_L-copy.webp\",\"contentUrl\":\"https:\/\/jobs.a1.com\/wp-content\/uploads\/2025\/10\/A1_Logo_Std_Red_Pos_3_L-copy.webp\",\"width\":934,\"height\":967,\"caption\":\"A1 Jobs\"},\"image\":{\"@id\":\"https:\/\/jobs.a1.com\/#\/schema\/logo\/image\/\"}}]}<\/script>\n<!-- \/ Yoast SEO plugin. -->","yoast_head_json":{"title":"Oseti A1 atmosferu - A1 Jobs","robots":{"index":"index","follow":"follow","max-snippet":"max-snippet:-1","max-image-preview":"max-image-preview:large","max-video-preview":"max-video-preview:-1"},"canonical":"https:\/\/jobs.a1.com\/sr\/pogodnosti-u-a1\/oseti-a1-atmosferu\/","og_locale":"sr_RS","og_type":"article","og_title":"Oseti A1 atmosferu - A1 Jobs","og_url":"https:\/\/jobs.a1.com\/sr\/pogodnosti-u-a1\/oseti-a1-atmosferu\/","og_site_name":"A1 Jobs","article_modified_time":"2025-12-19T08:32:33+00:00","twitter_card":"summary_large_image","schema":{"@context":"https:\/\/schema.org","@graph":[{"@type":"WebPage","@id":"https:\/\/jobs.a1.com\/sr\/pogodnosti-u-a1\/oseti-a1-atmosferu\/","url":"https:\/\/jobs.a1.com\/sr\/pogodnosti-u-a1\/oseti-a1-atmosferu\/","name":"Oseti A1 atmosferu - A1 Jobs","isPartOf":{"@id":"https:\/\/jobs.a1.com\/#website"},"datePublished":"2025-12-18T07:48:54+00:00","dateModified":"2025-12-19T08:32:33+00:00","breadcrumb":{"@id":"https:\/\/jobs.a1.com\/sr\/pogodnosti-u-a1\/oseti-a1-atmosferu\/#breadcrumb"},"inLanguage":"sr-RS","potentialAction":[{"@type":"ReadAction","target":["https:\/\/jobs.a1.com\/sr\/pogodnosti-u-a1\/oseti-a1-atmosferu\/"]}]},{"@type":"BreadcrumbList","@id":"https:\/\/jobs.a1.com\/sr\/pogodnosti-u-a1\/oseti-a1-atmosferu\/#breadcrumb","itemListElement":[{"@type":"ListItem","position":1,"name":"Home","item":"https:\/\/jobs.a1.com\/sr\/"},{"@type":"ListItem","position":2,"name":"Pogodnosti u A1","item":"https:\/\/jobs.a1.com\/sr\/pogodnosti-u-a1\/"},{"@type":"ListItem","position":3,"name":"Oseti A1 atmosferu"}]},{"@type":"WebSite","@id":"https:\/\/jobs.a1.com\/#website","url":"https:\/\/jobs.a1.com\/","name":"A1 Jobs","description":"","publisher":{"@id":"https:\/\/jobs.a1.com\/#organization"},"potentialAction":[{"@type":"SearchAction","target":{"@type":"EntryPoint","urlTemplate":"https:\/\/jobs.a1.com\/?s={search_term_string}"},"query-input":{"@type":"PropertyValueSpecification","valueRequired":true,"valueName":"search_term_string"}}],"inLanguage":"sr-RS"},{"@type":"Organization","@id":"https:\/\/jobs.a1.com\/#organization","name":"A1 Jobs","url":"https:\/\/jobs.a1.com\/","logo":{"@type":"ImageObject","inLanguage":"sr-RS","@id":"https:\/\/jobs.a1.com\/#\/schema\/logo\/image\/","url":"https:\/\/jobs.a1.com\/wp-content\/uploads\/2025\/10\/A1_Logo_Std_Red_Pos_3_L-copy.webp","contentUrl":"https:\/\/jobs.a1.com\/wp-content\/uploads\/2025\/10\/A1_Logo_Std_Red_Pos_3_L-copy.webp","width":934,"height":967,"caption":"A1 Jobs"},"image":{"@id":"https:\/\/jobs.a1.com\/#\/schema\/logo\/image\/"}}]}},"_links":{"self":[{"href":"https:\/\/jobs.a1.com\/sr\/wp-json\/wp\/v2\/pages\/6147","targetHints":{"allow":["GET"]}}],"collection":[{"href":"https:\/\/jobs.a1.com\/sr\/wp-json\/wp\/v2\/pages"}],"about":[{"href":"https:\/\/jobs.a1.com\/sr\/wp-json\/wp\/v2\/types\/page"}],"author":[{"embeddable":true,"href":"https:\/\/jobs.a1.com\/sr\/wp-json\/wp\/v2\/users\/3"}],"replies":[{"embeddable":true,"href":"https:\/\/jobs.a1.com\/sr\/wp-json\/wp\/v2\/comments?post=6147"}],"version-history":[{"count":6,"href":"https:\/\/jobs.a1.com\/sr\/wp-json\/wp\/v2\/pages\/6147\/revisions"}],"predecessor-version":[{"id":6154,"href":"https:\/\/jobs.a1.com\/sr\/wp-json\/wp\/v2\/pages\/6147\/revisions\/6154"}],"up":[{"embeddable":true,"href":"https:\/\/jobs.a1.com\/sr\/wp-json\/wp\/v2\/pages\/3010"}],"wp:attachment":[{"href":"https:\/\/jobs.a1.com\/sr\/wp-json\/wp\/v2\/media?parent=6147"}],"wp:term":[{"taxonomy":"department","embeddable":true,"href":"https:\/\/jobs.a1.com\/sr\/wp-json\/wp\/v2\/departments?post=6147"}],"curies":[{"name":"wp","href":"https:\/\/api.w.org\/{rel}","templated":true}]}}